{"id":1029,"date":"2024-11-06T02:46:48","date_gmt":"2024-11-06T01:46:48","guid":{"rendered":"https:\/\/www.happydog-club.com\/?post_type=product&#038;p=1029"},"modified":"2026-05-17T00:00:14","modified_gmt":"2026-05-16T22:00:14","slug":"schesir-za-mace-sunka-400g","status":"publish","type":"product","link":"https:\/\/www.happydog-club.com\/en\/p\/schesir-za-mace-sunka-400g\/","title":{"rendered":"SCHESIR ZA MACE &#8211; \u0160UNKA 400G"},"content":{"rendered":"<p class=\"hdopro\">SCHESIR ADULT MAINTENANCE HAM je deo Schesir suve linije hrane za ma\u010dke koja je pripremljena sa potpuno prirodnim sastojcima ( bez aditiva ili dodatne obrade kako bi bila prilago\u0111ena za ishranu ljubimaca ) sa dodatkom vitamina I minerala koji zadovoljavaju sve nutritivne potrebe ma\u010daka u razli\u010ditim starosnim dobima I razli\u010ditog zdravstvenog stanja.<br \/>\nSvaki proizvod iz ove linije ima nekoliko zajedni\u010dkih komponenti:<br \/>\n-Jedan izvor proteina koji je pogodan za sve ma\u010dke<br \/>\n-Bez konzervanasa I ve\u0161ta\u010dkih boja<br \/>\n-Sadr\u017ee probiotike koji omogu\u0107avaju adekvatnu apsorpciju nutritivnih elemenata I kontorolu mirisa<br \/>\n-Proteini u hrani su lako svarljivi<\/p>\n<p class=\"hdopro\"><strong>SASTAV:<\/strong><br \/>\n26% dehidridano svinjsko meso od \u010dega je 8% \u0161unka, 19% pirina\u010d, 19% je\u010dam, pro\u010di\u0161\u0107ena \u017eivotinjska mast, proteini iz krompira, kukuruzni gluten, pulpa repe, 1% pivski kvasac, 1% laneno ulje, 1% bra\u0161no gra\u0161ka, 1% fruktooligosaharidi ( FOS ), 1% pulpa cikorije, 1% ulje suncokreta, sodium pirofosfat, kalijum hlorid, 0,1% Mohave juka, 0,03% su\u0161ene aromati\u010dne biljke (gro\u017e\u0111e, citrusi, karanfili\u0107, kurkuma, ruzmarin ) Vitamin A 31000 I.UVitamin D3 1600 I.UVitamin B6 10mgVitamin B12 0,08mgFoli\u010dna kiselina 1mgBiotin 0,28mgVitamin E 370mgVitamin C 200mgTaurin 2,500mgGvo\u017e\u0111e sulfat monohidrat 715mg ( Fe 215mg )Bakar sulfat pentahidrat 44mg ( Cu 11mg )Mangan sulfat monohidrat 129mg ( Mn 40mg )Cink sulfat monohidrat 415mg ( Zn 145mg )Jod kalcijum anhidros 2,5mg ( I 1,57mg )Natrijum selenit 0,93mg ( Se 0,42mg )<\/p>\n<p class=\"hdopro\"><strong>ANALITI\u010cKI SASTAV:<\/strong><br \/>\nSirovi proteini 33,5%Sirova ulja i masti 17%Sirova vlakna 2,2%Sirovi pepeo 6%Kalcijum 0,9%Fosfor 0,8%Magnezijum 0,08%Natrijum 0,4%Kalijum 0,6%Vlaga 10%Omega 6 2,2%Omega 3 0,3%3800 kcal\/kg<\/p>","protected":false},"excerpt":{"rendered":"<p>SCHESIR ADULT MAINTENANCE HAM je deo Schesir suve linije hrane za ma\u010dke koja je pripremljena sa potpuno prirodnim sastojcima ( bez aditiva ili dodatne obrade kako bi bila prilago\u0111ena za ishranu ljubimaca ) sa dodatkom vitamina I minerala koji zadovoljavaju sve nutritivne potrebe ma\u010daka u razli\u010ditim starosnim dobima I razli\u010ditog zdravstvenog stanja. Svaki proizvod iz [&hellip;]<\/p>\n","protected":false},"featured_media":16591,"comment_status":"open","ping_status":"closed","template":"","meta":{"_acf_changed":false},"product_brand":[],"product_cat":[38,37],"product_tag":[],"class_list":{"0":"post-1029","1":"product","2":"type-product","3":"status-publish","4":"has-post-thumbnail","6":"product_cat-granule-za-macke","7":"product_cat-hrana-za-macke","9":"first","10":"instock","11":"purchasable","12":"product-type-simple"},"acf":[],"seolaxy_ctr_woo_product_custom_meta_description_content":"","_links":{"self":[{"href":"https:\/\/www.happydog-club.com\/en\/wp-json\/wp\/v2\/product\/1029","targetHints":{"allow":["GET"]}}],"collection":[{"href":"https:\/\/www.happydog-club.com\/en\/wp-json\/wp\/v2\/product"}],"about":[{"href":"https:\/\/www.happydog-club.com\/en\/wp-json\/wp\/v2\/types\/product"}],"replies":[{"embeddable":true,"href":"https:\/\/www.happydog-club.com\/en\/wp-json\/wp\/v2\/comments?post=1029"}],"version-history":[{"count":1,"href":"https:\/\/www.happydog-club.com\/en\/wp-json\/wp\/v2\/product\/1029\/revisions"}],"predecessor-version":[{"id":19928,"href":"https:\/\/www.happydog-club.com\/en\/wp-json\/wp\/v2\/product\/1029\/revisions\/19928"}],"wp:featuredmedia":[{"embeddable":true,"href":"https:\/\/www.happydog-club.com\/en\/wp-json\/wp\/v2\/media\/16591"}],"wp:attachment":[{"href":"https:\/\/www.happydog-club.com\/en\/wp-json\/wp\/v2\/media?parent=1029"}],"wp:term":[{"taxonomy":"product_brand","embeddable":true,"href":"https:\/\/www.happydog-club.com\/en\/wp-json\/wp\/v2\/product_brand?post=1029"},{"taxonomy":"product_cat","embeddable":true,"href":"https:\/\/www.happydog-club.com\/en\/wp-json\/wp\/v2\/product_cat?post=1029"},{"taxonomy":"product_tag","embeddable":true,"href":"https:\/\/www.happydog-club.com\/en\/wp-json\/wp\/v2\/product_tag?post=1029"}],"curies":[{"name":"wp","href":"https:\/\/api.w.org\/{rel}","templated":true}]}}