{"id":1046,"date":"2024-11-06T02:46:48","date_gmt":"2024-11-06T01:46:48","guid":{"rendered":"https:\/\/www.happydog-club.com\/?post_type=product&#038;p=1046"},"modified":"2026-05-17T00:00:12","modified_gmt":"2026-05-16T22:00:12","slug":"platinum-adult-govedina-i-krompir-hrana-za-pse-1-5kg","status":"publish","type":"product","link":"https:\/\/www.happydog-club.com\/en\/p\/platinum-adult-govedina-i-krompir-hrana-za-pse-1-5kg\/","title":{"rendered":"PLATINUM ADULT GOVEDINA I KROMPIR &#8211; HRANA ZA PSE 1.5KG"},"content":{"rendered":"<p class=\"hdopro\">PLATINUM je so\u010dna suva hrana. To je zato \u0161to se za 1kg Platinum so\u010dne hrane upotrebi 1,27kg sve\u017eeg otko\u0161tenog mesa. Miri\u0161e na meso &#8211; ima ukus mesa. Va\u0161 pas \u0107e je obo\u017eavati.Kompletna hrana za odrasle pse, pogodna za pse svih uzrasta i rasa zahvaljuju\u0107i svojim prirodnim, zdravim sastojcima i lako\u0107i kojom se vari. Ne sadr\u017ei dodatke koji \u0161tete i napre\u017eu organizam. <br \/>\u2022Minimum 70% velikih sve\u017eih komada gove\u0111eg mesa<br \/>\u2022Krompir (nije genetski modifikovan) kao izvor visokokvalitetnih ugljenih hidrata<br \/>\u2022Hladno ce\u0111ena ulja (maslinovo, laneno&#8230;) koje pru\u017eaju optimalan balans masno\u0107a<br \/>\u2022Ekstrakt zelenusne \u0161koljke, vo\u0107e, razli\u010dito povr\u0107e i bilje<br \/>\u2022So\u010dna suva hrana za pse bez \u017eitarica<br \/>\u2022Namenjena ishrani pasa svih rasa i uzrasta<br \/>\u2022Sastojci su kuvani u sopstvenom soku, a polako i pa\u017eljivo su\u0161eni <br \/>PLATINUM je kompletna hrana upakovana u visoko-kvalitetnu fresh ambala\u017eu koja \u010duva aromu do poslednjeg zalogaja.<\/p>\n<p class=\"hdopro\"><strong>SASTAV:<\/strong><br \/>Sve\u017ee gove\u0111e meso 70%  &#8211; ( so\u010dni komadi \u010distog mesa ),  su\u0161eni krompir 12%, suvi gra\u0161ak, su\u0161eno so\u010divo, su\u0161ena pulpa jabuke, su\u0161ena riba, lososovo ulje, su\u0161eni pivski kvasac, hladno ce\u0111eno ulje lana, hladno ce\u0111eno ulje maslina, ekstrakt juke, ekstarkt zelenousne \u0161koljke, su\u0161ena \u0161argarepa, su\u0161eni paradajz, su\u0161eni afri\u010dki neven, su\u0161eni masla\u010dak, su\u0161eni brokoli, su\u0161eni zeleni \u010daj, su\u0161ena kamilica, su\u0161eni oregano, su\u0161eno semenje mle\u010dnog \u010di\u010dka, su\u0161eno semenje brusnice, su\u0161ene alge, kalijum hlorid.<br \/> <strong>NUTRITIVNI SASTOJCI dodaci:<\/strong> <br \/>Vitamini, provitamini i hemijski dobro definisane supstance koje imaju sli\u010dan efekat:  (3a672a)vitamin A: 10, 000 IU,   (3a671)vitamin D3: 1, 600 IU,  (3a700) vitamin E (alfa &#8211; tokoferol acetate): 150mg, <\/p>\n<p class=\"hdopro\"> <strong>ANALITI\u010cKI SASTAV:<\/strong><br \/>(3b104) gvo\u017e\u0111e Fe ( gvo\u017e\u0111e sulfat pentahidrat ) 75mg,  Jod ( kalijum jodid ) 3mg, ( E4 ) Bakar Cu ( bakar sulfat pentahidrat ) 19mg,  (3b503) Mangan Mn ( mangan sulfat monohidrat ) 40mg,  (3b603) Cink Zn ( cink oksid ) 50mg, (3b607) Cink Zn ( cink helat glicina hidrat ) 100mg , ( E-8 )  Selen Se ( sodium selenit ) 0.4mg<\/p>","protected":false},"excerpt":{"rendered":"<p>PLATINUM je so\u010dna suva hrana. To je zato \u0161to se za 1kg Platinum so\u010dne hrane upotrebi 1,27kg sve\u017eeg otko\u0161tenog mesa. Miri\u0161e na meso &#8211; ima ukus mesa. Va\u0161 pas \u0107e je obo\u017eavati.Kompletna hrana za odrasle pse, pogodna za pse svih uzrasta i rasa zahvaljuju\u0107i svojim prirodnim, zdravim sastojcima i lako\u0107i kojom se vari. Ne sadr\u017ei [&hellip;]<\/p>\n","protected":false},"featured_media":1073,"comment_status":"open","ping_status":"closed","template":"","meta":{"_acf_changed":false},"product_brand":[],"product_cat":[31,30,61],"product_tag":[],"class_list":{"0":"post-1046","1":"product","2":"type-product","3":"status-publish","4":"has-post-thumbnail","6":"product_cat-granule-za-pse","7":"product_cat-hrana-za-pse","8":"product_cat-platinum-hrana-za-pse","10":"first","11":"instock","12":"purchasable","13":"product-type-simple"},"acf":[],"seolaxy_ctr_woo_product_custom_meta_description_content":"","_links":{"self":[{"href":"https:\/\/www.happydog-club.com\/en\/wp-json\/wp\/v2\/product\/1046","targetHints":{"allow":["GET"]}}],"collection":[{"href":"https:\/\/www.happydog-club.com\/en\/wp-json\/wp\/v2\/product"}],"about":[{"href":"https:\/\/www.happydog-club.com\/en\/wp-json\/wp\/v2\/types\/product"}],"replies":[{"embeddable":true,"href":"https:\/\/www.happydog-club.com\/en\/wp-json\/wp\/v2\/comments?post=1046"}],"version-history":[{"count":1,"href":"https:\/\/www.happydog-club.com\/en\/wp-json\/wp\/v2\/product\/1046\/revisions"}],"predecessor-version":[{"id":19943,"href":"https:\/\/www.happydog-club.com\/en\/wp-json\/wp\/v2\/product\/1046\/revisions\/19943"}],"wp:featuredmedia":[{"embeddable":true,"href":"https:\/\/www.happydog-club.com\/en\/wp-json\/wp\/v2\/media\/1073"}],"wp:attachment":[{"href":"https:\/\/www.happydog-club.com\/en\/wp-json\/wp\/v2\/media?parent=1046"}],"wp:term":[{"taxonomy":"product_brand","embeddable":true,"href":"https:\/\/www.happydog-club.com\/en\/wp-json\/wp\/v2\/product_brand?post=1046"},{"taxonomy":"product_cat","embeddable":true,"href":"https:\/\/www.happydog-club.com\/en\/wp-json\/wp\/v2\/product_cat?post=1046"},{"taxonomy":"product_tag","embeddable":true,"href":"https:\/\/www.happydog-club.com\/en\/wp-json\/wp\/v2\/product_tag?post=1046"}],"curies":[{"name":"wp","href":"https:\/\/api.w.org\/{rel}","templated":true}]}}