{"id":1168,"date":"2024-11-06T02:46:59","date_gmt":"2024-11-06T01:46:59","guid":{"rendered":"https:\/\/www.happydog-club.com\/?post_type=product&#038;p=1168"},"modified":"2026-05-17T00:00:04","modified_gmt":"2026-05-16T22:00:04","slug":"royal-canin-sterilised-37-hrana-za-sterilisane-mace-2kg","status":"publish","type":"product","link":"https:\/\/www.happydog-club.com\/en\/p\/royal-canin-sterilised-37-hrana-za-sterilisane-mace-2kg\/","title":{"rendered":"RC STERILISED 37 2 KG *"},"content":{"rendered":"<p>HDC<\/p>","protected":false},"excerpt":{"rendered":"<p><strong>Poma\u017ee u odr\u017eavanju idealne telesne te\u017eine nakon sterilizacije<\/strong><\/p>\n<p><strong>\u200bSadr\u017ei visok nivo proteina (37%) za o\u010duvanje mi\u0161i\u0107ne mase<\/strong><\/p>\n<p><strong>\u200bOboga\u0107eno L-karnitinom za efikasniji metabolizam masti<\/strong><\/p>\n<p><strong>\u200bBalansiran unos minerala podr\u017eava zdravlje urinarnog sistema<\/strong><\/p>\n<p><strong>\u200bPrecizno prilago\u0111en energetski sadr\u017eaj za sterilisane ma\u010dke<\/strong><\/p>\n<p>\u200bPakovanje od 2kg \u2013 ekonomi\u010dno i prakti\u010dno za svakodnevnu upotrebu<\/p>\n<p><strong>Royal Canin Sterilised 37 je savr\u0161ena formula za sterilisane ma\u010dke<\/strong> starosti od 1 do 7 godina koje su sklone gojenju. Pru\u017ea sve \u0161to je potrebno za zdrav, aktivan \u017eivot.<\/p>\n<p><strong>Naru\u010dite odmah i obezbedite svojoj ma\u010dki potpunu, prilago\u0111enu i balansiranu ishranu!<\/strong><\/p>\n<p>&nbsp;<\/p>","protected":false},"featured_media":16638,"comment_status":"open","ping_status":"closed","template":"","meta":{"_acf_changed":false},"product_brand":[],"product_cat":[485,484],"product_tag":[],"class_list":{"0":"post-1168","1":"product","2":"type-product","3":"status-publish","4":"has-post-thumbnail","6":"product_cat-hrana-za-mace","7":"product_cat-royal-vet","9":"first","10":"instock","11":"purchasable","12":"product-type-simple"},"acf":[],"seolaxy_ctr_woo_product_custom_meta_description_content":"","_links":{"self":[{"href":"https:\/\/www.happydog-club.com\/en\/wp-json\/wp\/v2\/product\/1168","targetHints":{"allow":["GET"]}}],"collection":[{"href":"https:\/\/www.happydog-club.com\/en\/wp-json\/wp\/v2\/product"}],"about":[{"href":"https:\/\/www.happydog-club.com\/en\/wp-json\/wp\/v2\/types\/product"}],"replies":[{"embeddable":true,"href":"https:\/\/www.happydog-club.com\/en\/wp-json\/wp\/v2\/comments?post=1168"}],"version-history":[{"count":3,"href":"https:\/\/www.happydog-club.com\/en\/wp-json\/wp\/v2\/product\/1168\/revisions"}],"predecessor-version":[{"id":27198,"href":"https:\/\/www.happydog-club.com\/en\/wp-json\/wp\/v2\/product\/1168\/revisions\/27198"}],"wp:featuredmedia":[{"embeddable":true,"href":"https:\/\/www.happydog-club.com\/en\/wp-json\/wp\/v2\/media\/16638"}],"wp:attachment":[{"href":"https:\/\/www.happydog-club.com\/en\/wp-json\/wp\/v2\/media?parent=1168"}],"wp:term":[{"taxonomy":"product_brand","embeddable":true,"href":"https:\/\/www.happydog-club.com\/en\/wp-json\/wp\/v2\/product_brand?post=1168"},{"taxonomy":"product_cat","embeddable":true,"href":"https:\/\/www.happydog-club.com\/en\/wp-json\/wp\/v2\/product_cat?post=1168"},{"taxonomy":"product_tag","embeddable":true,"href":"https:\/\/www.happydog-club.com\/en\/wp-json\/wp\/v2\/product_tag?post=1168"}],"curies":[{"name":"wp","href":"https:\/\/api.w.org\/{rel}","templated":true}]}}