{"id":1284,"date":"2024-11-06T02:47:10","date_gmt":"2024-11-06T01:47:10","guid":{"rendered":"https:\/\/www.happydog-club.com\/?post_type=product&#038;p=1284"},"modified":"2026-05-17T00:00:16","modified_gmt":"2026-05-16T22:00:16","slug":"isegrim-kesica-za-pse-curetina-410g","status":"publish","type":"product","link":"https:\/\/www.happydog-club.com\/en\/p\/isegrim-kesica-za-pse-curetina-410g\/","title":{"rendered":"ISEGRIM KESICA ZA PSE \u0106URETINA 410G"},"content":{"rendered":"<p class=\"hdopro\">Isegrim Roots Turkey je poseban recept dobijen iz pa\u010dijeg mesa i predstavlja ukusnu kombinaciju za dnevni meni va\u0161eg ljubimca. Ovaj izbor je posebno sveobuhvatan obrok zahvaljujuc\u0301i prirodno zdravom \u0107ure\u0107em mesu. Ulje semena lana ima blagotvoran uticaj na gastrointestinalnom sistemu. Hrana je oplemenjena razli\u010ditim samoniklim biljem. Ne sadr\u017ei \u017eitarice, gluten i aditive. <\/p>\n<p class=\"hdopro\"><strong>SASTAV:<\/strong><br \/>70% \u0107uretina,27% bujon,1,5% pa\u0161kanat ,1% minerali,0,3 % \u0161umsko bilje,0,2 % ulje semena lana vitamin D3 200 IJ, Cink 25 mg, mangan 1,4 mg, bakar 1,5%, jod 0,75 mg. <\/p>\n<p class=\"hdopro\"> <strong>ANALITI\u010cKI SASTAV:<\/strong><br \/>protein 11,5%, masti 6,8%, pepeo 2,0%, sirova vlakna 0,5%, vlaga 78%.<\/p>","protected":false},"excerpt":{"rendered":"<p>Isegrim Roots Turkey je poseban recept dobijen iz pa\u010dijeg mesa i predstavlja ukusnu kombinaciju za dnevni meni va\u0161eg ljubimca. Ovaj izbor je posebno sveobuhvatan obrok zahvaljujuc\u0301i prirodno zdravom \u0107ure\u0107em mesu. Ulje semena lana ima blagotvoran uticaj na gastrointestinalnom sistemu. Hrana je oplemenjena razli\u010ditim samoniklim biljem. Ne sadr\u017ei \u017eitarice, gluten i aditive. SASTAV:70% \u0107uretina,27% bujon,1,5% pa\u0161kanat [&hellip;]<\/p>\n","protected":false},"featured_media":1314,"comment_status":"open","ping_status":"closed","template":"","meta":{"_acf_changed":false},"product_brand":[],"product_cat":[30,91,86,64],"product_tag":[],"class_list":{"0":"post-1284","1":"product","2":"type-product","3":"status-publish","4":"has-post-thumbnail","6":"product_cat-hrana-za-pse","7":"product_cat-isegrim-hrana-za-pse","8":"product_cat-sosici-za-pse","9":"product_cat-vlazna-hrana-za-pse","11":"first","12":"instock","13":"purchasable","14":"product-type-simple"},"acf":[],"seolaxy_ctr_woo_product_custom_meta_description_content":"","_links":{"self":[{"href":"https:\/\/www.happydog-club.com\/en\/wp-json\/wp\/v2\/product\/1284","targetHints":{"allow":["GET"]}}],"collection":[{"href":"https:\/\/www.happydog-club.com\/en\/wp-json\/wp\/v2\/product"}],"about":[{"href":"https:\/\/www.happydog-club.com\/en\/wp-json\/wp\/v2\/types\/product"}],"replies":[{"embeddable":true,"href":"https:\/\/www.happydog-club.com\/en\/wp-json\/wp\/v2\/comments?post=1284"}],"version-history":[{"count":1,"href":"https:\/\/www.happydog-club.com\/en\/wp-json\/wp\/v2\/product\/1284\/revisions"}],"predecessor-version":[{"id":20060,"href":"https:\/\/www.happydog-club.com\/en\/wp-json\/wp\/v2\/product\/1284\/revisions\/20060"}],"wp:featuredmedia":[{"embeddable":true,"href":"https:\/\/www.happydog-club.com\/en\/wp-json\/wp\/v2\/media\/1314"}],"wp:attachment":[{"href":"https:\/\/www.happydog-club.com\/en\/wp-json\/wp\/v2\/media?parent=1284"}],"wp:term":[{"taxonomy":"product_brand","embeddable":true,"href":"https:\/\/www.happydog-club.com\/en\/wp-json\/wp\/v2\/product_brand?post=1284"},{"taxonomy":"product_cat","embeddable":true,"href":"https:\/\/www.happydog-club.com\/en\/wp-json\/wp\/v2\/product_cat?post=1284"},{"taxonomy":"product_tag","embeddable":true,"href":"https:\/\/www.happydog-club.com\/en\/wp-json\/wp\/v2\/product_tag?post=1284"}],"curies":[{"name":"wp","href":"https:\/\/api.w.org\/{rel}","templated":true}]}}