{"id":1341,"date":"2024-11-06T02:47:16","date_gmt":"2024-11-06T01:47:16","guid":{"rendered":"https:\/\/www.happydog-club.com\/?post_type=product&#038;p=1341"},"modified":"2026-05-17T00:00:11","modified_gmt":"2026-05-16T22:00:11","slug":"vitakraft-crispy-crunch-dental-care-60g","status":"publish","type":"product","link":"https:\/\/www.happydog-club.com\/en\/p\/vitakraft-crispy-crunch-dental-care-60g\/","title":{"rendered":"VITAKRAFT CRISPY CRUNCH  DENTAL CARE 60G"},"content":{"rendered":"<p class=\"hdopro\">Vitakraft poslastice za mace dental care<br \/>\nZdrava hrskava grickalica.<br \/>\nSpre\u010dava propadanje zuba fluorom koji sadr\u017ei.<br \/>\nSmanjuje stvaranje zubnih kamenaca.<br \/>\nPoma\u017ee u uklanjanju neprijatnog zadaha.<\/p>\n<p class=\"hdopro\"><strong>SASTAV:<\/strong><br \/>\n\u017ditarica (p\u0161enica, pirina\u010d), meso i \u017eivotinjski nusproizvodi (perad)* Ulje i masti (ulje za pepermit 0,03%)* Ekstrati biljnih proizvoda minerali<\/p>","protected":false},"excerpt":{"rendered":"<p>Vitakraft poslastice za mace dental care Zdrava hrskava grickalica. Spre\u010dava propadanje zuba fluorom koji sadr\u017ei. Smanjuje stvaranje zubnih kamenaca. Poma\u017ee u uklanjanju neprijatnog zadaha. SASTAV: \u017ditarica (p\u0161enica, pirina\u010d), meso i \u017eivotinjski nusproizvodi (perad)* Ulje i masti (ulje za pepermit 0,03%)* Ekstrati biljnih proizvoda minerali<\/p>","protected":false},"featured_media":16616,"comment_status":"open","ping_status":"closed","template":"","meta":{"_acf_changed":false},"product_brand":[],"product_cat":[37,46],"product_tag":[],"class_list":{"0":"post-1341","1":"product","2":"type-product","3":"status-publish","4":"has-post-thumbnail","6":"product_cat-hrana-za-macke","7":"product_cat-poslastice-za-macke","9":"first","10":"instock","11":"purchasable","12":"product-type-simple"},"acf":[],"seolaxy_ctr_woo_product_custom_meta_description_content":"","_links":{"self":[{"href":"https:\/\/www.happydog-club.com\/en\/wp-json\/wp\/v2\/product\/1341","targetHints":{"allow":["GET"]}}],"collection":[{"href":"https:\/\/www.happydog-club.com\/en\/wp-json\/wp\/v2\/product"}],"about":[{"href":"https:\/\/www.happydog-club.com\/en\/wp-json\/wp\/v2\/types\/product"}],"replies":[{"embeddable":true,"href":"https:\/\/www.happydog-club.com\/en\/wp-json\/wp\/v2\/comments?post=1341"}],"version-history":[{"count":1,"href":"https:\/\/www.happydog-club.com\/en\/wp-json\/wp\/v2\/product\/1341\/revisions"}],"predecessor-version":[{"id":20081,"href":"https:\/\/www.happydog-club.com\/en\/wp-json\/wp\/v2\/product\/1341\/revisions\/20081"}],"wp:featuredmedia":[{"embeddable":true,"href":"https:\/\/www.happydog-club.com\/en\/wp-json\/wp\/v2\/media\/16616"}],"wp:attachment":[{"href":"https:\/\/www.happydog-club.com\/en\/wp-json\/wp\/v2\/media?parent=1341"}],"wp:term":[{"taxonomy":"product_brand","embeddable":true,"href":"https:\/\/www.happydog-club.com\/en\/wp-json\/wp\/v2\/product_brand?post=1341"},{"taxonomy":"product_cat","embeddable":true,"href":"https:\/\/www.happydog-club.com\/en\/wp-json\/wp\/v2\/product_cat?post=1341"},{"taxonomy":"product_tag","embeddable":true,"href":"https:\/\/www.happydog-club.com\/en\/wp-json\/wp\/v2\/product_tag?post=1341"}],"curies":[{"name":"wp","href":"https:\/\/api.w.org\/{rel}","templated":true}]}}