{"id":1441,"date":"2024-11-06T02:47:27","date_gmt":"2024-11-06T01:47:27","guid":{"rendered":"https:\/\/www.happydog-club.com\/?post_type=product&#038;p=1441"},"modified":"2026-05-17T12:00:08","modified_gmt":"2026-05-17T10:00:08","slug":"nuevo-adult-piletina-i-skampi-200g","status":"publish","type":"product","link":"https:\/\/www.happydog-club.com\/en\/p\/nuevo-adult-piletina-i-skampi-200g\/","title":{"rendered":"NUEVO ADULT PILETINA I \u0160KAMPI 200G"},"content":{"rendered":"<p class=\"hdopro\">Kompletna vla\u017ena hrana u konzervi za ma\u010dke. Nuevo piletina i \u0161kampi obezbezbe\u0111uje Va\u0161oj ma\u010dki sve nephodne hranljive materije, obiluje proteinima i omega-3 i omega-6 masnim kiselinama.<\/p>\n<p class=\"hdopro\"><strong>SASTAV:<\/strong><br \/>Meso i proizvodi \u017eivotinjskog porekla 71% (30% piletina , 10 % ra\u010di\u0107i), bujon 28%, minerali 1% (kalcijum: 0,25 % taurin: 1500 mg fosfor: 0,20 % ).<\/p>\n<p class=\"hdopro\"> <strong>ANALITI\u010cKI SASTAV:<\/strong><br \/>Proteini: 11,50 % masti: 4,80 %pepeo: 2,30 % vlakna: 0,30 % vlaga: 80 %<\/p>","protected":false},"excerpt":{"rendered":"<p>Kompletna vla\u017ena hrana u konzervi za ma\u010dke. Nuevo piletina i \u0161kampi obezbezbe\u0111uje Va\u0161oj ma\u010dki sve nephodne hranljive materije, obiluje proteinima i omega-3 i omega-6 masnim kiselinama. SASTAV:Meso i proizvodi \u017eivotinjskog porekla 71% (30% piletina , 10 % ra\u010di\u0107i), bujon 28%, minerali 1% (kalcijum: 0,25 % taurin: 1500 mg fosfor: 0,20 % ). ANALITI\u010cKI SASTAV:Proteini: 11,50 [&hellip;]<\/p>\n","protected":false},"featured_media":1471,"comment_status":"open","ping_status":"closed","template":"","meta":{"_acf_changed":false},"product_brand":[],"product_cat":[37,93,94,57],"product_tag":[],"class_list":{"0":"post-1441","1":"product","2":"type-product","3":"status-publish","4":"has-post-thumbnail","6":"product_cat-hrana-za-macke","7":"product_cat-konzerve-za-macke","8":"product_cat-nuevo-hrana-za-macke","9":"product_cat-vlazna-hrana-za-macke","11":"first","12":"instock","13":"purchasable","14":"product-type-simple"},"acf":[],"seolaxy_ctr_woo_product_custom_meta_description_content":"","_links":{"self":[{"href":"https:\/\/www.happydog-club.com\/en\/wp-json\/wp\/v2\/product\/1441","targetHints":{"allow":["GET"]}}],"collection":[{"href":"https:\/\/www.happydog-club.com\/en\/wp-json\/wp\/v2\/product"}],"about":[{"href":"https:\/\/www.happydog-club.com\/en\/wp-json\/wp\/v2\/types\/product"}],"replies":[{"embeddable":true,"href":"https:\/\/www.happydog-club.com\/en\/wp-json\/wp\/v2\/comments?post=1441"}],"version-history":[{"count":1,"href":"https:\/\/www.happydog-club.com\/en\/wp-json\/wp\/v2\/product\/1441\/revisions"}],"predecessor-version":[{"id":20118,"href":"https:\/\/www.happydog-club.com\/en\/wp-json\/wp\/v2\/product\/1441\/revisions\/20118"}],"wp:featuredmedia":[{"embeddable":true,"href":"https:\/\/www.happydog-club.com\/en\/wp-json\/wp\/v2\/media\/1471"}],"wp:attachment":[{"href":"https:\/\/www.happydog-club.com\/en\/wp-json\/wp\/v2\/media?parent=1441"}],"wp:term":[{"taxonomy":"product_brand","embeddable":true,"href":"https:\/\/www.happydog-club.com\/en\/wp-json\/wp\/v2\/product_brand?post=1441"},{"taxonomy":"product_cat","embeddable":true,"href":"https:\/\/www.happydog-club.com\/en\/wp-json\/wp\/v2\/product_cat?post=1441"},{"taxonomy":"product_tag","embeddable":true,"href":"https:\/\/www.happydog-club.com\/en\/wp-json\/wp\/v2\/product_tag?post=1441"}],"curies":[{"name":"wp","href":"https:\/\/api.w.org\/{rel}","templated":true}]}}