{"id":1453,"date":"2024-11-06T02:47:27","date_gmt":"2024-11-06T01:47:27","guid":{"rendered":"https:\/\/www.happydog-club.com\/?post_type=product&#038;p=1453"},"modified":"2026-05-17T12:00:09","modified_gmt":"2026-05-17T10:00:09","slug":"nuevo-kitten-piletina-200g","status":"publish","type":"product","link":"https:\/\/www.happydog-club.com\/en\/p\/nuevo-kitten-piletina-200g\/","title":{"rendered":"NUEVO KITTEN PILETINA 200G"},"content":{"rendered":"<p class=\"hdopro\">Piletina sa pirin\u010dem i uljem lososa. Kompletna visokoproteinska vla\u017ena hrana za ma\u010di\u0107e.<\/p>\n<p class=\"hdopro\"><strong>SASTAV:<\/strong><br \/>Meso i proizvodi mesa 69% (30% piletina), 2% pirina\u010d, bujon 27.5%, minerali 1%, ulja i masti (ulje lososa 0.5%).<\/p>\n<p class=\"hdopro\"> <strong>ANALITI\u010cKI SASTAV:<\/strong><br \/>Proteini 12%, sadr\u017eaj masti 6.9%, pepeo 2%, sirova vlakna 0.3%, vlaga 78%.<\/p>","protected":false},"excerpt":{"rendered":"<p>Piletina sa pirin\u010dem i uljem lososa. Kompletna visokoproteinska vla\u017ena hrana za ma\u010di\u0107e. SASTAV:Meso i proizvodi mesa 69% (30% piletina), 2% pirina\u010d, bujon 27.5%, minerali 1%, ulja i masti (ulje lososa 0.5%). ANALITI\u010cKI SASTAV:Proteini 12%, sadr\u017eaj masti 6.9%, pepeo 2%, sirova vlakna 0.3%, vlaga 78%.<\/p>","protected":false},"featured_media":1483,"comment_status":"open","ping_status":"closed","template":"","meta":{"_acf_changed":false},"product_brand":[],"product_cat":[37,93,94,57],"product_tag":[],"class_list":{"0":"post-1453","1":"product","2":"type-product","3":"status-publish","4":"has-post-thumbnail","6":"product_cat-hrana-za-macke","7":"product_cat-konzerve-za-macke","8":"product_cat-nuevo-hrana-za-macke","9":"product_cat-vlazna-hrana-za-macke","11":"first","12":"instock","13":"purchasable","14":"product-type-simple"},"acf":[],"seolaxy_ctr_woo_product_custom_meta_description_content":"","_links":{"self":[{"href":"https:\/\/www.happydog-club.com\/en\/wp-json\/wp\/v2\/product\/1453","targetHints":{"allow":["GET"]}}],"collection":[{"href":"https:\/\/www.happydog-club.com\/en\/wp-json\/wp\/v2\/product"}],"about":[{"href":"https:\/\/www.happydog-club.com\/en\/wp-json\/wp\/v2\/types\/product"}],"replies":[{"embeddable":true,"href":"https:\/\/www.happydog-club.com\/en\/wp-json\/wp\/v2\/comments?post=1453"}],"version-history":[{"count":1,"href":"https:\/\/www.happydog-club.com\/en\/wp-json\/wp\/v2\/product\/1453\/revisions"}],"predecessor-version":[{"id":20129,"href":"https:\/\/www.happydog-club.com\/en\/wp-json\/wp\/v2\/product\/1453\/revisions\/20129"}],"wp:featuredmedia":[{"embeddable":true,"href":"https:\/\/www.happydog-club.com\/en\/wp-json\/wp\/v2\/media\/1483"}],"wp:attachment":[{"href":"https:\/\/www.happydog-club.com\/en\/wp-json\/wp\/v2\/media?parent=1453"}],"wp:term":[{"taxonomy":"product_brand","embeddable":true,"href":"https:\/\/www.happydog-club.com\/en\/wp-json\/wp\/v2\/product_brand?post=1453"},{"taxonomy":"product_cat","embeddable":true,"href":"https:\/\/www.happydog-club.com\/en\/wp-json\/wp\/v2\/product_cat?post=1453"},{"taxonomy":"product_tag","embeddable":true,"href":"https:\/\/www.happydog-club.com\/en\/wp-json\/wp\/v2\/product_tag?post=1453"}],"curies":[{"name":"wp","href":"https:\/\/api.w.org\/{rel}","templated":true}]}}