{"id":1560,"date":"2024-11-06T02:47:39","date_gmt":"2024-11-06T01:47:39","guid":{"rendered":"https:\/\/www.happydog-club.com\/?post_type=product&#038;p=1560"},"modified":"2026-05-17T12:00:20","modified_gmt":"2026-05-17T10:00:20","slug":"sams-field-kesice-za-mace-piletina-i-bundeva-85g","status":"publish","type":"product","link":"https:\/\/www.happydog-club.com\/en\/p\/sams-field-kesice-za-mace-piletina-i-bundeva-85g\/","title":{"rendered":"SAM&#8217;S FIELD KESICE ZA MACE PILETINA I BUNDEVA 85G"},"content":{"rendered":"<p class=\"hdopro\">SAM&#8217;S FIELD KESICE ZA MACE, kompletna mokra hrana za odrasle ma\u010dke.Sadr\u017ei prirodne sastojke s dodatkom vitamina i minerala.Uravnote\u017eena formula pru\u017ea Va\u0161oj ma\u010dki idealnu ishranu.85% file mesa: sadr\u017ei esencijalne aminokiseline za potporu zdravlja Va\u0161e ma\u010dke.4% povr\u0107a: izvor vlakana va\u017enih za zdravu probavuSadr\u017ei taurin &#8211; pobolj\u0161ava zdravlje srca i vidSadr\u017ei vitamin E i biotin &#8211; potpora zdravlju ko\u017ee i dlakeBez glutena &#8211; Bez \u017eitarica: grain free formula nema negativan uticaj na probavni sastav Va\u0161e ma\u010dke.Bez dodatnih boja, konzervansa i poja\u010diva\u010da ukusa.Bundeva je prirodni izvor kvalitetnih vlakana koja olak\u0161avaju prolazak \u010duperaka krzna kroz probavni trakt ma\u010daka<\/p>\n<p class=\"hdopro\"><strong>SASTAV:<\/strong><br \/>\n85% file piletine, pile\u0107i bujon, 4% bundeva, minerali, skrob gra\u0161ka. Vitamin D3 (E671) 250 mg, Vitamin E (3a700) 150 mg, Taurin (3a370) 500 mg, Biotin (3a880) 0,3 mg, Cink (3b606) 15 mg, Gvo\u017e\u0111e (E1) 12 mg, Mangan (E5) 2,5 mg, Kalijum jodit (3b201) 0,8 mg, Bakar (E4) 1 mg.<\/p>\n<p class=\"hdopro\"><strong>ANALITI\u010cKI SASTAV:<\/strong><br \/>\nSirove belan\u010devine 10,0%, Sirove masti 5,0%, Sirovi pepeo 2,0%, Vlaga 82,0%, Sirova vlakna 0,5% Kalcijum 0,2%, Fosfor 0,2%, Natrijum 0,1%.<\/p>","protected":false},"excerpt":{"rendered":"<p>SAM&#8217;S FIELD KESICE ZA MACE, kompletna mokra hrana za odrasle ma\u010dke.Sadr\u017ei prirodne sastojke s dodatkom vitamina i minerala.Uravnote\u017eena formula pru\u017ea Va\u0161oj ma\u010dki idealnu ishranu.85% file mesa: sadr\u017ei esencijalne aminokiseline za potporu zdravlja Va\u0161e ma\u010dke.4% povr\u0107a: izvor vlakana va\u017enih za zdravu probavuSadr\u017ei taurin &#8211; pobolj\u0161ava zdravlje srca i vidSadr\u017ei vitamin E i biotin &#8211; potpora zdravlju [&hellip;]<\/p>\n","protected":false},"featured_media":16581,"comment_status":"open","ping_status":"closed","template":"","meta":{"_acf_changed":false},"product_brand":[],"product_cat":[37,76,57],"product_tag":[],"class_list":{"0":"post-1560","1":"product","2":"type-product","3":"status-publish","4":"has-post-thumbnail","6":"product_cat-hrana-za-macke","7":"product_cat-sosici-za-mace","8":"product_cat-vlazna-hrana-za-macke","10":"first","11":"instock","12":"purchasable","13":"product-type-simple"},"acf":[],"seolaxy_ctr_woo_product_custom_meta_description_content":"","_links":{"self":[{"href":"https:\/\/www.happydog-club.com\/en\/wp-json\/wp\/v2\/product\/1560","targetHints":{"allow":["GET"]}}],"collection":[{"href":"https:\/\/www.happydog-club.com\/en\/wp-json\/wp\/v2\/product"}],"about":[{"href":"https:\/\/www.happydog-club.com\/en\/wp-json\/wp\/v2\/types\/product"}],"replies":[{"embeddable":true,"href":"https:\/\/www.happydog-club.com\/en\/wp-json\/wp\/v2\/comments?post=1560"}],"version-history":[{"count":1,"href":"https:\/\/www.happydog-club.com\/en\/wp-json\/wp\/v2\/product\/1560\/revisions"}],"predecessor-version":[{"id":20172,"href":"https:\/\/www.happydog-club.com\/en\/wp-json\/wp\/v2\/product\/1560\/revisions\/20172"}],"wp:featuredmedia":[{"embeddable":true,"href":"https:\/\/www.happydog-club.com\/en\/wp-json\/wp\/v2\/media\/16581"}],"wp:attachment":[{"href":"https:\/\/www.happydog-club.com\/en\/wp-json\/wp\/v2\/media?parent=1560"}],"wp:term":[{"taxonomy":"product_brand","embeddable":true,"href":"https:\/\/www.happydog-club.com\/en\/wp-json\/wp\/v2\/product_brand?post=1560"},{"taxonomy":"product_cat","embeddable":true,"href":"https:\/\/www.happydog-club.com\/en\/wp-json\/wp\/v2\/product_cat?post=1560"},{"taxonomy":"product_tag","embeddable":true,"href":"https:\/\/www.happydog-club.com\/en\/wp-json\/wp\/v2\/product_tag?post=1560"}],"curies":[{"name":"wp","href":"https:\/\/api.w.org\/{rel}","templated":true}]}}