{"id":1567,"date":"2024-11-06T02:47:39","date_gmt":"2024-11-06T01:47:39","guid":{"rendered":"https:\/\/www.happydog-club.com\/?post_type=product&#038;p=1567"},"modified":"2026-05-17T12:00:08","modified_gmt":"2026-05-17T10:00:08","slug":"nuevo-adult-govedina-200g","status":"publish","type":"product","link":"https:\/\/www.happydog-club.com\/en\/p\/nuevo-adult-govedina-200g\/","title":{"rendered":"NUEVO ADULT GOVEDINA 200G"},"content":{"rendered":"<p class=\"hdopro\">Kompletna vla\u017ena hrana u konzervi za ma\u010dke. Meso vrhunskog kvaliteta Va\u0161oj ma\u010dki obezbe\u0111uje proteine visoke biolo\u0161ke vrednost neophodne za zdravu ko\u017eu i dlaku, potrebne i za ja\u010danje imuniteta i vitalnosti.<\/p>\n<p class=\"hdopro\"><strong>SASTAV:<\/strong><br \/>Meso i proizvodi \u017eivotinjskog porekla 71% (30% govedina), bujon 28%, minerali 1%<\/p>\n<p class=\"hdopro\"> <strong>ANALITI\u010cKI SASTAV:<\/strong><br \/>Protein: 10,90% Mast: 6,30% Sirovi pepeo: 1,60% Sirova vlakna: 0,30% vlaga: 80 % kalcijum: 0,25 % taurin: 1500 mg fosfor: 0,20 %.<\/p>","protected":false},"excerpt":{"rendered":"<p>Kompletna vla\u017ena hrana u konzervi za ma\u010dke. Meso vrhunskog kvaliteta Va\u0161oj ma\u010dki obezbe\u0111uje proteine visoke biolo\u0161ke vrednost neophodne za zdravu ko\u017eu i dlaku, potrebne i za ja\u010danje imuniteta i vitalnosti. SASTAV:Meso i proizvodi \u017eivotinjskog porekla 71% (30% govedina), bujon 28%, minerali 1% ANALITI\u010cKI SASTAV:Protein: 10,90% Mast: 6,30% Sirovi pepeo: 1,60% Sirova vlakna: 0,30% vlaga: 80 [&hellip;]<\/p>\n","protected":false},"featured_media":1597,"comment_status":"open","ping_status":"closed","template":"","meta":{"_acf_changed":false},"product_brand":[],"product_cat":[37,93,94,57],"product_tag":[],"class_list":{"0":"post-1567","1":"product","2":"type-product","3":"status-publish","4":"has-post-thumbnail","6":"product_cat-hrana-za-macke","7":"product_cat-konzerve-za-macke","8":"product_cat-nuevo-hrana-za-macke","9":"product_cat-vlazna-hrana-za-macke","11":"first","12":"instock","13":"purchasable","14":"product-type-simple"},"acf":[],"seolaxy_ctr_woo_product_custom_meta_description_content":"","_links":{"self":[{"href":"https:\/\/www.happydog-club.com\/en\/wp-json\/wp\/v2\/product\/1567","targetHints":{"allow":["GET"]}}],"collection":[{"href":"https:\/\/www.happydog-club.com\/en\/wp-json\/wp\/v2\/product"}],"about":[{"href":"https:\/\/www.happydog-club.com\/en\/wp-json\/wp\/v2\/types\/product"}],"replies":[{"embeddable":true,"href":"https:\/\/www.happydog-club.com\/en\/wp-json\/wp\/v2\/comments?post=1567"}],"version-history":[{"count":1,"href":"https:\/\/www.happydog-club.com\/en\/wp-json\/wp\/v2\/product\/1567\/revisions"}],"predecessor-version":[{"id":20179,"href":"https:\/\/www.happydog-club.com\/en\/wp-json\/wp\/v2\/product\/1567\/revisions\/20179"}],"wp:featuredmedia":[{"embeddable":true,"href":"https:\/\/www.happydog-club.com\/en\/wp-json\/wp\/v2\/media\/1597"}],"wp:attachment":[{"href":"https:\/\/www.happydog-club.com\/en\/wp-json\/wp\/v2\/media?parent=1567"}],"wp:term":[{"taxonomy":"product_brand","embeddable":true,"href":"https:\/\/www.happydog-club.com\/en\/wp-json\/wp\/v2\/product_brand?post=1567"},{"taxonomy":"product_cat","embeddable":true,"href":"https:\/\/www.happydog-club.com\/en\/wp-json\/wp\/v2\/product_cat?post=1567"},{"taxonomy":"product_tag","embeddable":true,"href":"https:\/\/www.happydog-club.com\/en\/wp-json\/wp\/v2\/product_tag?post=1567"}],"curies":[{"name":"wp","href":"https:\/\/api.w.org\/{rel}","templated":true}]}}