{"id":16209,"date":"2025-03-27T22:09:53","date_gmt":"2025-03-27T21:09:53","guid":{"rendered":"https:\/\/www.happydog-club.com\/p\/craftia-harmona-za-odrasle-mace-morksa-riba-320g\/"},"modified":"2026-05-10T14:12:14","modified_gmt":"2026-05-10T12:12:14","slug":"craftia-harmona-za-odrasle-mace-morksa-riba-320g","status":"publish","type":"product","link":"https:\/\/www.happydog-club.com\/en\/p\/craftia-harmona-za-odrasle-mace-morksa-riba-320g\/","title":{"rendered":"CRAFTIA HARMONA ZA ODRASLE MACE MORKSA RIBA 320G"},"content":{"rendered":"<p>CRAFTIA Harmona Morska riba\u00a0 je suva hrana pa\u017eljivo formulisana za odrasle ma\u010dke, sa fokusom na zdravlje ko\u017ee, dlake i digestivnog sistema. Morska riba, kao glavni izvor proteina, obezbe\u0111uje obilje omega-3 masnih kiselina, koje imaju blagotvorno dejstvo na ko\u017eu i sjaj dlake.<\/p>\n<p>Oboga\u0107ena je dijetetskim vlaknima koja doprinose zdravom varenju i poma\u017eu u eliminaciji progutanih dlaka, \u010dime se smanjuje rizik od formiranja trihobezoara.<\/p>\n<p>Formulisana bez \u017eitarica i ve\u0161ta\u010dkih dodataka, ova hrana je odli\u010dna i za ma\u010dke sa osetljivim sistemom za varenje.<\/p>\n<p><strong>Sastav<\/strong>:\u00a0 Losos (20%), haringa (16%), skrob gra\u0161ka, dehidrirani protein lososa (10%), dehidrirani protein haringe (10%), riblje ulje (iz lososa), hidrolizovani riblji protein, pile\u0107a mast, ekstrahovano seme kinoe (4%), laneno seme, suvi rezanci \u0161e\u0107erne repe, bra\u0161no lucerke, vlakna gra\u0161ka, su\u0161ena \u0161pargla (0,5%), su\u0161ena jabuka (0,5%), su\u0161ena borovnica, su\u0161ena brusnica, su\u0161ena vi\u0161nja (acerola), su\u0161ena bundeva, inulin cikorije (0,4%), ekstrakt kvasca (izvor mano-oligosaharida) (0,3%), frukto-oligosaharidi (0,3%), Ascophyllum Nodosum, kalcijum karbonat, monokalcijum fosfat, kalijum hlorid, natrijum hlorid, suvi pivski kvasac, aloe vera, ruzmarin, kurkuma, neven, psilijum, juka mohave. Vitamin A 18000IJ; vitamin D3 1800IJ; vitamin E 215mg; vitamin C 180mg; niacinamid 54mg; D-pantenol 22,5mg; vitamin B2 11,25mg; vitamin B6 6mg; vitamin B1 11,25mg; biotin 0,54mg; folna kiselina 0,54mg; vitamin B12 0,09mg; holin hlorid 2700mg; cink (cink helat glicin hidrata): 79,90mg; mangan (mangan helat glicin hidrata): 17,00mg; gvo\u017e\u0111e [gvo\u017e\u0111e-(II)-helat glicin hidrata]: 61,20mg; bakar [bakar-(II)-helat glicin hidrata]: 11,90mg; jod (kalcijum jodat anhidrovani): 1,70mg; selen (L-selenometionin): 0,29mg; tehni\u010dki \u010dist DL-metionin 3000mg; taurin 1980mg.<br \/>\nAntioksidanti: ekstrakti tokoferola iz biljnih ulja. Sirovi proteini 36,20%; sirova mast 18,30%; sirova vlakna 1,70%; sirovi pepeo 6,40%; kalcijum 1,15%; fosfor 1,00%; omega-6 2,10%; omega-3 1,60%; DHA 0,90%; EPA 0,50%.<\/p>\n<p class=\"\" data-start=\"1500\" data-end=\"1547\"><strong data-start=\"1500\" data-end=\"1545\">Preporuka za hranjenje (dnevna koli\u010dina):<\/strong><\/p>\n<div class=\"overflow-x-auto contain-inline-size\">\n<table data-start=\"1548\" data-end=\"1666\">\n<thead data-start=\"1548\" data-end=\"1580\">\n<tr data-start=\"1548\" data-end=\"1580\">\n<th data-start=\"1548\" data-end=\"1561\">Te\u017eina ma\u010dke<\/th>\n<th data-start=\"1561\" data-end=\"1580\">Dnevna koli\u010dina<\/th>\n<\/tr>\n<\/thead>\n<tbody data-start=\"1591\" data-end=\"1666\">\n<tr data-start=\"1591\" data-end=\"1609\">\n<td>2\u20133 kg<\/td>\n<td>30\u201340 g<\/td>\n<\/tr>\n<tr data-start=\"1610\" data-end=\"1628\">\n<td>3\u20134 kg<\/td>\n<td>40\u201350 g<\/td>\n<\/tr>\n<tr data-start=\"1629\" data-end=\"1647\">\n<td>4\u20135 kg<\/td>\n<td>50\u201360 g<\/td>\n<\/tr>\n<tr data-start=\"1648\" data-end=\"1666\">\n<td>5\u20136 kg<\/td>\n<td>60\u201370 g<\/td>\n<\/tr>\n<\/tbody>\n<\/table>\n<\/div>\n<p class=\"\" data-start=\"1668\" data-end=\"1763\"><em data-start=\"1668\" data-end=\"1763\">Koli\u010dine su okvirne i treba ih prilagoditi prema starosti, aktivnosti i telesnoj gra\u0111i ma\u010dke.<\/em><\/p>\n<p><strong>Karakteristike proizvoda:<\/strong><\/p>\n<p>Kategorija: Suva hrana za odrasle ma\u010dke<\/p>\n<p>Ukus: Morska riba<\/p>\n<p>Specijalna namena: Zdravlje ko\u017ee i dlake, kontrola kuglica dlake<\/p>\n<p>Veli\u010dina pakovanja: 320 g (pogodno za svakodnevnu upotrebu uz ekonomi\u010dno doziranje)<\/p>\n<p>\ud83d\udd17 Vi\u0161e informacija o brendu mo\u017eete prona\u0107i <a href=\"https:\/\/www.happydog-club.com\/c\/brendovi\/craftia-hrana-za-macke\/\">ovde<\/a><\/p>\n<p>&nbsp;<\/p>\n","protected":false},"excerpt":{"rendered":"<p>\ud83d\udc3e Morska riba kao glavni izvor proteina \u2013 bogata omega-3 masnim kiselinama<br \/>\n\ud83d\udc3e Podr\u017eava zdravlje ko\u017ee i sjajnu dlaku<br \/>\n\ud83d\udc3e Sadr\u017ei vlakna za smanjenje formiranja kuglica dlake<br \/>\n\ud83d\udc3e Uravnote\u017eena formula za energiju, imunitet i vitalnost<br \/>\n\ud83d\udc3e Pakovanje od 320 g \u2013 idealno za svakodnevnu ishranu i sve\u017einu<\/p>\n<p>Bogat ukus ribe i funkcionalna nutritivna vrednost u savr\u0161enoj ravnote\u017ei \u2013 CRAFTIA Harmona Morska riba je kompletna ishrana koja odgovara potrebama odraslih ma\u010daka svih rasa.<\/p>\n<p><strong>Poru\u010dite odmah i obezbedite svojoj ma\u010dki obrok pun zdravlja i ukusa!<\/strong><\/p>","protected":false},"featured_media":16213,"comment_status":"open","ping_status":"closed","template":"","meta":{"_acf_changed":false},"product_brand":[],"product_cat":[27,274,38,37],"product_tag":[],"class_list":{"0":"post-16209","1":"product","2":"type-product","3":"status-publish","4":"has-post-thumbnail","6":"product_cat-akcija","7":"product_cat-craftia-hrana-za-macke","8":"product_cat-granule-za-macke","9":"product_cat-hrana-za-macke","11":"first","12":"instock","13":"taxable","14":"shipping-taxable","15":"purchasable","16":"product-type-simple"},"acf":[],"seolaxy_ctr_woo_product_custom_meta_description_content":"","_links":{"self":[{"href":"https:\/\/www.happydog-club.com\/en\/wp-json\/wp\/v2\/product\/16209","targetHints":{"allow":["GET"]}}],"collection":[{"href":"https:\/\/www.happydog-club.com\/en\/wp-json\/wp\/v2\/product"}],"about":[{"href":"https:\/\/www.happydog-club.com\/en\/wp-json\/wp\/v2\/types\/product"}],"replies":[{"embeddable":true,"href":"https:\/\/www.happydog-club.com\/en\/wp-json\/wp\/v2\/comments?post=16209"}],"version-history":[{"count":2,"href":"https:\/\/www.happydog-club.com\/en\/wp-json\/wp\/v2\/product\/16209\/revisions"}],"predecessor-version":[{"id":21030,"href":"https:\/\/www.happydog-club.com\/en\/wp-json\/wp\/v2\/product\/16209\/revisions\/21030"}],"wp:featuredmedia":[{"embeddable":true,"href":"https:\/\/www.happydog-club.com\/en\/wp-json\/wp\/v2\/media\/16213"}],"wp:attachment":[{"href":"https:\/\/www.happydog-club.com\/en\/wp-json\/wp\/v2\/media?parent=16209"}],"wp:term":[{"taxonomy":"product_brand","embeddable":true,"href":"https:\/\/www.happydog-club.com\/en\/wp-json\/wp\/v2\/product_brand?post=16209"},{"taxonomy":"product_cat","embeddable":true,"href":"https:\/\/www.happydog-club.com\/en\/wp-json\/wp\/v2\/product_cat?post=16209"},{"taxonomy":"product_tag","embeddable":true,"href":"https:\/\/www.happydog-club.com\/en\/wp-json\/wp\/v2\/product_tag?post=16209"}],"curies":[{"name":"wp","href":"https:\/\/api.w.org\/{rel}","templated":true}]}}