{"id":1637,"date":"2024-11-06T02:47:46","date_gmt":"2024-11-06T01:47:46","guid":{"rendered":"https:\/\/www.happydog-club.com\/?post_type=product&#038;p=1637"},"modified":"2026-05-17T00:00:04","modified_gmt":"2026-05-16T22:00:04","slug":"royal-canin-digest-sensitive-gravy-85g","status":"publish","type":"product","link":"https:\/\/www.happydog-club.com\/en\/p\/royal-canin-digest-sensitive-gravy-85g\/","title":{"rendered":"RC CAT SOS DIGESTIVE SENSITIVE 85GR*#"},"content":{"rendered":"<p>HDC<\/p>","protected":false},"excerpt":{"rendered":"<p><strong>Visoka svarljivost \u2013 podr\u017eava zdravu probavu i smanjuje miris stolice<\/strong><\/p>\n<p><strong>Umjeren sadr\u017eaj masti \u2013 poma\u017ee u odr\u017eavanju idealne tjelesne te\u017eine<\/strong><\/p>\n<p><strong>Podr\u017eava zdravlje urinarnog sistema zahvaljuju\u0107i prilago\u0111enom nivou minerala<\/strong><\/p>\n<p><strong>So\u010dni komadi\u0107i u gravy sosu \u2013 visoka prihvatljivost \u010dak i kod izbirljivih ma\u010daka<\/strong><\/p>\n<p>Pakovanje od 85g \u2013 svje\u017ea porcija za svaki obrok<\/p>\n<p>Ma\u010dke s osjetljivim stomakom zaslu\u017euju posebnu pa\u017enju kada je ishrana u pitanju. Royal Canin Digest Sensitive Gravy pru\u017ea balansiran obrok koji je nje\u017ean prema probavnom sistemu, a istovremeno ukusan i hranljiv.<\/p>\n<p><strong>Naru\u010dite odmah i pru\u017eite svojoj ma\u010dki obrok koji \u0107e joj pomo\u0107i da se osje\u0107a bolje svaki dan!<\/strong><\/p>\n<p>&nbsp;<\/p>","protected":false},"featured_media":1667,"comment_status":"open","ping_status":"closed","template":"","meta":{"_acf_changed":false},"product_brand":[],"product_cat":[484,499],"product_tag":[],"class_list":{"0":"post-1637","1":"product","2":"type-product","3":"status-publish","4":"has-post-thumbnail","6":"product_cat-royal-vet","7":"product_cat-sos-za-mace","9":"first","10":"instock","11":"purchasable","12":"product-type-simple"},"acf":[],"seolaxy_ctr_woo_product_custom_meta_description_content":"","_links":{"self":[{"href":"https:\/\/www.happydog-club.com\/en\/wp-json\/wp\/v2\/product\/1637","targetHints":{"allow":["GET"]}}],"collection":[{"href":"https:\/\/www.happydog-club.com\/en\/wp-json\/wp\/v2\/product"}],"about":[{"href":"https:\/\/www.happydog-club.com\/en\/wp-json\/wp\/v2\/types\/product"}],"replies":[{"embeddable":true,"href":"https:\/\/www.happydog-club.com\/en\/wp-json\/wp\/v2\/comments?post=1637"}],"version-history":[{"count":4,"href":"https:\/\/www.happydog-club.com\/en\/wp-json\/wp\/v2\/product\/1637\/revisions"}],"predecessor-version":[{"id":27234,"href":"https:\/\/www.happydog-club.com\/en\/wp-json\/wp\/v2\/product\/1637\/revisions\/27234"}],"wp:featuredmedia":[{"embeddable":true,"href":"https:\/\/www.happydog-club.com\/en\/wp-json\/wp\/v2\/media\/1667"}],"wp:attachment":[{"href":"https:\/\/www.happydog-club.com\/en\/wp-json\/wp\/v2\/media?parent=1637"}],"wp:term":[{"taxonomy":"product_brand","embeddable":true,"href":"https:\/\/www.happydog-club.com\/en\/wp-json\/wp\/v2\/product_brand?post=1637"},{"taxonomy":"product_cat","embeddable":true,"href":"https:\/\/www.happydog-club.com\/en\/wp-json\/wp\/v2\/product_cat?post=1637"},{"taxonomy":"product_tag","embeddable":true,"href":"https:\/\/www.happydog-club.com\/en\/wp-json\/wp\/v2\/product_tag?post=1637"}],"curies":[{"name":"wp","href":"https:\/\/api.w.org\/{rel}","templated":true}]}}