{"id":1638,"date":"2024-11-06T02:47:46","date_gmt":"2024-11-06T01:47:46","guid":{"rendered":"https:\/\/www.happydog-club.com\/?post_type=product&#038;p=1638"},"modified":"2026-05-17T00:00:11","modified_gmt":"2026-05-16T22:00:11","slug":"felix-party-mix-ocean-mix-60g","status":"publish","type":"product","link":"https:\/\/www.happydog-club.com\/en\/p\/felix-party-mix-ocean-mix-60g\/","title":{"rendered":"FELIX PARTY MIX &#8211; OCEAN MIX 60G"},"content":{"rendered":"<p class=\"hdopro\">Felix Party Mix Ocean je ukusna kombinacija hrskavih zalogaja sa lososom, osli\u0107em i crvenom ribom, idealna kao nagrada ili me\u0111uobrok. Ove poslastice sadr\u017ee <strong data-start=\"439\" data-end=\"476\">vitamine i omega-3 masne kiseline<\/strong>, koje poma\u017eu u o\u010duvanju zdravlja ko\u017ee i sjaja dlake. Napravljene su <strong data-start=\"545\" data-end=\"567\">bez ve\u0161ta\u010dkih boja<\/strong>, a raznovrsna tekstura i intenzivan miris \u010dine ih neodoljivim za ma\u010dke. Prakti\u010dno pakovanje omogu\u0107ava lako \u010duvanje i doziranje.<\/p>\n<p class=\"hdopro\"><strong>SASTAV:<\/strong><br \/>\nmeso i prera\u0111evine \u017eivotinjskog porekla, \u017eitarice, ulja i masti, ekstrakti biljnih proteina, minerali, razli\u010diti \u0161e\u0107eri, kvasci, riba i riblje prera\u0111evine (2%* &#8211; jednako je 3,5% rehidrisane ribe i ribljih prera\u0111evina, sa 0,5% lososa, 0,5% bakalara i 0,5% pastrmke) Dodaci\/kg: nutritivni dodaci: IJ \/ kg: vitamin A: 32000; vitamin D3: 1000; vitamin E 170; mg \/ kg: Fe (E1): 88; I (E2): 2,2; Cu (E4): 13; Mn (E5): 41; Zn (E6): 140. Boje i antioksidansi (E310, E320, E321)<\/p>\n<p class=\"hdopro\"><strong>ANALITI\u010cKI SASTAV:<\/strong><br \/>\nproteini 35%, sadr\u017eaj masti 19,5%, sirovi pepeo 8,5%, sirova vlakna: 0.5%, omega 6 masne kiseline 2,6%.<\/p>","protected":false},"excerpt":{"rendered":"<p data-start=\"86\" data-end=\"256\">Hrskave poslastice za ma\u010dke sa ukusima ribe \u2013 lososa, osli\u0107a i crvene ribe. <strong data-start=\"162\" data-end=\"183\">Savr\u0161en me\u0111uobrok<\/strong>, <strong data-start=\"185\" data-end=\"229\">izvor vitamina i omega-3 masnih kiselina<\/strong>, <strong data-start=\"231\" data-end=\"253\">bez ve\u0161ta\u010dkih boja<\/strong>.<\/p>","protected":false},"featured_media":16503,"comment_status":"open","ping_status":"closed","template":"","meta":{"_acf_changed":false},"product_brand":[],"product_cat":[103,37,46,76],"product_tag":[],"class_list":{"0":"post-1638","1":"product","2":"type-product","3":"status-publish","4":"has-post-thumbnail","6":"product_cat-felix-hrana-za-macke","7":"product_cat-hrana-za-macke","8":"product_cat-poslastice-za-macke","9":"product_cat-sosici-za-mace","11":"first","12":"instock","13":"purchasable","14":"product-type-simple"},"acf":[],"seolaxy_ctr_woo_product_custom_meta_description_content":"","_links":{"self":[{"href":"https:\/\/www.happydog-club.com\/en\/wp-json\/wp\/v2\/product\/1638","targetHints":{"allow":["GET"]}}],"collection":[{"href":"https:\/\/www.happydog-club.com\/en\/wp-json\/wp\/v2\/product"}],"about":[{"href":"https:\/\/www.happydog-club.com\/en\/wp-json\/wp\/v2\/types\/product"}],"replies":[{"embeddable":true,"href":"https:\/\/www.happydog-club.com\/en\/wp-json\/wp\/v2\/comments?post=1638"}],"version-history":[{"count":2,"href":"https:\/\/www.happydog-club.com\/en\/wp-json\/wp\/v2\/product\/1638\/revisions"}],"predecessor-version":[{"id":20216,"href":"https:\/\/www.happydog-club.com\/en\/wp-json\/wp\/v2\/product\/1638\/revisions\/20216"}],"wp:featuredmedia":[{"embeddable":true,"href":"https:\/\/www.happydog-club.com\/en\/wp-json\/wp\/v2\/media\/16503"}],"wp:attachment":[{"href":"https:\/\/www.happydog-club.com\/en\/wp-json\/wp\/v2\/media?parent=1638"}],"wp:term":[{"taxonomy":"product_brand","embeddable":true,"href":"https:\/\/www.happydog-club.com\/en\/wp-json\/wp\/v2\/product_brand?post=1638"},{"taxonomy":"product_cat","embeddable":true,"href":"https:\/\/www.happydog-club.com\/en\/wp-json\/wp\/v2\/product_cat?post=1638"},{"taxonomy":"product_tag","embeddable":true,"href":"https:\/\/www.happydog-club.com\/en\/wp-json\/wp\/v2\/product_tag?post=1638"}],"curies":[{"name":"wp","href":"https:\/\/api.w.org\/{rel}","templated":true}]}}