{"id":1647,"date":"2024-11-06T02:47:46","date_gmt":"2024-11-06T01:47:46","guid":{"rendered":"https:\/\/www.happydog-club.com\/?post_type=product&#038;p=1647"},"modified":"2026-05-17T00:00:08","modified_gmt":"2026-05-16T22:00:08","slug":"felix-kesice-za-macke-piletina-u-zeleu-85g","status":"publish","type":"product","link":"https:\/\/www.happydog-club.com\/en\/p\/felix-kesice-za-macke-piletina-u-zeleu-85g\/","title":{"rendered":"FELIX PILETINA ZELE 85GR*#"},"content":{"rendered":"<p>HDC<\/p>","protected":false},"excerpt":{"rendered":"<p>Vla\u017ena hrana za ma\u010dke sa so\u010dnim komadi\u0107ima piletine u ne\u017enom \u017eeleu. <strong data-start=\"175\" data-end=\"208\">Bogata proteinima za energiju<\/strong>, <strong data-start=\"210\" data-end=\"246\">bez ve\u0161ta\u010dkih boja i konzervansa<\/strong>, <strong data-start=\"248\" data-end=\"285\">prakti\u010dno pakovanje za sve\u017e obrok<\/strong>.<\/p>","protected":false},"featured_media":16506,"comment_status":"open","ping_status":"closed","template":"","meta":{"_acf_changed":false},"product_brand":[],"product_cat":[492,499],"product_tag":[],"class_list":{"0":"post-1647","1":"product","2":"type-product","3":"status-publish","4":"has-post-thumbnail","6":"product_cat-merkata-purina","7":"product_cat-sos-za-mace","9":"first","10":"instock","11":"purchasable","12":"product-type-simple"},"acf":[],"seolaxy_ctr_woo_product_custom_meta_description_content":"","_links":{"self":[{"href":"https:\/\/www.happydog-club.com\/en\/wp-json\/wp\/v2\/product\/1647","targetHints":{"allow":["GET"]}}],"collection":[{"href":"https:\/\/www.happydog-club.com\/en\/wp-json\/wp\/v2\/product"}],"about":[{"href":"https:\/\/www.happydog-club.com\/en\/wp-json\/wp\/v2\/types\/product"}],"replies":[{"embeddable":true,"href":"https:\/\/www.happydog-club.com\/en\/wp-json\/wp\/v2\/comments?post=1647"}],"version-history":[{"count":3,"href":"https:\/\/www.happydog-club.com\/en\/wp-json\/wp\/v2\/product\/1647\/revisions"}],"predecessor-version":[{"id":30299,"href":"https:\/\/www.happydog-club.com\/en\/wp-json\/wp\/v2\/product\/1647\/revisions\/30299"}],"wp:featuredmedia":[{"embeddable":true,"href":"https:\/\/www.happydog-club.com\/en\/wp-json\/wp\/v2\/media\/16506"}],"wp:attachment":[{"href":"https:\/\/www.happydog-club.com\/en\/wp-json\/wp\/v2\/media?parent=1647"}],"wp:term":[{"taxonomy":"product_brand","embeddable":true,"href":"https:\/\/www.happydog-club.com\/en\/wp-json\/wp\/v2\/product_brand?post=1647"},{"taxonomy":"product_cat","embeddable":true,"href":"https:\/\/www.happydog-club.com\/en\/wp-json\/wp\/v2\/product_cat?post=1647"},{"taxonomy":"product_tag","embeddable":true,"href":"https:\/\/www.happydog-club.com\/en\/wp-json\/wp\/v2\/product_tag?post=1647"}],"curies":[{"name":"wp","href":"https:\/\/api.w.org\/{rel}","templated":true}]}}