{"id":1682,"date":"2024-11-06T02:47:51","date_gmt":"2024-11-06T01:47:51","guid":{"rendered":"https:\/\/www.happydog-club.com\/?post_type=product&#038;p=1682"},"modified":"2026-05-17T00:00:16","modified_gmt":"2026-05-16T22:00:16","slug":"felix-zele-za-mace-sa-jagnjetinom-85g","status":"publish","type":"product","link":"https:\/\/www.happydog-club.com\/en\/p\/felix-zele-za-mace-sa-jagnjetinom-85g\/","title":{"rendered":"FELIX \u017dELE ZA MACE SA JAGNJETINOM 85G"},"content":{"rendered":"<p class=\"hdopro\">Potpuna hrana za odrasle ma\u010dke sa jagnjetinom, idealna za svakodnevnu ishranu va\u0161e ma\u010dke. <strong data-start=\"426\" data-end=\"452\">Visok sadr\u017eaj proteina<\/strong> poma\u017ee u o\u010duvanju mi\u0161i\u0107ne mase i energije, dok esencijalni vitamini i minerali podr\u017eavaju <strong data-start=\"543\" data-end=\"567\">zdravlje i vitalnost<\/strong>. Hrana ne sadr\u017ei <strong data-start=\"585\" data-end=\"616\">ve\u0161ta\u010dke boje i konzervanse<\/strong>, a prakti\u010dno pakovanje omogu\u0107ava <strong data-start=\"650\" data-end=\"686\">uvek sve\u017e i lako servirani obrok<\/strong>.<\/p>\n<p class=\"hdopro\"><strong>SASTAV:<\/strong><br \/>\nmeso i \u017eivotinjski derivati (od \u010dega jagnjetina 4%), ekstrakti biljnih proteina, ribe i derivati ribe, minerali, razli\u010diti \u0161e\u0107eri.<\/p>\n<p class=\"hdopro\"><strong>ANALITI\u010cKI SASTAV:<\/strong><br \/>\nvlaga 80%; proteini: 13%; sadr\u017eaj masti: 3%; sirovi pepeo: 2,2%; sirova vlakna: 0,5%; linolna kiselina (omega-6 masna kiselina): 0,2%<\/p>","protected":false},"excerpt":{"rendered":"<p>Vla\u017ena hrana za ma\u010dke sa so\u010dnim komadi\u0107ima jagnjetine u bogatom sosu. <strong data-start=\"163\" data-end=\"201\">Bogata proteinima za sna\u017ene mi\u0161i\u0107e<\/strong>, <strong data-start=\"203\" data-end=\"239\">bez ve\u0161ta\u010dkih boja i konzervansa<\/strong>, <strong data-start=\"241\" data-end=\"270\">ukus koji ma\u010dke obo\u017eavaju<\/strong>.<\/p>","protected":false},"featured_media":16500,"comment_status":"open","ping_status":"closed","template":"","meta":{"_acf_changed":false},"product_brand":[],"product_cat":[27,103,37,76,57],"product_tag":[],"class_list":{"0":"post-1682","1":"product","2":"type-product","3":"status-publish","4":"has-post-thumbnail","6":"product_cat-akcija","7":"product_cat-felix-hrana-za-macke","8":"product_cat-hrana-za-macke","9":"product_cat-sosici-za-mace","10":"product_cat-vlazna-hrana-za-macke","12":"first","13":"instock","14":"purchasable","15":"product-type-simple"},"acf":[],"seolaxy_ctr_woo_product_custom_meta_description_content":"","_links":{"self":[{"href":"https:\/\/www.happydog-club.com\/en\/wp-json\/wp\/v2\/product\/1682","targetHints":{"allow":["GET"]}}],"collection":[{"href":"https:\/\/www.happydog-club.com\/en\/wp-json\/wp\/v2\/product"}],"about":[{"href":"https:\/\/www.happydog-club.com\/en\/wp-json\/wp\/v2\/types\/product"}],"replies":[{"embeddable":true,"href":"https:\/\/www.happydog-club.com\/en\/wp-json\/wp\/v2\/comments?post=1682"}],"version-history":[{"count":2,"href":"https:\/\/www.happydog-club.com\/en\/wp-json\/wp\/v2\/product\/1682\/revisions"}],"predecessor-version":[{"id":20229,"href":"https:\/\/www.happydog-club.com\/en\/wp-json\/wp\/v2\/product\/1682\/revisions\/20229"}],"wp:featuredmedia":[{"embeddable":true,"href":"https:\/\/www.happydog-club.com\/en\/wp-json\/wp\/v2\/media\/16500"}],"wp:attachment":[{"href":"https:\/\/www.happydog-club.com\/en\/wp-json\/wp\/v2\/media?parent=1682"}],"wp:term":[{"taxonomy":"product_brand","embeddable":true,"href":"https:\/\/www.happydog-club.com\/en\/wp-json\/wp\/v2\/product_brand?post=1682"},{"taxonomy":"product_cat","embeddable":true,"href":"https:\/\/www.happydog-club.com\/en\/wp-json\/wp\/v2\/product_cat?post=1682"},{"taxonomy":"product_tag","embeddable":true,"href":"https:\/\/www.happydog-club.com\/en\/wp-json\/wp\/v2\/product_tag?post=1682"}],"curies":[{"name":"wp","href":"https:\/\/api.w.org\/{rel}","templated":true}]}}