{"id":1705,"date":"2024-11-06T02:47:52","date_gmt":"2024-11-06T01:47:52","guid":{"rendered":"https:\/\/www.happydog-club.com\/?post_type=product&#038;p=1705"},"modified":"2026-05-17T12:00:15","modified_gmt":"2026-05-17T10:00:15","slug":"ataxxa-spot-on-ampula-za-pse-cena-je-za-jednu-ampulu","status":"publish","type":"product","link":"https:\/\/www.happydog-club.com\/en\/p\/ataxxa-spot-on-ampula-za-pse-cena-je-za-jednu-ampulu\/","title":{"rendered":"ATAXXA SPOT ON AMPULA ZA PSE DO 4kg (CENA JE ZA JEDNU AMPULU)"},"content":{"rendered":"<p class=\"hdopro\">Ataxxa ampula za pse se koristi za:Tretman i prevencija infestacije buvama (Ctenocephalides felis).Lek ubija buve na psima u roku od jednog dana nakon tretmana. Jedan tretman predstavlja prevenciju dalje infestacije buvama u trajanju od \u010detiri nedelje.Lek se mo\u017ee koristiti kao deo strategije u tretmanu alergijskog dermatitisa izazvanog buvama.Protiv infestacije krpeljima.Lek ima postojan akaricidni efekat protiv infestacije krpeljima tokom \u010detiri nedelje (Rhipicephalus sanguineus i Ixodes ricinus) i tokom tri nedelje (Dermacentor reticulatus).Mo\u017ee se dogoditi da neki krpelji, koji se ve\u0107 nalaze na psu, ne uginu u toku dva dana nakon tretmana i da ostanu na ko\u017ei i vidljivi, stoga se preporu\u010duje uklanjanje takvih krpelja u vreme tretmana da bi se spre\u010dilo njihovo ka\u010denje na ko\u017eu i hranjenje krvlju psa.Aktivne supstance: Imidakloprid, Permetrin.Dostupan samo u veterinarskoj apoteci. Pre primene pa\u017eljivo pro\u010ditajte uputstvo o veterinarsko medicinskom proizvodu. O rizicima i nuspojavama posavetujete se s veterinarom.NAPOMENA: Iskazana cena je za 1 ampulu!<\/p>","protected":false},"excerpt":{"rendered":"<p>Ataxxa ampula za pse se koristi za:Tretman i prevencija infestacije buvama (Ctenocephalides felis).Lek ubija buve na psima u roku od jednog dana nakon tretmana. Jedan tretman predstavlja prevenciju dalje infestacije buvama u trajanju od \u010detiri nedelje.Lek se mo\u017ee koristiti kao deo strategije u tretmanu alergijskog dermatitisa izazvanog buvama.Protiv infestacije krpeljima.Lek ima postojan akaricidni efekat protiv [&hellip;]<\/p>\n","protected":false},"featured_media":17171,"comment_status":"open","ping_status":"closed","template":"","meta":{"_acf_changed":false},"product_brand":[],"product_cat":[271,108,32],"product_tag":[],"class_list":{"0":"post-1705","1":"product","2":"type-product","3":"status-publish","4":"has-post-thumbnail","6":"product_cat-ampule-protiv-buva-i-krpelja-za-pse","7":"product_cat-lekovi-za-zivotinje","8":"product_cat-veterinarska-apoteka","10":"first","11":"instock","12":"purchasable","13":"product-type-simple"},"acf":[],"seolaxy_ctr_woo_product_custom_meta_description_content":"","_links":{"self":[{"href":"https:\/\/www.happydog-club.com\/en\/wp-json\/wp\/v2\/product\/1705","targetHints":{"allow":["GET"]}}],"collection":[{"href":"https:\/\/www.happydog-club.com\/en\/wp-json\/wp\/v2\/product"}],"about":[{"href":"https:\/\/www.happydog-club.com\/en\/wp-json\/wp\/v2\/types\/product"}],"replies":[{"embeddable":true,"href":"https:\/\/www.happydog-club.com\/en\/wp-json\/wp\/v2\/comments?post=1705"}],"version-history":[{"count":2,"href":"https:\/\/www.happydog-club.com\/en\/wp-json\/wp\/v2\/product\/1705\/revisions"}],"predecessor-version":[{"id":21298,"href":"https:\/\/www.happydog-club.com\/en\/wp-json\/wp\/v2\/product\/1705\/revisions\/21298"}],"wp:featuredmedia":[{"embeddable":true,"href":"https:\/\/www.happydog-club.com\/en\/wp-json\/wp\/v2\/media\/17171"}],"wp:attachment":[{"href":"https:\/\/www.happydog-club.com\/en\/wp-json\/wp\/v2\/media?parent=1705"}],"wp:term":[{"taxonomy":"product_brand","embeddable":true,"href":"https:\/\/www.happydog-club.com\/en\/wp-json\/wp\/v2\/product_brand?post=1705"},{"taxonomy":"product_cat","embeddable":true,"href":"https:\/\/www.happydog-club.com\/en\/wp-json\/wp\/v2\/product_cat?post=1705"},{"taxonomy":"product_tag","embeddable":true,"href":"https:\/\/www.happydog-club.com\/en\/wp-json\/wp\/v2\/product_tag?post=1705"}],"curies":[{"name":"wp","href":"https:\/\/api.w.org\/{rel}","templated":true}]}}