{"id":1745,"date":"2024-11-06T02:47:57","date_gmt":"2024-11-06T01:47:57","guid":{"rendered":"https:\/\/www.happydog-club.com\/?post_type=product&#038;p=1745"},"modified":"2026-05-17T00:00:10","modified_gmt":"2026-05-16T22:00:10","slug":"ipakitine-60g","status":"publish","type":"product","link":"https:\/\/www.happydog-club.com\/en\/p\/ipakitine-60g\/","title":{"rendered":"IPAKITINE 60G"},"content":{"rendered":"<p class=\"hdopro\">Hroni\u010dna Insuficijencija Bubrega (HIB) je definisana kao nesposobnost bubrega da obavljaju svoju funkciju. Bolest je progresivna i, uprkos kompenzatornim mehanizmima organizma, vodi do gubitka nefrona i, kona\u010dno, do smrti. HIB je jedan od naj\u010de\u0161\u0107ih uzroka smrti pasa i ma\u010daka.Ipakitin poma\u017ee \u017eivotinji da bude uspe\u0161nija sa HIB i na taj na\u010din joj zna\u010dajno produ\u017ei \u017eivot. Smanjenje fosfatemije je kamen temeljac tretmana HIB. Klini\u010dki je ispitan kod pasa i ma\u010daka.Kalcijum karbonat je dobro poznata substanca za vezivanje fosfata bez ikakvog toksiciteta.Chitosan (hitozan) vezuje fosfate i razli\u010dite uremi\u010dne toksine. Godine kori\u0161\u0107enja su pokazale da \u017eivotinje veoma rado uzimaju Ipakitin, i \u010dak iako su jako bolesne i imaju anoreksiju.Dostupno u pakovanjima od 60g i 180g<\/p>\n<p class=\"hdopro\"><strong>SASTAV:<\/strong><br \/> Laktoza, kalcijum karbonat, hitozan, hidrolizat soje. Izvor proteina hidrolizat soje.<\/p>\n<p class=\"hdopro\"> <strong>ANALITI\u010cKI SASTAV:<\/strong><br \/>Sirovi pepeo 10%, sirove proteini 4%, sirova ulja i masti 0,5%, sirova vlakna 0,5%, kalcijum 3,7%, kalijum 0,024%, natrijum 0,015%, fosfor 0,01%, vlaga 2,5%.<\/p>\n<p class=\"hdopro\"> <strong>DOZIRANJE:<\/strong><br \/>Ipakitin se mo\u017ee kokristiti u svim stadijumima HIB u slede\u0107im dozama (ukoliko Va\u0161 veterinar ne odredi druga\u010dije): 1gram Ipakitina (1 merna ka\u0161i\u010dica koja se nalazi u pakovanju) na 5 kg telesne te\u017eine 2 x dnevno .Po\u010detno davanje ne du\u017ee od 6 meseci. U slu\u010daju hroni\u010dne bubre\u017ene insuficijencije, preporu\u010duje se limitirati unos fosfora iz hrane i redovno testirati nivo serumskog fosfora.<\/p>","protected":false},"excerpt":{"rendered":"<p>Hroni\u010dna Insuficijencija Bubrega (HIB) je definisana kao nesposobnost bubrega da obavljaju svoju funkciju. Bolest je progresivna i, uprkos kompenzatornim mehanizmima organizma, vodi do gubitka nefrona i, kona\u010dno, do smrti. HIB je jedan od naj\u010de\u0161\u0107ih uzroka smrti pasa i ma\u010daka.Ipakitin poma\u017ee \u017eivotinji da bude uspe\u0161nija sa HIB i na taj na\u010din joj zna\u010dajno produ\u017ei \u017eivot. Smanjenje [&hellip;]<\/p>\n","protected":false},"featured_media":1775,"comment_status":"open","ping_status":"closed","template":"","meta":{"_acf_changed":false},"product_brand":[],"product_cat":[107,32],"product_tag":[],"class_list":{"0":"post-1745","1":"product","2":"type-product","3":"status-publish","4":"has-post-thumbnail","6":"product_cat-suplementi-za-zivotinje","7":"product_cat-veterinarska-apoteka","9":"first","10":"instock","11":"purchasable","12":"product-type-simple"},"acf":[],"seolaxy_ctr_woo_product_custom_meta_description_content":"","_links":{"self":[{"href":"https:\/\/www.happydog-club.com\/en\/wp-json\/wp\/v2\/product\/1745","targetHints":{"allow":["GET"]}}],"collection":[{"href":"https:\/\/www.happydog-club.com\/en\/wp-json\/wp\/v2\/product"}],"about":[{"href":"https:\/\/www.happydog-club.com\/en\/wp-json\/wp\/v2\/types\/product"}],"replies":[{"embeddable":true,"href":"https:\/\/www.happydog-club.com\/en\/wp-json\/wp\/v2\/comments?post=1745"}],"version-history":[{"count":1,"href":"https:\/\/www.happydog-club.com\/en\/wp-json\/wp\/v2\/product\/1745\/revisions"}],"predecessor-version":[{"id":20260,"href":"https:\/\/www.happydog-club.com\/en\/wp-json\/wp\/v2\/product\/1745\/revisions\/20260"}],"wp:featuredmedia":[{"embeddable":true,"href":"https:\/\/www.happydog-club.com\/en\/wp-json\/wp\/v2\/media\/1775"}],"wp:attachment":[{"href":"https:\/\/www.happydog-club.com\/en\/wp-json\/wp\/v2\/media?parent=1745"}],"wp:term":[{"taxonomy":"product_brand","embeddable":true,"href":"https:\/\/www.happydog-club.com\/en\/wp-json\/wp\/v2\/product_brand?post=1745"},{"taxonomy":"product_cat","embeddable":true,"href":"https:\/\/www.happydog-club.com\/en\/wp-json\/wp\/v2\/product_cat?post=1745"},{"taxonomy":"product_tag","embeddable":true,"href":"https:\/\/www.happydog-club.com\/en\/wp-json\/wp\/v2\/product_tag?post=1745"}],"curies":[{"name":"wp","href":"https:\/\/api.w.org\/{rel}","templated":true}]}}