{"id":1746,"date":"2024-11-06T02:47:57","date_gmt":"2024-11-06T01:47:57","guid":{"rendered":"https:\/\/www.happydog-club.com\/?post_type=product&#038;p=1746"},"modified":"2026-05-18T00:00:10","modified_gmt":"2026-05-17T22:00:10","slug":"flexadin-advanced-30-tablets","status":"publish","type":"product","link":"https:\/\/www.happydog-club.com\/en\/p\/flexadin-advanced-30-tbl\/","title":{"rendered":"FLEXADIN ADVANCED 30 TBL."},"content":{"rendered":"<p class=\"hdopro\">Flexadin Advanced is an advanced, clinically tested formula containing 10 mg of undenatured chicken collagen Type II (UC-II\u00ae), as well as Omega-3 fatty acids and Vitamin E in a tasty treat. UC-II\u00ae type II collagen is collagen obtained through a special, patented, low-temperature process that preserves its structure and function. Omega-3s have a strong anti-inflammatory effect. Vitamin E: has a proven protective effect on the cartilage matrix in multiple studies.<\/p>\n<p class=\"hdopro\"><strong>COMPOSITION:<\/strong><br \/>\nOmega 3 Fatty Acids 100 mg\nDi-alpha Tocopheryl Acetate (Vitamin E) 21 IU\nUC-II\u00ae (Collagen) 40 mg\nEicosapentaenoic Acid (EPA) 11 mg<\/p>\n<p class=\"hdopro\"><strong>ANALYTICAL COMPOSITION:<\/strong><br \/>\nCrude protein 15%, crude fat 9%, crude ash 3%, crude fiber 1.5 %. Per tablet: total omega-3 fatty acids 95mg, total eicosapentaenoic acid (EPA) 9.3mg, total vitamin E 21 IU, UCoII\u00ae<\/p>\n<p class=\"hdopro\"><strong>DOSAGE:<\/strong><br \/>\n1 treat per day, regardless of body weight.<\/p>","protected":false},"excerpt":{"rendered":"<p>Flexadin Advanced je napredna, klini\u010dki ispitana formula, koji sadr\u017ei 10 mg nezasi\u0107enog pile\u0107eg kolagena Tipa II (UC-II\u00ae), kao i Omega-3 nezasi\u0107ene masne kiseline i Vitamin E u obliku ukusne poslastice. UC-II\u00ae tip II kolagen je kolagen dobijen posebnim, patentiranim, procesom na niskim temperaturama koji \u010duva njegovu strukturu i funkciju. Omega 3 imaju sna\u017eno anti-inflamatorno dejstvo. [&hellip;]<\/p>\n","protected":false},"featured_media":17175,"comment_status":"open","ping_status":"closed","template":"","meta":{"_acf_changed":false},"product_brand":[],"product_cat":[107,32],"product_tag":[],"class_list":{"0":"post-1746","1":"product","2":"type-product","3":"status-publish","4":"has-post-thumbnail","6":"product_cat-suplementi-za-zivotinje","7":"product_cat-veterinarska-apoteka","9":"first","10":"instock","11":"purchasable","12":"product-type-simple"},"acf":[],"seolaxy_ctr_woo_product_custom_meta_description_content":"","_links":{"self":[{"href":"https:\/\/www.happydog-club.com\/en\/wp-json\/wp\/v2\/product\/1746","targetHints":{"allow":["GET"]}}],"collection":[{"href":"https:\/\/www.happydog-club.com\/en\/wp-json\/wp\/v2\/product"}],"about":[{"href":"https:\/\/www.happydog-club.com\/en\/wp-json\/wp\/v2\/types\/product"}],"replies":[{"embeddable":true,"href":"https:\/\/www.happydog-club.com\/en\/wp-json\/wp\/v2\/comments?post=1746"}],"version-history":[{"count":1,"href":"https:\/\/www.happydog-club.com\/en\/wp-json\/wp\/v2\/product\/1746\/revisions"}],"predecessor-version":[{"id":20261,"href":"https:\/\/www.happydog-club.com\/en\/wp-json\/wp\/v2\/product\/1746\/revisions\/20261"}],"wp:featuredmedia":[{"embeddable":true,"href":"https:\/\/www.happydog-club.com\/en\/wp-json\/wp\/v2\/media\/17175"}],"wp:attachment":[{"href":"https:\/\/www.happydog-club.com\/en\/wp-json\/wp\/v2\/media?parent=1746"}],"wp:term":[{"taxonomy":"product_brand","embeddable":true,"href":"https:\/\/www.happydog-club.com\/en\/wp-json\/wp\/v2\/product_brand?post=1746"},{"taxonomy":"product_cat","embeddable":true,"href":"https:\/\/www.happydog-club.com\/en\/wp-json\/wp\/v2\/product_cat?post=1746"},{"taxonomy":"product_tag","embeddable":true,"href":"https:\/\/www.happydog-club.com\/en\/wp-json\/wp\/v2\/product_tag?post=1746"}],"curies":[{"name":"wp","href":"https:\/\/api.w.org\/{rel}","templated":true}]}}