{"id":1748,"date":"2024-11-06T01:47:57","date_gmt":"2024-11-06T01:47:57","guid":{"rendered":"https:\/\/www.happydog-club.com\/?post_type=product&#038;p=1748"},"modified":"2026-05-17T12:00:11","modified_gmt":"2026-05-17T10:00:11","slug":"vet-supplements-cardio-protect-80-tableta-za-pse-i-macke","status":"publish","type":"product","link":"https:\/\/www.happydog-club.com\/en\/p\/vet-supplements-cardio-protect-80-tableta-za-pse-i-macke\/","title":{"rendered":"VET SUPPLEMENTS CARDIO PROTECT 80 TABLETA  &#8211; ZA PSE I MA\u010cKE"},"content":{"rendered":"<p class=\"hdopro\">Dodatak ishrani za pse i ma\u010dke koji poma\u017ee o\u010duvanju sr\u010dane funkcije.&nbsp;<br \/>INDIKACIJE:&nbsp;<br \/>\u2022pobolj\u0161ava vitalnost kod gerijatrijskih slu\u010dajeva&nbsp;<br \/>\u2022poja\u010dava imuni sistem&nbsp;<br \/>\u2022potpoma\u017ee kardiovaskularni sistem<br \/>\u2022poma\u017ee u spre\u010davanju bakterijskih i virusnih infekcija<br \/>\u2022prevenira pojavu unutra\u0161njih parazita<br \/>\u2022poma\u017ee u za\u0161titi od krpelja i drugih parazita<br \/>\u2022poma\u017ee obnovljanje apetita<br \/>\u2022poma\u017ee pro\u010di\u0161\u0107avanje krvi antioksidativnim delovanjem<\/p>\n<p class=\"hdopro\"><strong>SASTAV:<\/strong><br \/>1 tableta od 1,2 g sadr\u017ei:<br \/>Beli luk u prahu70 mg<br \/>Ekstrakt \u017een\u0161ena70 mg<br \/>Vitamin A300 IU<br \/>Vitamin D324 IU<br \/>Vitamin E acetat1,84 mg<br \/>Vitamin K (MNB)0.04 mg<br \/>Niacin0.5 mg<br \/>Vitamin B10.1 mg<br \/>Vitamin B20.112 mg<br \/>Vitamin B60.08 mg<br \/>Vitamin B121,2 \u03bcg<br \/>Biotin4,4 \u03bcg<br \/>Pantotenska kiselina0,224 mg<br \/>Folna kiselina0,02 mg<br \/>Gvo\u017e\u0111e \/Iron (II) carbonate\/1,6 mg<br \/>Bakar \/Cupric (II) sulfate pentohydrate\/0,2 mg<br \/>Mangan \/Manganese (II) oxide\/0,2 mg<br \/>Cink \/Zinc (II) oxide\/2,0 mg<br \/>Jod \/Coated granulated calcium iodate anhydrous\/18 \u03bcg<br \/>Selen \/Sodium selenite\/7 \u03bcg<br \/>Hranjivi sastojci:<br \/>P\u0161eni\u010dne mekinje, kalcijum karbonat<br \/>Konzervans: Limunska kiselina2,5<br \/>Nutritivna vrednost (1 tableta):<br \/>Proteini biljnog porekla62,1 mg<br \/>Ugljeni hidrati biljnog porekla290,3 mg<br \/>Masti biljnog porekla37 mg<br \/>Kalorije8,06 KJ\/1,88 kcal<br \/>Pomo\u0107ne supstance do 1,2 g:<br \/>Magnezijum stearat \u2013 100mg<br \/>Koloidalni anhidrirani silicijum \u2013 30 mg<br \/>Kukuruzni skrob \u2013 880 mg<br \/>Antioksidanti:<br \/>Butylated hydroxytoluene \u2013 10,04 \u03bcg<br \/>Propil gallate \u2013 0,825 \u03bcg<\/p>\n<p class=\"hdopro\"> <strong>DOZIRANJE:<\/strong><br \/>Psi: 1 tableta na 10 kg telesne mase, 1x do 2x na dan.<br \/>Ma\u010dke: 1\/2 tablete na 5 kg telesne mase, 1x do 2x na dan.<\/p>","protected":false},"excerpt":{"rendered":"<p>Dodatak ishrani za pse i ma\u010dke koji poma\u017ee o\u010duvanju sr\u010dane funkcije.&nbsp;INDIKACIJE:&nbsp;\u2022pobolj\u0161ava vitalnost kod gerijatrijskih slu\u010dajeva&nbsp;\u2022poja\u010dava imuni sistem&nbsp;\u2022potpoma\u017ee kardiovaskularni sistem\u2022poma\u017ee u spre\u010davanju bakterijskih i virusnih infekcija\u2022prevenira pojavu unutra\u0161njih parazita\u2022poma\u017ee u za\u0161titi od krpelja i drugih parazita\u2022poma\u017ee obnovljanje apetita\u2022poma\u017ee pro\u010di\u0161\u0107avanje krvi antioksidativnim delovanjem SASTAV:1 tableta od 1,2 g sadr\u017ei:Beli luk u prahu70 mgEkstrakt \u017een\u0161ena70 mgVitamin A300 IUVitamin [&hellip;]<\/p>\n","protected":false},"featured_media":1778,"comment_status":"open","ping_status":"closed","template":"","meta":{"_acf_changed":false},"product_brand":[],"product_cat":[107,32],"product_tag":[],"class_list":{"0":"post-1748","1":"product","2":"type-product","3":"status-publish","4":"has-post-thumbnail","6":"product_cat-suplementi-za-zivotinje","7":"product_cat-veterinarska-apoteka","9":"first","10":"instock","11":"purchasable","12":"product-type-simple"},"acf":[],"seolaxy_ctr_woo_product_custom_meta_description_content":"","_links":{"self":[{"href":"https:\/\/www.happydog-club.com\/en\/wp-json\/wp\/v2\/product\/1748","targetHints":{"allow":["GET"]}}],"collection":[{"href":"https:\/\/www.happydog-club.com\/en\/wp-json\/wp\/v2\/product"}],"about":[{"href":"https:\/\/www.happydog-club.com\/en\/wp-json\/wp\/v2\/types\/product"}],"replies":[{"embeddable":true,"href":"https:\/\/www.happydog-club.com\/en\/wp-json\/wp\/v2\/comments?post=1748"}],"version-history":[{"count":0,"href":"https:\/\/www.happydog-club.com\/en\/wp-json\/wp\/v2\/product\/1748\/revisions"}],"wp:featuredmedia":[{"embeddable":true,"href":"https:\/\/www.happydog-club.com\/en\/wp-json\/wp\/v2\/media\/1778"}],"wp:attachment":[{"href":"https:\/\/www.happydog-club.com\/en\/wp-json\/wp\/v2\/media?parent=1748"}],"wp:term":[{"taxonomy":"product_brand","embeddable":true,"href":"https:\/\/www.happydog-club.com\/en\/wp-json\/wp\/v2\/product_brand?post=1748"},{"taxonomy":"product_cat","embeddable":true,"href":"https:\/\/www.happydog-club.com\/en\/wp-json\/wp\/v2\/product_cat?post=1748"},{"taxonomy":"product_tag","embeddable":true,"href":"https:\/\/www.happydog-club.com\/en\/wp-json\/wp\/v2\/product_tag?post=1748"}],"curies":[{"name":"wp","href":"https:\/\/api.w.org\/{rel}","templated":true}]}}