{"id":1767,"date":"2024-11-06T01:47:58","date_gmt":"2024-11-06T01:47:58","guid":{"rendered":"https:\/\/www.happydog-club.com\/?post_type=product&#038;p=1767"},"modified":"2026-05-17T00:00:10","modified_gmt":"2026-05-16T22:00:10","slug":"virbac-vet-aquadent-za-higijenu-usne-supljine-250ml","status":"publish","type":"product","link":"https:\/\/www.happydog-club.com\/en\/p\/virbac-vet-aquadent-za-higijenu-usne-supljine-250ml\/","title":{"rendered":"VIRBAC VET AQUADENT ZA HIGIJENU USNE \u0160UPLJINE 250ML"},"content":{"rendered":"<p class=\"hdopro\">VIRBAC Te\u010dnost za pse i ma\u010dke Vet AquaDent za dentalnu higijenuPreparat za dnevnu oralnu higijenu kod pasa i ma\u010daka<br \/>\nVet aqaudent omogu\u0107ava sve\u017e zadah i deluje protiv naslaga na zubima i namenjen za buko-dentalnu higijenu kod pasa i ma\u010daka nakon nicanja stalnih zuba.<\/p>\n<p class=\"hdopro\"><strong>SASTAV:<\/strong><br \/>\nxylitol, glycerin.<\/p>\n<p class=\"hdopro\"><strong>DOZIRANJE:<\/strong><br \/>\nSipajte rastvor u posudu za vodu va\u0161eg ljubimca koriste\u0107i graduisanu mericu na proizvodu.Dnevna doza Vet aquadenta iznosi:<br \/>\nma\u010dka 2,5 ml<br \/>\npas &lt;10kg -5ml; pas 10-25 kg-10 ml; pas &gt;25kg-15 ml<br \/>\nSvakodnevno menjati vodu bez obzira da li je popijena ili ne.<br \/>\nPridr\u017eavajte se saveta i preporuka va\u0161eg veterinara.<\/p>","protected":false},"excerpt":{"rendered":"<p>VIRBAC Te\u010dnost za pse i ma\u010dke Vet AquaDent za dentalnu higijenuPreparat za dnevnu oralnu higijenu kod pasa i ma\u010daka Vet aqaudent omogu\u0107ava sve\u017e zadah i deluje protiv naslaga na zubima i namenjen za buko-dentalnu higijenu kod pasa i ma\u010daka nakon nicanja stalnih zuba. SASTAV: xylitol, glycerin. DOZIRANJE: Sipajte rastvor u posudu za vodu va\u0161eg ljubimca [&hellip;]<\/p>\n","protected":false},"featured_media":17126,"comment_status":"open","ping_status":"closed","template":"","meta":{"_acf_changed":false},"product_brand":[],"product_cat":[80,32],"product_tag":[],"class_list":{"0":"post-1767","1":"product","2":"type-product","3":"status-publish","4":"has-post-thumbnail","6":"product_cat-medicinska-higijena-za-zivotinje","7":"product_cat-veterinarska-apoteka","9":"first","10":"instock","11":"purchasable","12":"product-type-simple"},"acf":[],"seolaxy_ctr_woo_product_custom_meta_description_content":"","_links":{"self":[{"href":"https:\/\/www.happydog-club.com\/en\/wp-json\/wp\/v2\/product\/1767","targetHints":{"allow":["GET"]}}],"collection":[{"href":"https:\/\/www.happydog-club.com\/en\/wp-json\/wp\/v2\/product"}],"about":[{"href":"https:\/\/www.happydog-club.com\/en\/wp-json\/wp\/v2\/types\/product"}],"replies":[{"embeddable":true,"href":"https:\/\/www.happydog-club.com\/en\/wp-json\/wp\/v2\/comments?post=1767"}],"version-history":[{"count":0,"href":"https:\/\/www.happydog-club.com\/en\/wp-json\/wp\/v2\/product\/1767\/revisions"}],"wp:featuredmedia":[{"embeddable":true,"href":"https:\/\/www.happydog-club.com\/en\/wp-json\/wp\/v2\/media\/17126"}],"wp:attachment":[{"href":"https:\/\/www.happydog-club.com\/en\/wp-json\/wp\/v2\/media?parent=1767"}],"wp:term":[{"taxonomy":"product_brand","embeddable":true,"href":"https:\/\/www.happydog-club.com\/en\/wp-json\/wp\/v2\/product_brand?post=1767"},{"taxonomy":"product_cat","embeddable":true,"href":"https:\/\/www.happydog-club.com\/en\/wp-json\/wp\/v2\/product_cat?post=1767"},{"taxonomy":"product_tag","embeddable":true,"href":"https:\/\/www.happydog-club.com\/en\/wp-json\/wp\/v2\/product_tag?post=1767"}],"curies":[{"name":"wp","href":"https:\/\/api.w.org\/{rel}","templated":true}]}}