{"id":1768,"date":"2024-11-06T01:47:58","date_gmt":"2024-11-06T01:47:58","guid":{"rendered":"https:\/\/www.happydog-club.com\/?post_type=product&#038;p=1768"},"modified":"2026-05-17T00:00:11","modified_gmt":"2026-05-16T22:00:11","slug":"vet-supplements-hepato-protect-80-tableta-za-pse-i-macke","status":"publish","type":"product","link":"https:\/\/www.happydog-club.com\/en\/p\/vet-supplements-hepato-protect-80-tableta-za-pse-i-macke\/","title":{"rendered":"VET SUPPLEMENTS HEPATO PROTECT 80 TABLETA &#8211; ZA PSE I MA\u010cKE"},"content":{"rendered":"<p class=\"hdopro\">Dodatak ishrani za pse i ma\u010dke koji poma\u017ee o\u010duvanju funkcije jetre. Sadr\u017ei silimarin koji spre\u010dava ulazak hepato-toksi\u010dnih materija.<br \/>INDIKACIJE:<br \/>\u2022Poja\u010dava imunitet i stimuli\u0161e imuni sistem<br \/>\u2022\u0160titi \u0107elije jetre od slobodnih radikala i \u0161tetnih supstanci<br \/>\u2022Sna\u017ean antioksidansni kompleks, koji poma\u017ee detoksikaciju organizma<br \/>\u2022Poma\u017ee ja\u010danju krvnih sudova<br \/>\u2022Poja\u010dava apetit<br \/>\u2022Potiskuje razvoj patogena<\/p>\n<p class=\"hdopro\"><strong>SASTAV:<\/strong><br \/>1 tableta od 1,2 g sadr\u017ei:<br \/>Ekstrakt biljke sikavice (silimarin)100 mg<br \/>Beta karoten3 mg<br \/>Vitamin E1 mg<br \/>Pivski kvasac200 mg<br \/>L-arginine30 mg<\/p>\n<p class=\"hdopro\"> <strong>ANALITI\u010cKI SASTAV:<\/strong><br \/>Nutritivna vrednost (1 tableta):<br \/>Proteini biljnog porekla0 mg<br \/>Ugljeni hidrati biljnog porekla697 mg<br \/>Masti biljnog porekla0 mg<br \/>Kalorije12 KJ\/2,8 kcal<br \/>Pomo\u0107ne supstance do 1,2 g:<br \/>Magnezijum stearat \u2013 100 mg<br \/>Koloidalni anhidrirani silicijum \u2013 30 mg<br \/>Kukuruzni skrob \u2013 736 mg<\/p>\n<p class=\"hdopro\"> <strong>DOZIRANJE:<\/strong><br \/>Psi: 1 tableta na 10 kg telesne mase, 1x do 2x na dan.<br \/>Ma\u010dke: 1\/2 tablete na 5 kg telesne mase, 1x do 2x na dan.<\/p>","protected":false},"excerpt":{"rendered":"<p>Dodatak ishrani za pse i ma\u010dke koji poma\u017ee o\u010duvanju funkcije jetre. Sadr\u017ei silimarin koji spre\u010dava ulazak hepato-toksi\u010dnih materija.INDIKACIJE:\u2022Poja\u010dava imunitet i stimuli\u0161e imuni sistem\u2022\u0160titi \u0107elije jetre od slobodnih radikala i \u0161tetnih supstanci\u2022Sna\u017ean antioksidansni kompleks, koji poma\u017ee detoksikaciju organizma\u2022Poma\u017ee ja\u010danju krvnih sudova\u2022Poja\u010dava apetit\u2022Potiskuje razvoj patogena SASTAV:1 tableta od 1,2 g sadr\u017ei:Ekstrakt biljke sikavice (silimarin)100 mgBeta karoten3 mgVitamin [&hellip;]<\/p>\n","protected":false},"featured_media":1798,"comment_status":"open","ping_status":"closed","template":"","meta":{"_acf_changed":false},"product_brand":[],"product_cat":[107,32],"product_tag":[],"class_list":{"0":"post-1768","1":"product","2":"type-product","3":"status-publish","4":"has-post-thumbnail","6":"product_cat-suplementi-za-zivotinje","7":"product_cat-veterinarska-apoteka","9":"first","10":"instock","11":"purchasable","12":"product-type-simple"},"acf":[],"seolaxy_ctr_woo_product_custom_meta_description_content":"","_links":{"self":[{"href":"https:\/\/www.happydog-club.com\/en\/wp-json\/wp\/v2\/product\/1768","targetHints":{"allow":["GET"]}}],"collection":[{"href":"https:\/\/www.happydog-club.com\/en\/wp-json\/wp\/v2\/product"}],"about":[{"href":"https:\/\/www.happydog-club.com\/en\/wp-json\/wp\/v2\/types\/product"}],"replies":[{"embeddable":true,"href":"https:\/\/www.happydog-club.com\/en\/wp-json\/wp\/v2\/comments?post=1768"}],"version-history":[{"count":0,"href":"https:\/\/www.happydog-club.com\/en\/wp-json\/wp\/v2\/product\/1768\/revisions"}],"wp:featuredmedia":[{"embeddable":true,"href":"https:\/\/www.happydog-club.com\/en\/wp-json\/wp\/v2\/media\/1798"}],"wp:attachment":[{"href":"https:\/\/www.happydog-club.com\/en\/wp-json\/wp\/v2\/media?parent=1768"}],"wp:term":[{"taxonomy":"product_brand","embeddable":true,"href":"https:\/\/www.happydog-club.com\/en\/wp-json\/wp\/v2\/product_brand?post=1768"},{"taxonomy":"product_cat","embeddable":true,"href":"https:\/\/www.happydog-club.com\/en\/wp-json\/wp\/v2\/product_cat?post=1768"},{"taxonomy":"product_tag","embeddable":true,"href":"https:\/\/www.happydog-club.com\/en\/wp-json\/wp\/v2\/product_tag?post=1768"}],"curies":[{"name":"wp","href":"https:\/\/api.w.org\/{rel}","templated":true}]}}