{"id":178,"date":"2024-11-06T02:45:30","date_gmt":"2024-11-06T01:45:30","guid":{"rendered":"https:\/\/www.happydog-club.com\/?post_type=product&#038;p=178"},"modified":"2026-05-17T00:00:12","modified_gmt":"2026-05-16T22:00:12","slug":"miamor-cat-cream-sa-maltom-6x15g","status":"publish","type":"product","link":"https:\/\/www.happydog-club.com\/en\/p\/miamor-cat-cream-sa-maltom-6x15g\/","title":{"rendered":"MIAMOR CAT CREAM &#8211; SA MALTOM 6X15G"},"content":{"rendered":"<p class=\"hdopro\">Specijalna krema sa ekstraktom malta. Poslastica za mace za bolju probavu. Ekstrakti malta poma\u017eu eliminaciji loptica koje se stvaraju tokom fiziolo\u0161kog lizanja dlaka.<br \/>\nJedna kutija sadr\u017ei 6 vre\u0107ica sa jednom porcijom od 15 g. Bez \u0161e\u0107era,Bez sredstava za bojenje i konzervansa.<\/p>\n<p class=\"hdopro\"><strong>SASTAV:<\/strong><br \/>\nMeso i \u017eivotinjski nusproizvodi, biljni nusproizvodi (10% slada, 4% prehrambenih vlakana), mleko i mle\u010dni proizvodi. Prehrambeni aditivi \/ kg: Taurin 200 mg<\/p>\n<p class=\"hdopro\"><strong>ANALITI\u010cKI SASTAV:<\/strong><br \/>\nBelan\u010devine 3,0%, sadr\u017eaj masti 3,5%, pepeo 2,0%, vlakna 4,0%, vlaga 87,0%.Kalorije \/ 100 g: 39 kcal<\/p>\n<p class=\"hdopro\"><strong>PREPORUKA HRANJENJA:<\/strong>Jedno pakovanje (15 g) pokriva dnevnu potrebu mace.<br \/>\nDnevna potreba varira u zavisnosti od starosti, aktivnosti i rase. Uvek osigurajte sve\u017eu vodu za pi\u0107e.<\/p>","protected":false},"excerpt":{"rendered":"<p>Specijalna krema sa ekstraktom malta. Poslastica za mace za bolju probavu. Ekstrakti malta poma\u017eu eliminaciji loptica koje se stvaraju tokom fiziolo\u0161kog lizanja dlaka. Jedna kutija sadr\u017ei 6 vre\u0107ica sa jednom porcijom od 15 g. Bez \u0161e\u0107era,Bez sredstava za bojenje i konzervansa. SASTAV: Meso i \u017eivotinjski nusproizvodi, biljni nusproizvodi (10% slada, 4% prehrambenih vlakana), mleko i [&hellip;]<\/p>\n","protected":false},"featured_media":16535,"comment_status":"open","ping_status":"closed","template":"","meta":{"_acf_changed":false},"product_brand":[],"product_cat":[37,46],"product_tag":[],"class_list":{"0":"post-178","1":"product","2":"type-product","3":"status-publish","4":"has-post-thumbnail","6":"product_cat-hrana-za-macke","7":"product_cat-poslastice-za-macke","9":"first","10":"instock","11":"purchasable","12":"product-type-simple"},"acf":[],"seolaxy_ctr_woo_product_custom_meta_description_content":"","_links":{"self":[{"href":"https:\/\/www.happydog-club.com\/en\/wp-json\/wp\/v2\/product\/178","targetHints":{"allow":["GET"]}}],"collection":[{"href":"https:\/\/www.happydog-club.com\/en\/wp-json\/wp\/v2\/product"}],"about":[{"href":"https:\/\/www.happydog-club.com\/en\/wp-json\/wp\/v2\/types\/product"}],"replies":[{"embeddable":true,"href":"https:\/\/www.happydog-club.com\/en\/wp-json\/wp\/v2\/comments?post=178"}],"version-history":[{"count":1,"href":"https:\/\/www.happydog-club.com\/en\/wp-json\/wp\/v2\/product\/178\/revisions"}],"predecessor-version":[{"id":19524,"href":"https:\/\/www.happydog-club.com\/en\/wp-json\/wp\/v2\/product\/178\/revisions\/19524"}],"wp:featuredmedia":[{"embeddable":true,"href":"https:\/\/www.happydog-club.com\/en\/wp-json\/wp\/v2\/media\/16535"}],"wp:attachment":[{"href":"https:\/\/www.happydog-club.com\/en\/wp-json\/wp\/v2\/media?parent=178"}],"wp:term":[{"taxonomy":"product_brand","embeddable":true,"href":"https:\/\/www.happydog-club.com\/en\/wp-json\/wp\/v2\/product_brand?post=178"},{"taxonomy":"product_cat","embeddable":true,"href":"https:\/\/www.happydog-club.com\/en\/wp-json\/wp\/v2\/product_cat?post=178"},{"taxonomy":"product_tag","embeddable":true,"href":"https:\/\/www.happydog-club.com\/en\/wp-json\/wp\/v2\/product_tag?post=178"}],"curies":[{"name":"wp","href":"https:\/\/api.w.org\/{rel}","templated":true}]}}