{"id":1803,"date":"2024-11-06T01:48:03","date_gmt":"2024-11-06T01:48:03","guid":{"rendered":"https:\/\/www.happydog-club.com\/?post_type=product&#038;p=1803"},"modified":"2026-05-17T00:00:13","modified_gmt":"2026-05-16T22:00:13","slug":"vet-calm-kapsule-za-smirenje-pasa-i-macaka-70-caps","status":"publish","type":"product","link":"https:\/\/www.happydog-club.com\/en\/p\/vet-calm-kapsule-za-smirenje-pasa-i-macaka-70-caps\/","title":{"rendered":"VET CALM KAPSULE ZA SMIRENJE PASA I MA\u010cAKA 70 CAPS"},"content":{"rendered":"<p class=\"hdopro\">VetCalm je premix izbalansirane me\u0161avine eteri\u010dnih ulja i lekovitog bilja. Deluje protiv stresa i anksioznosti. Mati\u010dnjak i valerijane se koriste tradicionalno istovremeno kao blagi sedativi, anksiolitici i trankilajzeri. Nakon tretmana \u017eivotinje su opu\u0161tene, ali ne i sedirane. Povec\u0301anjem GABA (gama-amino buterne kiseline), prirodne hemikalije proizvedene u mozgu, posti\u017ee se stanje opu\u0161tanja. Time se \u0161alje umirujuc\u0301a poruka u CNS-u. Magnezijum sulfat kao dijetetski suplement, zajedno sa ekstraktima biljaka poma\u017ee da se smanji stres, i \u010dini \u017eivotinje smirenijim u periodima poja\u010danog stresa kao sto su transport, visoke ili niske temperature, veterinarske intervencije.<\/p>\n<p class=\"hdopro\"><strong>SASTAV:<\/strong><br \/>\nValerijanaMati\u010dnjakVetiverOligoelementi:<\/p>\n<p class=\"hdopro\"><strong>NA\u010cIN PRIMENE:<\/strong><br \/>\nMali psi, ma\u010dke 1 kapsula<br \/>\nSrednji psi 2 kapsule<br \/>\nVeliki psi 3 kapsule<br \/>\nKONTRAINDIKACIJE: Nisu opisane.<\/p>","protected":false},"excerpt":{"rendered":"<p>VetCalm je premix izbalansirane me\u0161avine eteri\u010dnih ulja i lekovitog bilja. Deluje protiv stresa i anksioznosti. Mati\u010dnjak i valerijane se koriste tradicionalno istovremeno kao blagi sedativi, anksiolitici i trankilajzeri. Nakon tretmana \u017eivotinje su opu\u0161tene, ali ne i sedirane. Povec\u0301anjem GABA (gama-amino buterne kiseline), prirodne hemikalije proizvedene u mozgu, posti\u017ee se stanje opu\u0161tanja. Time se \u0161alje umirujuc\u0301a [&hellip;]<\/p>\n","protected":false},"featured_media":17154,"comment_status":"open","ping_status":"closed","template":"","meta":{"_acf_changed":false},"product_brand":[],"product_cat":[107,32],"product_tag":[],"class_list":{"0":"post-1803","1":"product","2":"type-product","3":"status-publish","4":"has-post-thumbnail","6":"product_cat-suplementi-za-zivotinje","7":"product_cat-veterinarska-apoteka","9":"first","10":"instock","11":"purchasable","12":"product-type-simple"},"acf":[],"seolaxy_ctr_woo_product_custom_meta_description_content":"","_links":{"self":[{"href":"https:\/\/www.happydog-club.com\/en\/wp-json\/wp\/v2\/product\/1803","targetHints":{"allow":["GET"]}}],"collection":[{"href":"https:\/\/www.happydog-club.com\/en\/wp-json\/wp\/v2\/product"}],"about":[{"href":"https:\/\/www.happydog-club.com\/en\/wp-json\/wp\/v2\/types\/product"}],"replies":[{"embeddable":true,"href":"https:\/\/www.happydog-club.com\/en\/wp-json\/wp\/v2\/comments?post=1803"}],"version-history":[{"count":0,"href":"https:\/\/www.happydog-club.com\/en\/wp-json\/wp\/v2\/product\/1803\/revisions"}],"wp:featuredmedia":[{"embeddable":true,"href":"https:\/\/www.happydog-club.com\/en\/wp-json\/wp\/v2\/media\/17154"}],"wp:attachment":[{"href":"https:\/\/www.happydog-club.com\/en\/wp-json\/wp\/v2\/media?parent=1803"}],"wp:term":[{"taxonomy":"product_brand","embeddable":true,"href":"https:\/\/www.happydog-club.com\/en\/wp-json\/wp\/v2\/product_brand?post=1803"},{"taxonomy":"product_cat","embeddable":true,"href":"https:\/\/www.happydog-club.com\/en\/wp-json\/wp\/v2\/product_cat?post=1803"},{"taxonomy":"product_tag","embeddable":true,"href":"https:\/\/www.happydog-club.com\/en\/wp-json\/wp\/v2\/product_tag?post=1803"}],"curies":[{"name":"wp","href":"https:\/\/api.w.org\/{rel}","templated":true}]}}