{"id":1805,"date":"2024-11-06T02:48:03","date_gmt":"2024-11-06T01:48:03","guid":{"rendered":"https:\/\/www.happydog-club.com\/?post_type=product&#038;p=1805"},"modified":"2026-05-17T00:00:17","modified_gmt":"2026-05-16T22:00:17","slug":"avevet-valeriana-za-pse-i-macke-100ml","status":"publish","type":"product","link":"https:\/\/www.happydog-club.com\/en\/p\/avevet-valeriana-za-pse-i-macke-100ml\/","title":{"rendered":"AVEVET VALERIANA ZA PSE I MA\u010cKE 100ML"},"content":{"rendered":"<p class=\"hdopro\">AVEVET Valeriana je oralni rastvor namenjen ubla\u017eavanju simptoma stresa, ankcioznosti, agresije i svih vrsta poreme\u0107aja u pona\u0161anju pasa i ma\u010daka, uklju\u010duju\u0107i strah od grmljevine i vatrometa, stres tokom transporta, posete veterinaru, promena u ku\u0107i i novih \u010dlanova doma\u0107instva.<br \/><strong>Pre upotrebe dobro promu\u0107kati.<\/strong><br \/><strong>Aplikovati direktno u usta ili dodavanjem u hranu. <\/strong><\/p>\n<p class=\"hdopro\"><strong>DOZIRANJE:<\/strong><br \/>Za pse telesne mase manje od 5kg: 3-4 kapi;<br \/>Za pse telesne mase od 5kg do 15kg: 4-15 kapi;<br \/>Za pse telesne mase od 15kg do 50kg: 15-30 kapi;<br \/>Za pse telesne mase ve\u0107e od 50kg: 30-60 kapi;<br \/>Za ma\u010dke: 7-15 kapi<\/p>","protected":false},"excerpt":{"rendered":"<p>AVEVET Valeriana je oralni rastvor namenjen ubla\u017eavanju simptoma stresa, ankcioznosti, agresije i svih vrsta poreme\u0107aja u pona\u0161anju pasa i ma\u010daka, uklju\u010duju\u0107i strah od grmljevine i vatrometa, stres tokom transporta, posete veterinaru, promena u ku\u0107i i novih \u010dlanova doma\u0107instva.Pre upotrebe dobro promu\u0107kati.Aplikovati direktno u usta ili dodavanjem u hranu. DOZIRANJE:Za pse telesne mase manje od 5kg: [&hellip;]<\/p>\n","protected":false},"featured_media":1835,"comment_status":"open","ping_status":"closed","template":"","meta":{"_acf_changed":false},"product_brand":[],"product_cat":[107,32],"product_tag":[],"class_list":{"0":"post-1805","1":"product","2":"type-product","3":"status-publish","4":"has-post-thumbnail","6":"product_cat-suplementi-za-zivotinje","7":"product_cat-veterinarska-apoteka","9":"first","10":"instock","11":"purchasable","12":"product-type-simple"},"acf":[],"seolaxy_ctr_woo_product_custom_meta_description_content":"","_links":{"self":[{"href":"https:\/\/www.happydog-club.com\/en\/wp-json\/wp\/v2\/product\/1805","targetHints":{"allow":["GET"]}}],"collection":[{"href":"https:\/\/www.happydog-club.com\/en\/wp-json\/wp\/v2\/product"}],"about":[{"href":"https:\/\/www.happydog-club.com\/en\/wp-json\/wp\/v2\/types\/product"}],"replies":[{"embeddable":true,"href":"https:\/\/www.happydog-club.com\/en\/wp-json\/wp\/v2\/comments?post=1805"}],"version-history":[{"count":1,"href":"https:\/\/www.happydog-club.com\/en\/wp-json\/wp\/v2\/product\/1805\/revisions"}],"predecessor-version":[{"id":20277,"href":"https:\/\/www.happydog-club.com\/en\/wp-json\/wp\/v2\/product\/1805\/revisions\/20277"}],"wp:featuredmedia":[{"embeddable":true,"href":"https:\/\/www.happydog-club.com\/en\/wp-json\/wp\/v2\/media\/1835"}],"wp:attachment":[{"href":"https:\/\/www.happydog-club.com\/en\/wp-json\/wp\/v2\/media?parent=1805"}],"wp:term":[{"taxonomy":"product_brand","embeddable":true,"href":"https:\/\/www.happydog-club.com\/en\/wp-json\/wp\/v2\/product_brand?post=1805"},{"taxonomy":"product_cat","embeddable":true,"href":"https:\/\/www.happydog-club.com\/en\/wp-json\/wp\/v2\/product_cat?post=1805"},{"taxonomy":"product_tag","embeddable":true,"href":"https:\/\/www.happydog-club.com\/en\/wp-json\/wp\/v2\/product_tag?post=1805"}],"curies":[{"name":"wp","href":"https:\/\/api.w.org\/{rel}","templated":true}]}}