{"id":186,"date":"2024-11-06T02:45:30","date_gmt":"2024-11-06T01:45:30","guid":{"rendered":"https:\/\/www.happydog-club.com\/?post_type=product&#038;p=186"},"modified":"2026-05-17T00:00:11","modified_gmt":"2026-05-16T22:00:11","slug":"cibau-sensitive-medium-maxi-adult-jagnjetina-12kg","status":"publish","type":"product","link":"https:\/\/www.happydog-club.com\/en\/p\/cibau-sensitive-medium-maxi-adult-jagnjetina-12kg\/","title":{"rendered":"CIBAU SENSITIVE  MEDIUM &AMP; MAXI ADULT JAGNJETINA 12KG"},"content":{"rendered":"<p data-start=\"482\" data-end=\"779\">Za pse koji imaju osetljiv \u017eeludac, ali zaslu\u017euju nutritivno bogatu ishranu! <strong data-start=\"559\" data-end=\"605\">Farmina Cibau Sensitive Lamb Medium &amp; Maxi<\/strong> je specijalno formulisana hrana sa <strong data-start=\"641\" data-end=\"685\">jagnjetinom kao jedinim izvorom proteina<\/strong>, \u0161to je \u010dini savr\u0161enim izborom za pse sa alergijama ili intolerancijom na druge vrste mesa.<\/p>\n<p data-start=\"781\" data-end=\"1093\">Ova hrana ne sadr\u017ei gluten i oboga\u0107ena je lako svarljivim ugljenim hidratima iz pirin\u010da, dok prirodna vlakna iz pulpe cvekle doprinose zdravoj probavi. <strong data-start=\"933\" data-end=\"969\">Omega-3 i omega-6 masne kiseline<\/strong> podr\u017eavaju zdravlje ko\u017ee i sjajnu dlaku, dok dodaci vitamina i minerala ja\u010daju imunitet i poma\u017eu u odr\u017eavanju vitalnosti.<\/p>\n<p data-start=\"1095\" data-end=\"1240\">Savr\u0161ena je za odrasle pse srednjih i velikih rasa kojima je potrebna visokokvalitetna, ali ne\u017ena ishrana koja ne optere\u0107uje digestivni sistem.<\/p>\n<p data-start=\"1242\" data-end=\"1482\"><strong data-start=\"1242\" data-end=\"1264\">Klju\u010dne prednosti:<\/strong><br data-start=\"1264\" data-end=\"1267\" \/>\ud83d\udc3e Jagnjetina kao jedini izvor proteina \u2013 idealna za pse sa intolerancijama<br data-start=\"1341\" data-end=\"1344\" \/>\ud83d\udc3e Omega-3 i omega-6 \u2013 podr\u017eavaju zdravu ko\u017eu i sjajnu dlaku<br data-start=\"1403\" data-end=\"1406\" \/>\ud83d\udc3e Bez glutena \u2013 lako svarljiva hrana pogodna za pse sa osetljivim stomakom<\/p>\n<p class=\"hdopro\"><strong>SASTAV:<\/strong><br \/>\nDehidrirana jagnjetina (28%), pirina\u010d (28%), kukuruz (23%), pile\u0107a mast (5%), dehidrirana riba, suva pulpa cvekle (4%), jaja u prahu (4%), riblje ulje (2%), biljno ulje (1%), natrijum hlorid, suvi pivski kvasac (0,3%). NUTRITIVNI SASTOJCI ADITIVI PO KG Hranljivi dodaci: vitamin A 10000 IJ; vitamin D3 1000 IJ; vitamin E 100 mg; vitamin C 100 mg; nijacin 25 mg; pantotenska kiselina 10 mg; vitamin B2 5 mg; vitamin B6 4 mg; vitamin B1 3 mg; vitamin H 0,25 mg; folna kiselina 0,30 mg; vitamin B12 0,04 mg; holin hlorid 1500 mg; cink oksid 108 mg; cink sulfat monohidrat 120 mg; mangan sulfat monohidrat 150 mg; gvo\u017e\u0111e sulfat monohidrat 44 mg; gvo\u017e\u0111e karbonat 60 mg; bakar sulfat pentahidrat 50 mg; bezvodni kalcijum jodat 2,4 mg; natrijum selenit 0,22 mg; DL-metionin 1500 mg.<\/p>\n<p class=\"hdopro\"><strong>ANALITI\u010cKI SASTAV:<\/strong><br \/>\nSirovi proteini 23%; sirove masti i ulja 10%; sirova vlakna 2%; sirovi pepeo 7%; kalcijum 1,2%; fosfor 0,9%.<\/p>\n<p class=\"hdopro\"><strong>PREPORUKA HRANJENJA:<\/strong><\/p>\n<p>&nbsp;<\/p>\n<table>\n<thead>\n<tr>\n<th>Te\u017eina psa (kg)<\/th>\n<th>15<\/th>\n<th>20<\/th>\n<th>25<\/th>\n<th>30<\/th>\n<th>40<\/th>\n<th>50<\/th>\n<th>60<\/th>\n<\/tr>\n<\/thead>\n<tbody>\n<tr>\n<td>Dnevna potreba (g)<\/td>\n<td>155-285g<\/td>\n<td>190-360g<\/td>\n<td>230-420g<\/td>\n<td>260-485g<\/td>\n<td>325-600g<\/td>\n<td>385-715g<\/td>\n<td>440-820g<\/td>\n<\/tr>\n<\/tbody>\n<\/table>\n<p>&nbsp;<\/p>","protected":false},"excerpt":{"rendered":"<p><strong data-start=\"138\" data-end=\"184\">Farmina Cibau Sensitive Lamb Medium &amp; Maxi<\/strong> je premium hrana sa <strong data-start=\"205\" data-end=\"249\">jagnjetinom kao jedinim izvorom proteina<\/strong>, idealna za pse srednjih i velikih rasa sa osetljivom probavom ili intolerancijom na druge vrste mesa. Bez glutena, sa lako svarljivim sastojcima i omega masnim kiselinama za zdravu ko\u017eu i sjajnu dlaku.<\/p>","protected":false},"featured_media":17267,"comment_status":"open","ping_status":"closed","template":"","meta":{"_acf_changed":false},"product_brand":[],"product_cat":[27,52,31,30],"product_tag":[],"class_list":{"0":"post-186","1":"product","2":"type-product","3":"status-publish","4":"has-post-thumbnail","6":"product_cat-akcija","7":"product_cat-cibau-hrana-za-pse","8":"product_cat-granule-za-pse","9":"product_cat-hrana-za-pse","11":"first","12":"instock","13":"purchasable","14":"product-type-simple"},"acf":[],"seolaxy_ctr_woo_product_custom_meta_description_content":"","_links":{"self":[{"href":"https:\/\/www.happydog-club.com\/en\/wp-json\/wp\/v2\/product\/186","targetHints":{"allow":["GET"]}}],"collection":[{"href":"https:\/\/www.happydog-club.com\/en\/wp-json\/wp\/v2\/product"}],"about":[{"href":"https:\/\/www.happydog-club.com\/en\/wp-json\/wp\/v2\/types\/product"}],"replies":[{"embeddable":true,"href":"https:\/\/www.happydog-club.com\/en\/wp-json\/wp\/v2\/comments?post=186"}],"version-history":[{"count":2,"href":"https:\/\/www.happydog-club.com\/en\/wp-json\/wp\/v2\/product\/186\/revisions"}],"predecessor-version":[{"id":19532,"href":"https:\/\/www.happydog-club.com\/en\/wp-json\/wp\/v2\/product\/186\/revisions\/19532"}],"wp:featuredmedia":[{"embeddable":true,"href":"https:\/\/www.happydog-club.com\/en\/wp-json\/wp\/v2\/media\/17267"}],"wp:attachment":[{"href":"https:\/\/www.happydog-club.com\/en\/wp-json\/wp\/v2\/media?parent=186"}],"wp:term":[{"taxonomy":"product_brand","embeddable":true,"href":"https:\/\/www.happydog-club.com\/en\/wp-json\/wp\/v2\/product_brand?post=186"},{"taxonomy":"product_cat","embeddable":true,"href":"https:\/\/www.happydog-club.com\/en\/wp-json\/wp\/v2\/product_cat?post=186"},{"taxonomy":"product_tag","embeddable":true,"href":"https:\/\/www.happydog-club.com\/en\/wp-json\/wp\/v2\/product_tag?post=186"}],"curies":[{"name":"wp","href":"https:\/\/api.w.org\/{rel}","templated":true}]}}