{"id":1869,"date":"2024-11-06T01:48:08","date_gmt":"2024-11-06T01:48:08","guid":{"rendered":"https:\/\/www.happydog-club.com\/?post_type=product&#038;p=1869"},"modified":"2026-05-17T00:00:08","modified_gmt":"2026-05-16T22:00:08","slug":"dr-vet-kalcivet-100-tableta","status":"publish","type":"product","link":"https:\/\/www.happydog-club.com\/en\/p\/dr-vet-kalcivet-100-tableta\/","title":{"rendered":"DR.VET KALCIVET &#8211; 100 TABLETA"},"content":{"rendered":"<p class=\"hdopro\">Vitaminsko mineralni dodatak u ishrani pasa i ma\u010daka namenjen \u0161tencima i ma\u010di\u0107ima  po\u010dev\u0161i od 3 do 12 meseci starosti.Sadr\u017ei sve \u0161to je potrebno za najosetljiviji period \u017eivota svakog psa i ma\u010dke (optimalan odnos Ca i P, kompleks vitamina i minerala, amino kiseline) za podr\u0161ku izgradnji ko\u0161tanog i mi\u0161i\u0107nog sistema, za pravilno i jako zubalo. Preporu\u010duje se u drugoj polovini graviditeta kada plodovi po\u010dinju intenzivno da rastu kao i sve vreme dok kuje i ma\u010dke doje svoje mladunce. Svojim sastavom poma\u017ee izgradnju ko\u0161tanog sistema plodova i madun\u010dadi, pru\u017ea podr\u0161ku kujama i ma\u010dkama tokom perioda laktacije i poma\u017ee \u017eenkama brzo vra\u0107anje kondicije nakon perioda dojenja.Preporuka je redovna, dnevna doza 1 tableta na 10 kilograma telesne mase.Kod dojnih kuja i ma\u010daka broj tableta se mo\u017ee uve\u0107ati u odnosu na broj \u0161tenadi<\/p>\n<p class=\"hdopro\"><strong>SASTAV:<\/strong><br \/>Ca-kalcijuma 18%, P-fosfora 6%.Sadr\u017ei po kg :Vitamin A, retinol acetate 700.000 IU, Vitamin D3, cholecalciferol 100.000 IU, Vitamin E, alpha-tocopherol acetate 3.000 mg, Vitamin K3, menadione sodium bisulfite 150 mg, Vitamin B1, thiamine hydrochloride 300 mg, Vitamin B2, riboflavine 600 mg, Vitamin B6, pyridoxine hydrochloride 200 mg, Vitamin B12, cyanocobalamin 0.8 mg, Vitamin C, ascorbic acid 2000 mg, Kalpan, Calcium D-pantothenate(Vit B5) 500 mg, Niacin, Nicotinamide 1.000 mg,  Folna kiselina, Folic acid 100 mg, Biotin H2 10 mg, Gvo\u017e\u0111e-(Fe) sulfat  2.000 mg, Bakar-(Cu- helat) 100 mg,Cink-(Zn) sulfat 2.000 mg, Mangan-(Mn) sulfat 1.500 mg, Magnezium-(Mg) oksid 1 000 mg, Kobalt-(Co) 20 mg, Jod-(I) 35 mg, Selen-(Se) 5 mg, Lizin  4.000 mg, Metionin 4.000 mgSadr\u017eaj pomo\u0107nih supstanci: Pivski kvasac, Celuloza, Silikon dioksid, Magnezijum stearat.<\/p>\n<p class=\"hdopro\"><strong>DOZIRANJE:<\/strong><br \/>Redovna, dnevna preporu\u010dena doza:<br \/>1 tableta do 10 kg telesne te\u017eine.<br \/>Poja\u010dana-terapeutska, dnevna preporu\u010dena doza:<br \/>2 tablete do 10 kg telesne te\u017eine.<\/p>","protected":false},"excerpt":{"rendered":"<p>Vitaminsko mineralni dodatak u ishrani pasa i ma\u010daka namenjen \u0161tencima i ma\u010di\u0107ima po\u010dev\u0161i od 3 do 12 meseci starosti.Sadr\u017ei sve \u0161to je potrebno za najosetljiviji period \u017eivota svakog psa i ma\u010dke (optimalan odnos Ca i P, kompleks vitamina i minerala, amino kiseline) za podr\u0161ku izgradnji ko\u0161tanog i mi\u0161i\u0107nog sistema, za pravilno i jako zubalo. Preporu\u010duje [&hellip;]<\/p>\n","protected":false},"featured_media":1894,"comment_status":"open","ping_status":"closed","template":"","meta":{"_acf_changed":false},"product_brand":[],"product_cat":[107,32],"product_tag":[],"class_list":{"0":"post-1869","1":"product","2":"type-product","3":"status-publish","4":"has-post-thumbnail","6":"product_cat-suplementi-za-zivotinje","7":"product_cat-veterinarska-apoteka","9":"first","10":"instock","11":"purchasable","12":"product-type-simple"},"acf":[],"seolaxy_ctr_woo_product_custom_meta_description_content":"","_links":{"self":[{"href":"https:\/\/www.happydog-club.com\/en\/wp-json\/wp\/v2\/product\/1869","targetHints":{"allow":["GET"]}}],"collection":[{"href":"https:\/\/www.happydog-club.com\/en\/wp-json\/wp\/v2\/product"}],"about":[{"href":"https:\/\/www.happydog-club.com\/en\/wp-json\/wp\/v2\/types\/product"}],"replies":[{"embeddable":true,"href":"https:\/\/www.happydog-club.com\/en\/wp-json\/wp\/v2\/comments?post=1869"}],"version-history":[{"count":0,"href":"https:\/\/www.happydog-club.com\/en\/wp-json\/wp\/v2\/product\/1869\/revisions"}],"wp:featuredmedia":[{"embeddable":true,"href":"https:\/\/www.happydog-club.com\/en\/wp-json\/wp\/v2\/media\/1894"}],"wp:attachment":[{"href":"https:\/\/www.happydog-club.com\/en\/wp-json\/wp\/v2\/media?parent=1869"}],"wp:term":[{"taxonomy":"product_brand","embeddable":true,"href":"https:\/\/www.happydog-club.com\/en\/wp-json\/wp\/v2\/product_brand?post=1869"},{"taxonomy":"product_cat","embeddable":true,"href":"https:\/\/www.happydog-club.com\/en\/wp-json\/wp\/v2\/product_cat?post=1869"},{"taxonomy":"product_tag","embeddable":true,"href":"https:\/\/www.happydog-club.com\/en\/wp-json\/wp\/v2\/product_tag?post=1869"}],"curies":[{"name":"wp","href":"https:\/\/api.w.org\/{rel}","templated":true}]}}