{"id":2106,"date":"2024-11-06T01:48:30","date_gmt":"2024-11-06T01:48:30","guid":{"rendered":"https:\/\/www.happydog-club.com\/?post_type=product&#038;p=2106"},"modified":"2026-05-17T12:00:10","modified_gmt":"2026-05-17T10:00:10","slug":"vet-life-cat-hepatic-400gr","status":"publish","type":"product","link":"https:\/\/www.happydog-club.com\/en\/p\/vet-life-cat-hepatic-400gr\/","title":{"rendered":"VET LIFE CAT HEPATIC 400GR"},"content":{"rendered":"<p class=\"hdopro\">Podr\u0161ka funkciji jetre u slu\u010daju hroni\u010dne insuficijencije. Farmina Vet Life Hepatic je kompletna dijetetska hrana za ma\u010dke, namenjena podr\u0161ci funkciji jetre u slu\u010dajevima hroni\u010dne insuficijencije. Hrana sadr\u017ei namernice sa umerenom koncentracijom visoko kvalitetnih proteina, esencijalnih masnih kiselina i svarljivih ugljenih hidrata.<\/p>\n<p class=\"hdopro\"><strong>COMPOSITION:<\/strong><br \/>\nSpelta, kukuruzni gluten, hidrolizovani riblji proteini, zob, \u017eivotinjske masti, riblje ulje, dehidrirano pile\u0107e meso, kalcijum karbonat, lan, kalijum hlorid, pirin\u010dani skrob, suva pulpa repe, frukto-oligosaharidi (FOS), ekstrakt oligosaharida-manoza izolovana iz Saccharomyces cerevisiae, natrijum hlorid, suvi pivski kvasac, ekstrakt cveta nevena ( izvor Luteina). Izvor proteina: kukuruzni gluten, hidrolizovani riblji proteini, dehidrirano pile\u0107e meso.<br \/>\n<strong>Nutritivni dodaci:<\/strong> Vitamin A 15000IU; Vitamin D3 900IU; Vitamin E 900mg; Vitamin C 150mg; Niacin 38mg; pantotenska kiselina 15mg; Vitamin B2 7.5mg; Vitamin B6 6mg; Vitamin B1 4.5mg; Vitamin H 0.4mg; folna kiselina 0.45mg; Vitamin B12 0.06mg; holin hlorid 2800mg; beta karoten 1.5mg; cink helat analog metionin hidroksilaze 1060mg; mangan helat analog metionin hidroksilaze 400mg; gvo\u017e\u0111e helat glicin hidrata 185mg; bakar helat analog metionin hidroksilaze 11mg; selen metionin 68mg; bezvodni kalcijum jodid 2.4mg; L-lisin HCL 4500mg; DL-metionin 6000mg; taurin 4800mg; L-karnitin 650mg. Antioksidans: tokoferol &#8211; bogat prirodni izvor 10mg.<\/p>\n<p class=\"hdopro\"><strong>ANALYTICAL COMPOSITION:<\/strong><br \/>\nSirovi proteini 26.00%; ulje i mast 20.00%; sirova vlakna 2.20%; pepeo 6.90%; kalcijum 0.85%; fosfor 0.65%; natrijum 0.40%; kalijum 0.70%; magnezijum 0.075%; omega-3 masne kiseline 0.85%; omega-6 masne kiseline 4.10%; EPA 0.18%; DHA 0.25%; esencijalne masne kiseline 0.55%; ukupno bakra 5mg\/kg.<\/p>","protected":false},"excerpt":{"rendered":"<p>Podr\u0161ka funkciji jetre u slu\u010daju hroni\u010dne insuficijencije. Farmina Vet Life Hepatic je kompletna dijetetska hrana za ma\u010dke, namenjena podr\u0161ci funkciji jetre u slu\u010dajevima hroni\u010dne insuficijencije. Hrana sadr\u017ei namernice sa umerenom koncentracijom visoko kvalitetnih proteina, esencijalnih masnih kiselina i svarljivih ugljenih hidrata. SASTAV: Spelta, kukuruzni gluten, hidrolizovani riblji proteini, zob, \u017eivotinjske masti, riblje ulje, dehidrirano pile\u0107e [&hellip;]<\/p>\n","protected":false},"featured_media":16611,"comment_status":"open","ping_status":"closed","template":"","meta":{"_acf_changed":false},"product_brand":[],"product_cat":[120,32],"product_tag":[],"class_list":{"0":"post-2106","1":"product","2":"type-product","3":"status-publish","4":"has-post-thumbnail","6":"product_cat-medicinska-hrana-za-macke","7":"product_cat-veterinarska-apoteka","9":"first","10":"instock","11":"purchasable","12":"product-type-simple"},"acf":[],"seolaxy_ctr_woo_product_custom_meta_description_content":"","_links":{"self":[{"href":"https:\/\/www.happydog-club.com\/en\/wp-json\/wp\/v2\/product\/2106","targetHints":{"allow":["GET"]}}],"collection":[{"href":"https:\/\/www.happydog-club.com\/en\/wp-json\/wp\/v2\/product"}],"about":[{"href":"https:\/\/www.happydog-club.com\/en\/wp-json\/wp\/v2\/types\/product"}],"replies":[{"embeddable":true,"href":"https:\/\/www.happydog-club.com\/en\/wp-json\/wp\/v2\/comments?post=2106"}],"version-history":[{"count":0,"href":"https:\/\/www.happydog-club.com\/en\/wp-json\/wp\/v2\/product\/2106\/revisions"}],"wp:featuredmedia":[{"embeddable":true,"href":"https:\/\/www.happydog-club.com\/en\/wp-json\/wp\/v2\/media\/16611"}],"wp:attachment":[{"href":"https:\/\/www.happydog-club.com\/en\/wp-json\/wp\/v2\/media?parent=2106"}],"wp:term":[{"taxonomy":"product_brand","embeddable":true,"href":"https:\/\/www.happydog-club.com\/en\/wp-json\/wp\/v2\/product_brand?post=2106"},{"taxonomy":"product_cat","embeddable":true,"href":"https:\/\/www.happydog-club.com\/en\/wp-json\/wp\/v2\/product_cat?post=2106"},{"taxonomy":"product_tag","embeddable":true,"href":"https:\/\/www.happydog-club.com\/en\/wp-json\/wp\/v2\/product_tag?post=2106"}],"curies":[{"name":"wp","href":"https:\/\/api.w.org\/{rel}","templated":true}]}}