{"id":2108,"date":"2024-11-06T01:48:30","date_gmt":"2024-11-06T01:48:30","guid":{"rendered":"https:\/\/www.happydog-club.com\/?post_type=product&#038;p=2108"},"modified":"2026-05-17T12:00:11","modified_gmt":"2026-05-17T10:00:11","slug":"vet-life-cat-struvite-management-2kg","status":"publish","type":"product","link":"https:\/\/www.happydog-club.com\/en\/p\/vet-life-cat-struvite-management-2kg\/","title":{"rendered":"VET LIFE CAT STRUVITE MANAGEMENT 2KG"},"content":{"rendered":"<p class=\"hdopro\">Farmina Vet Life Struvite Management za ma\u010dke je dijetetska hrana namenjena spre\u010davanju ponovnog nastanka urolita i terapija idiopatskog cistitisa.<\/p>\n<p class=\"hdopro\"><strong>COMPOSITION:<\/strong><br \/>\nKukuruzni gluten, pirina\u010d, dehidrirano pile\u0107e meso, ovas, \u017eivotinjske masti, hidrolizovani \u017eivotinjski proteini, dehidrirana jaja, riblje ulje, kalijum hlorid, biljna ulja, kalcijum karbonat, frukto-oligosaharidi, manano-oligosaharidi, natrijum hlorid, glukozamin, ekstrakt cveta nevena (izvor luteina). Sastojci koji zaki\u0161eljavaju urin: amonijum hlorid (3.5g\/kg); DL-metionin (2.5g\/kg).<br \/>\n<strong>Nutritivni dodaci:<\/strong> Vitamin A 15000IU; Vitamin D3 600IU; Vitamin E 550mg; Vitamin C 250mg; Niacin 125mg; Pantotenska kiselina 42mg; Vitamin B2 17mg; Vitamin B6 7mg; VItamin B1 8mg; Vitamin H 1.3mg; folna kiselina 1.3mg; Vitamin B12 0.08mg; holin hlorid 2500mg; Beta-karoten 1.5mg; cink helat analog metionin hidroksilaze 725mg; mangan helat analog metionin hidroksilaze 385mg; gvo\u017e\u0111e helat od glicin hidrata 185mg; bakar helat analog metionin hidroksilaze 60mg; selenmetionin 60mg; bezvodni kalcijum jodid 2.4mg; taurin 2000mg; DL-metionin 2500mg; L-lizin HCI 1000mg; L-karnitin 250mg. Antioksidans: tokoferol &#8211; bogat prirodni izvor 10mg. Regulator kiselosti mokra\u0107e: amonijum hlorid 3500mg.<\/p>\n<p class=\"hdopro\"><strong>ANALYTICAL COMPOSITION:<\/strong><br \/>\nSirovi proteini 33.00%; sirove masti i ulja 16.50%; sirova vlakna 1.20%; pepeo 6.60%; kalcijum 0.85%; fosfor 0.70%; natrijum 0.40%; kalijum 0.65%; magnezijum 0.06%; hlorid 0.95%; sumpor 0.40%; omega-6 masne kiseline 3.20%; omega-3 masne kiseline 0.40%; EPA 0.10%; DHA 0.15%.<\/p>","protected":false},"excerpt":{"rendered":"<p>Farmina Vet Life Struvite Management za ma\u010dke je dijetetska hrana namenjena spre\u010davanju ponovnog nastanka urolita i terapija idiopatskog cistitisa. SASTAV: Kukuruzni gluten, pirina\u010d, dehidrirano pile\u0107e meso, ovas, \u017eivotinjske masti, hidrolizovani \u017eivotinjski proteini, dehidrirana jaja, riblje ulje, kalijum hlorid, biljna ulja, kalcijum karbonat, frukto-oligosaharidi, manano-oligosaharidi, natrijum hlorid, glukozamin, ekstrakt cveta nevena (izvor luteina). Sastojci koji zaki\u0161eljavaju [&hellip;]<\/p>\n","protected":false},"featured_media":16614,"comment_status":"open","ping_status":"closed","template":"","meta":{"_acf_changed":false},"product_brand":[],"product_cat":[120,32],"product_tag":[],"class_list":{"0":"post-2108","1":"product","2":"type-product","3":"status-publish","4":"has-post-thumbnail","6":"product_cat-medicinska-hrana-za-macke","7":"product_cat-veterinarska-apoteka","9":"first","10":"instock","11":"purchasable","12":"product-type-simple"},"acf":[],"seolaxy_ctr_woo_product_custom_meta_description_content":"","_links":{"self":[{"href":"https:\/\/www.happydog-club.com\/en\/wp-json\/wp\/v2\/product\/2108","targetHints":{"allow":["GET"]}}],"collection":[{"href":"https:\/\/www.happydog-club.com\/en\/wp-json\/wp\/v2\/product"}],"about":[{"href":"https:\/\/www.happydog-club.com\/en\/wp-json\/wp\/v2\/types\/product"}],"replies":[{"embeddable":true,"href":"https:\/\/www.happydog-club.com\/en\/wp-json\/wp\/v2\/comments?post=2108"}],"version-history":[{"count":1,"href":"https:\/\/www.happydog-club.com\/en\/wp-json\/wp\/v2\/product\/2108\/revisions"}],"predecessor-version":[{"id":4304,"href":"https:\/\/www.happydog-club.com\/en\/wp-json\/wp\/v2\/product\/2108\/revisions\/4304"}],"wp:featuredmedia":[{"embeddable":true,"href":"https:\/\/www.happydog-club.com\/en\/wp-json\/wp\/v2\/media\/16614"}],"wp:attachment":[{"href":"https:\/\/www.happydog-club.com\/en\/wp-json\/wp\/v2\/media?parent=2108"}],"wp:term":[{"taxonomy":"product_brand","embeddable":true,"href":"https:\/\/www.happydog-club.com\/en\/wp-json\/wp\/v2\/product_brand?post=2108"},{"taxonomy":"product_cat","embeddable":true,"href":"https:\/\/www.happydog-club.com\/en\/wp-json\/wp\/v2\/product_cat?post=2108"},{"taxonomy":"product_tag","embeddable":true,"href":"https:\/\/www.happydog-club.com\/en\/wp-json\/wp\/v2\/product_tag?post=2108"}],"curies":[{"name":"wp","href":"https:\/\/api.w.org\/{rel}","templated":true}]}}