{"id":25937,"date":"2026-03-18T02:49:25","date_gmt":"2026-03-18T01:49:25","guid":{"rendered":"https:\/\/www.happydog-club.com\/?post_type=product&#038;p=25937"},"modified":"2026-05-17T00:00:15","modified_gmt":"2026-05-16T22:00:15","slug":"dechra-specific-heart-kidney-support-za-pse-300g","status":"publish","type":"product","link":"https:\/\/www.happydog-club.com\/en\/p\/dechra-specific-heart-kidney-support-za-pse-300g\/","title":{"rendered":"DECHRA SPECIFIC HEART &#038; KIDNEY SUPPORT ZA PSE 300G"},"content":{"rendered":"<p>VET LIFE DOG CARDIAC 2KG \u2013 Premium medicinska hrana za pse sa sr\u010danim problemima<\/p>\n<p>VET LIFE DOG CARDIAC 2KG je specijalizovana medicinska hrana namenjena psima koji pate od sr\u010danih problema. Ova visokokvalitetna formula razvijena je u saradnji sa veterinarima kako bi pru\u017eila optimalnu podr\u0161ku zdravlju srca va\u0161eg ljubimca.<\/p>\n<p>Main advantages:<br \/>\n&#8211; Podr\u017eava funkciju srca i krvnih sudova<br \/>\n&#8211; Smanjen nivo natrijuma za rastere\u0107enje srca<br \/>\n&#8211; Oboga\u0107ena esencijalnim masnim kiselinama (EPA i DHA)<br \/>\n&#8211; Prilago\u0111en odnos minerala za zdravlje organizma<br \/>\n&#8211; Lako svarljiva i ukusna formula<\/p>\n<p>Who is this product intended for?<br \/>\n&#8211; Psima sa dijagnostikovanim sr\u010danim problemima<br \/>\n&#8211; Starijim psima sklonim kardiovaskularnim oboljenjima<br \/>\n&#8211; Vlasnicima koji \u017eele najbolju veterinarsku podr\u0161ku za svog psa<\/p>\n<p>How to use:<br \/>\n&#8211; Koristiti isklju\u010divo po preporuci veterinara<br \/>\n&#8211; Pratiti preporu\u010denu dnevnu koli\u010dinu u skladu sa te\u017einom i stanjem psa<br \/>\n&#8211; Obezbediti stalno dostupnu sve\u017eu vodu<\/p>\n<p>VET LIFE DOG CARDIAC 2KG je pravi izbor za vlasnike koji \u017eele da svom psu pru\u017ee vrhunsku negu i podr\u0161ku zdravlju srca kroz ishranu. Izaberite kvalitet, sigurnost i stru\u010dnu formulu za dug i sre\u0107an \u017eivot va\u0161eg ljubimca.<\/p>","protected":false},"excerpt":{"rendered":"<p>DECHRA SPECIFIC Heart &amp; Kidney Support je specijalizovana vla\u017ena hrana za pse koja podr\u017eava zdravlje srca i bubrega va\u0161eg ljubimca. Prilago\u0111en sastav poma\u017ee u smanjenju optere\u0107enja ovih vitalnih organa, dok visokokvalitetni sastojci obezbe\u0111uju optimalnu ishranu i energiju. Obezbedite svom psu ukusnu podr\u0161ku za dug i zdrav \u017eivot!<\/p>","protected":false},"featured_media":17271,"comment_status":"open","ping_status":"closed","template":"","meta":{"_acf_changed":false},"product_brand":[],"product_cat":[30,33,64],"product_tag":[],"class_list":{"0":"post-25937","1":"product","2":"type-product","3":"status-publish","4":"has-post-thumbnail","6":"product_cat-hrana-za-pse","7":"product_cat-medicinska-hrana-za-pse","8":"product_cat-vlazna-hrana-za-pse","10":"first","11":"instock","12":"taxable","13":"shipping-taxable","14":"purchasable","15":"product-type-simple"},"acf":[],"seolaxy_ctr_woo_product_custom_meta_description_content":"","_links":{"self":[{"href":"https:\/\/www.happydog-club.com\/en\/wp-json\/wp\/v2\/product\/25937","targetHints":{"allow":["GET"]}}],"collection":[{"href":"https:\/\/www.happydog-club.com\/en\/wp-json\/wp\/v2\/product"}],"about":[{"href":"https:\/\/www.happydog-club.com\/en\/wp-json\/wp\/v2\/types\/product"}],"replies":[{"embeddable":true,"href":"https:\/\/www.happydog-club.com\/en\/wp-json\/wp\/v2\/comments?post=25937"}],"version-history":[{"count":2,"href":"https:\/\/www.happydog-club.com\/en\/wp-json\/wp\/v2\/product\/25937\/revisions"}],"predecessor-version":[{"id":26234,"href":"https:\/\/www.happydog-club.com\/en\/wp-json\/wp\/v2\/product\/25937\/revisions\/26234"}],"wp:featuredmedia":[{"embeddable":true,"href":"https:\/\/www.happydog-club.com\/en\/wp-json\/wp\/v2\/media\/17271"}],"wp:attachment":[{"href":"https:\/\/www.happydog-club.com\/en\/wp-json\/wp\/v2\/media?parent=25937"}],"wp:term":[{"taxonomy":"product_brand","embeddable":true,"href":"https:\/\/www.happydog-club.com\/en\/wp-json\/wp\/v2\/product_brand?post=25937"},{"taxonomy":"product_cat","embeddable":true,"href":"https:\/\/www.happydog-club.com\/en\/wp-json\/wp\/v2\/product_cat?post=25937"},{"taxonomy":"product_tag","embeddable":true,"href":"https:\/\/www.happydog-club.com\/en\/wp-json\/wp\/v2\/product_tag?post=25937"}],"curies":[{"name":"wp","href":"https:\/\/api.w.org\/{rel}","templated":true}]}}