{"id":25949,"date":"2026-03-18T02:49:26","date_gmt":"2026-03-18T01:49:26","guid":{"rendered":"https:\/\/www.happydog-club.com\/?post_type=product&#038;p=25949"},"modified":"2026-05-17T00:00:14","modified_gmt":"2026-05-16T22:00:14","slug":"superior-care-sensitive-skin-stomach-jagnjetina-za-odrasle-pse-svih-rasa-1-5kg","status":"publish","type":"product","link":"https:\/\/www.happydog-club.com\/en\/p\/superior-care-sensitive-skin-stomach-jagnjetina-za-odrasle-pse-svih-rasa-1-5kg\/","title":{"rendered":"SUPERIOR CARE SENSITIVE SKIN &#038; STOMACH JAGNJETINA  &#8211; ZA ODRASLE PSE SVIH RASA 1.5KG"},"content":{"rendered":"<p>DECHRA JOINT SUPPORT za podr\u0161ku zglobova i hrskavice je vrhunska medicinska hrana namenjena psima kojima je potrebna posebna nega zglobova. Ova specijalizovana formula poma\u017ee u o\u010duvanju pokretljivosti, smanjenju upala i ja\u010danju hrskavice, pru\u017eaju\u0107i va\u0161em ljubimcu kvalitetniji i aktivniji \u017eivot.<\/p>\n<p>Main advantages:<br \/>\n&#8211; Podr\u017eava zdravlje zglobova i hrskavice<br \/>\n&#8211; Smanjuje bol i uko\u010denost kod pasa sa problemima u kretanju<br \/>\n&#8211; Bogata esencijalnim nutrijentima i antioksidansima<br \/>\n&#8211; Prakti\u010dna i ukusna granula koju psi rado jedu<br \/>\n&#8211; Preporu\u010dena od strane veterinara<\/p>\n<p>Who is this product intended for?<br \/>\n&#8211; Psima svih rasa i veli\u010dina sa problemima zglobova ili sklono\u0161\u0107u ka artritisu<br \/>\n&#8211; Starijim psima kojima je potrebna dodatna podr\u0161ka pokretljivosti<br \/>\n&#8211; Psima u oporavku nakon povreda ili operacija zglobova<br \/>\n&#8211; Aktivnim i sportskim psima za prevenciju povreda<\/p>\n<p>How to use:<br \/>\n&#8211; Dnevnu koli\u010dinu prilagoditi prema telesnoj te\u017eini psa i preporuci veterinara<br \/>\n&#8211; Mo\u017ee se koristiti kao potpuna ili dopunska hrana<br \/>\n&#8211; Preporu\u010duje se kontinuirana upotreba za optimalne rezultate<\/p>\n<p>Izaberite DECHRA JOINT SUPPORT i obezbedite svom psu zdravlje, vitalnost i bezbri\u017eno kretanje svakog dana!<\/p>","protected":false},"excerpt":{"rendered":"<p>SUPERIOR CARE SENSITIVE SKIN &amp; STOMACH JAGNJETINA je hipoalergenska hrana posebno formulisana za odrasle pse svih rasa sa osetljivom ko\u017eom i stomakom. Bogata je lako svarljivom jagnjetinom i prirodnim sastojcima koji umanjuju iritacije i podr\u017eavaju zdravlje ko\u017ee i dlake. Obezbedite svom ljubimcu optimalnu ishranu i svakodnevnu vitalnost!<\/p>","protected":false},"featured_media":1060,"comment_status":"open","ping_status":"closed","template":"","meta":{"_acf_changed":false},"product_brand":[],"product_cat":[31,66,30,83],"product_tag":[],"class_list":{"0":"post-25949","1":"product","2":"type-product","3":"status-publish","4":"has-post-thumbnail","6":"product_cat-granule-za-pse","7":"product_cat-hipoalergenska-hrana-za-pse","8":"product_cat-hrana-za-pse","9":"product_cat-superior-care-hrana-za-pse","11":"first","12":"instock","13":"taxable","14":"shipping-taxable","15":"purchasable","16":"product-type-simple"},"acf":[],"seolaxy_ctr_woo_product_custom_meta_description_content":"","_links":{"self":[{"href":"https:\/\/www.happydog-club.com\/en\/wp-json\/wp\/v2\/product\/25949","targetHints":{"allow":["GET"]}}],"collection":[{"href":"https:\/\/www.happydog-club.com\/en\/wp-json\/wp\/v2\/product"}],"about":[{"href":"https:\/\/www.happydog-club.com\/en\/wp-json\/wp\/v2\/types\/product"}],"replies":[{"embeddable":true,"href":"https:\/\/www.happydog-club.com\/en\/wp-json\/wp\/v2\/comments?post=25949"}],"version-history":[{"count":2,"href":"https:\/\/www.happydog-club.com\/en\/wp-json\/wp\/v2\/product\/25949\/revisions"}],"predecessor-version":[{"id":26233,"href":"https:\/\/www.happydog-club.com\/en\/wp-json\/wp\/v2\/product\/25949\/revisions\/26233"}],"wp:featuredmedia":[{"embeddable":true,"href":"https:\/\/www.happydog-club.com\/en\/wp-json\/wp\/v2\/media\/1060"}],"wp:attachment":[{"href":"https:\/\/www.happydog-club.com\/en\/wp-json\/wp\/v2\/media?parent=25949"}],"wp:term":[{"taxonomy":"product_brand","embeddable":true,"href":"https:\/\/www.happydog-club.com\/en\/wp-json\/wp\/v2\/product_brand?post=25949"},{"taxonomy":"product_cat","embeddable":true,"href":"https:\/\/www.happydog-club.com\/en\/wp-json\/wp\/v2\/product_cat?post=25949"},{"taxonomy":"product_tag","embeddable":true,"href":"https:\/\/www.happydog-club.com\/en\/wp-json\/wp\/v2\/product_tag?post=25949"}],"curies":[{"name":"wp","href":"https:\/\/api.w.org\/{rel}","templated":true}]}}