{"id":26014,"date":"2026-03-18T02:49:30","date_gmt":"2026-03-18T01:49:30","guid":{"rendered":"https:\/\/www.happydog-club.com\/?post_type=product&#038;p=26014"},"modified":"2026-05-17T01:32:09","modified_gmt":"2026-05-16T23:32:09","slug":"hills-gastrointestinal-biome-hrana-za-pse-1-5kg","status":"publish","type":"product","link":"https:\/\/www.happydog-club.com\/en\/p\/hills-gastrointestinal-biome-hrana-za-pse-1-5kg\/","title":{"rendered":"HILLS GASTROINTESTINAL BIOME HRANA ZA PSE 1.5KG"},"content":{"rendered":"<p>DECHRA SPECIFIC DENTAL S 5X40G je vrhunska medicinska poslastica za pse, posebno razvijena za o\u010duvanje zdravlja zuba i desni va\u0161eg ljubimca. Ovaj proizvod kombinuje izuzetnu ukusnost sa naprednom formulom za dentalnu higijenu, \u010dine\u0107i ga savr\u0161enim izborom za svakodnevnu negu.<\/p>\n<p>Main advantages:<br \/>\n&#8211; Efikasno smanjuje stvaranje zubnog kamenca i naslaga<br \/>\n&#8211; Odr\u017eava sve\u017e dah i zdravlje desni<br \/>\n&#8211; Prakti\u010dno pakovanje \u2013 5 pojedina\u010dnih kesica po 40g<br \/>\n&#8211; Visok kvalitet sastojaka, bez ve\u0161ta\u010dkih dodataka<br \/>\n&#8211; Preporu\u010deno od strane veterinara<\/p>\n<p>Kome je namenjen:<br \/>\n&#8211; Svim psima kojima je potrebna dodatna dentalna nega<br \/>\n&#8211; Idealno za pse sklone problemima sa zubima i desnima<br \/>\n&#8211; Pogodno za pse svih rasa i veli\u010dina<\/p>\n<p>How to use:<br \/>\n&#8211; Dajte psu jednu poslasticu dnevno, kao dodatak redovnoj ishrani<br \/>\n&#8211; Mo\u017ee se koristiti kao nagrada ili motivacija tokom treninga<br \/>\n&#8211; Uvek obezbedite sve\u017eu vodu uz poslasticu<\/p>\n<p>Brinite o zdravlju svog psa na jednostavan i ukusan na\u010din uz DECHRA SPECIFIC DENTAL S \u2013 jer zdrav osmeh zna\u010di sre\u0107an ljubimac!<\/p>","protected":false},"excerpt":{"rendered":"<p>HILLS Gastrointestinal Biome hrana za pse sa inovativnom ActivBiome+ tehnologijom podr\u017eava zdravu probavu i brzo vra\u0107a ravnote\u017eu crevne flore. Ova medicinska hrana poma\u017ee kod problema sa varenjem, smanjuje rizik od ponovnog javljanja stoma\u010dnih tegoba i doprinosi op\u0161tem zdravlju va\u0161eg psa. Izaberite Hills za sre\u0107nog i vitalnog ljubimca!<\/p>","protected":false},"featured_media":17279,"comment_status":"open","ping_status":"closed","template":"","meta":{"_acf_changed":false},"product_brand":[457],"product_cat":[70,49,33],"product_tag":[],"class_list":{"0":"post-26014","1":"product","2":"type-product","3":"status-publish","4":"has-post-thumbnail","6":"product_brand-hills","7":"product_cat-gastro-digestivna-hrana-za-pse","8":"product_cat-hills-hrana-za-pse","9":"product_cat-medicinska-hrana-za-pse","11":"first","12":"instock","13":"taxable","14":"shipping-taxable","15":"purchasable","16":"product-type-simple"},"acf":[],"seolaxy_ctr_woo_product_custom_meta_description_content":"","_links":{"self":[{"href":"https:\/\/www.happydog-club.com\/en\/wp-json\/wp\/v2\/product\/26014","targetHints":{"allow":["GET"]}}],"collection":[{"href":"https:\/\/www.happydog-club.com\/en\/wp-json\/wp\/v2\/product"}],"about":[{"href":"https:\/\/www.happydog-club.com\/en\/wp-json\/wp\/v2\/types\/product"}],"replies":[{"embeddable":true,"href":"https:\/\/www.happydog-club.com\/en\/wp-json\/wp\/v2\/comments?post=26014"}],"version-history":[{"count":1,"href":"https:\/\/www.happydog-club.com\/en\/wp-json\/wp\/v2\/product\/26014\/revisions"}],"predecessor-version":[{"id":26044,"href":"https:\/\/www.happydog-club.com\/en\/wp-json\/wp\/v2\/product\/26014\/revisions\/26044"}],"wp:featuredmedia":[{"embeddable":true,"href":"https:\/\/www.happydog-club.com\/en\/wp-json\/wp\/v2\/media\/17279"}],"wp:attachment":[{"href":"https:\/\/www.happydog-club.com\/en\/wp-json\/wp\/v2\/media?parent=26014"}],"wp:term":[{"taxonomy":"product_brand","embeddable":true,"href":"https:\/\/www.happydog-club.com\/en\/wp-json\/wp\/v2\/product_brand?post=26014"},{"taxonomy":"product_cat","embeddable":true,"href":"https:\/\/www.happydog-club.com\/en\/wp-json\/wp\/v2\/product_cat?post=26014"},{"taxonomy":"product_tag","embeddable":true,"href":"https:\/\/www.happydog-club.com\/en\/wp-json\/wp\/v2\/product_tag?post=26014"}],"curies":[{"name":"wp","href":"https:\/\/api.w.org\/{rel}","templated":true}]}}