{"id":26062,"date":"2026-03-18T02:49:34","date_gmt":"2026-03-18T01:49:34","guid":{"rendered":"https:\/\/www.happydog-club.com\/?post_type=product&#038;p=26062"},"modified":"2026-05-17T00:00:18","modified_gmt":"2026-05-16T22:00:18","slug":"hills-z-d-za-pse-10kg","status":"publish","type":"product","link":"https:\/\/www.happydog-club.com\/en\/p\/hills-z-d-za-pse-10kg\/","title":{"rendered":"HILLS Z\/D DOG 10KG"},"content":{"rendered":"<p>HILLS Z\/D ZA PSE 10KG \u2013 Hipoalergenska hrana za pse sa posebnim potrebama<\/p>\n<p>HILLS Z\/D je vrhunska medicinska hrana za pse, posebno formulisana za ljubimce sa alergijama i intolerancijama na hranu. Ova hipoalergenska formula pru\u017ea sigurnost i podr\u0161ku zdravlju va\u0161eg psa, dok istovremeno zadovoljava sve nutritivne potrebe.<\/p>\n<p>Main advantages:<br \/>\n&#8211; Klini\u010dki dokazana pomo\u0107 kod alergija i intolerancija na hranu<br \/>\n&#8211; Smanjuje simptome kao \u0161to su svrab, problemi sa ko\u017eom i probavne smetnje<br \/>\n&#8211; Sadr\u017ei visokokvalitetne, hidrolizovane proteine koji minimizuju rizik od alergijskih reakcija<br \/>\n&#8211; Podr\u017eava zdravlje ko\u017ee i dlake zahvaljuju\u0107i optimalnom balansu nutrijenata<br \/>\n&#8211; Prakti\u010dno pakovanje od 10kg za dugotrajnu upotrebu<\/p>\n<p>Kome je namenjen ovaj proizvod:<br \/>\n&#8211; Psima sa dijagnostikovanim alergijama ili intolerancijama na hranu<br \/>\n&#8211; Ljubimcima sa \u010destim problemima ko\u017ee, svrabom ili probavnim smetnjama<br \/>\n&#8211; Vlasnicima koji \u017eele sigurnu, proverenu i kvalitetnu ishranu za svog psa<\/p>\n<p>How to use:<br \/>\n&#8211; Preporu\u010duje se upotreba prema uputstvu veterinara<br \/>\n&#8211; Postepeno uvoditi novu hranu tokom 7 dana<br \/>\n&#8211; Obezbediti sve\u017eu vodu uz obrok<\/p>\n<p>Izaberite HILLS Z\/D za pse i obezbedite svom ljubimcu zdravlje, energiju i kvalitetan \u017eivot bez alergija!<\/p>","protected":false},"excerpt":{"rendered":"<p>HILLS Z\/D za pse 10kg je specijalno formulirana hipoalergenska hrana koja poma\u017ee u rje\u0161avanju problema s alergijama i intolerancijama na hranu. Ova medicinska hrana podr\u017eava zdravu ko\u017eu i probavu, pru\u017eaju\u0107i va\u0161em psu olak\u0161anje i vitalnost svaki dan. Izaberite sigurnost i kvalitetu koju preporu\u010duju veterinari!<\/p>","protected":false},"featured_media":17287,"comment_status":"open","ping_status":"closed","template":"","meta":{"_acf_changed":false},"product_brand":[457],"product_cat":[27,49,66,30,33,32],"product_tag":[],"class_list":{"0":"post-26062","1":"product","2":"type-product","3":"status-publish","4":"has-post-thumbnail","6":"product_brand-hills","7":"product_cat-akcija","8":"product_cat-hills-hrana-za-pse","9":"product_cat-hipoalergenska-hrana-za-pse","10":"product_cat-hrana-za-pse","11":"product_cat-medicinska-hrana-za-pse","12":"product_cat-veterinarska-apoteka","14":"first","15":"instock","16":"taxable","17":"shipping-taxable","18":"purchasable","19":"product-type-simple"},"acf":[],"seolaxy_ctr_woo_product_custom_meta_description_content":"","_links":{"self":[{"href":"https:\/\/www.happydog-club.com\/en\/wp-json\/wp\/v2\/product\/26062","targetHints":{"allow":["GET"]}}],"collection":[{"href":"https:\/\/www.happydog-club.com\/en\/wp-json\/wp\/v2\/product"}],"about":[{"href":"https:\/\/www.happydog-club.com\/en\/wp-json\/wp\/v2\/types\/product"}],"replies":[{"embeddable":true,"href":"https:\/\/www.happydog-club.com\/en\/wp-json\/wp\/v2\/comments?post=26062"}],"version-history":[{"count":3,"href":"https:\/\/www.happydog-club.com\/en\/wp-json\/wp\/v2\/product\/26062\/revisions"}],"predecessor-version":[{"id":26487,"href":"https:\/\/www.happydog-club.com\/en\/wp-json\/wp\/v2\/product\/26062\/revisions\/26487"}],"wp:featuredmedia":[{"embeddable":true,"href":"https:\/\/www.happydog-club.com\/en\/wp-json\/wp\/v2\/media\/17287"}],"wp:attachment":[{"href":"https:\/\/www.happydog-club.com\/en\/wp-json\/wp\/v2\/media?parent=26062"}],"wp:term":[{"taxonomy":"product_brand","embeddable":true,"href":"https:\/\/www.happydog-club.com\/en\/wp-json\/wp\/v2\/product_brand?post=26062"},{"taxonomy":"product_cat","embeddable":true,"href":"https:\/\/www.happydog-club.com\/en\/wp-json\/wp\/v2\/product_cat?post=26062"},{"taxonomy":"product_tag","embeddable":true,"href":"https:\/\/www.happydog-club.com\/en\/wp-json\/wp\/v2\/product_tag?post=26062"}],"curies":[{"name":"wp","href":"https:\/\/api.w.org\/{rel}","templated":true}]}}