{"id":26077,"date":"2026-03-18T02:49:34","date_gmt":"2026-03-18T01:49:34","guid":{"rendered":"https:\/\/www.happydog-club.com\/?post_type=product&#038;p=26077"},"modified":"2026-05-17T12:00:11","modified_gmt":"2026-05-17T10:00:11","slug":"vet-life-dog-gastrointestinal-12kg","status":"publish","type":"product","link":"https:\/\/www.happydog-club.com\/en\/p\/vet-life-dog-gastrointestinal-12kg\/","title":{"rendered":"VET LIFE DOG GASTROINTESTINAL 12KG"},"content":{"rendered":"<p>VET LIFE DOG GASTROINTESTINAL 12KG \u2013 Premium medicinska hrana za pse sa probavnim smetnjama<\/p>\n<p>VET LIFE DOG GASTROINTESTINAL 12KG je specijalizovana hrana vrhunskog kvaliteta, namenjena psima koji pate od gastrointestinalnih problema. Ova medicinska hrana izuzetno je efikasna u podr\u0161ci zdravlju probavnog sistema, obezbe\u0111uju\u0107i va\u0161em ljubimcu optimalnu ishranu i br\u017ei oporavak.<\/p>\n<p>Main advantages:<br \/>\n&#8211; Prilago\u0111ena formula za pse sa osetljivim stomakom i crevima<br \/>\n&#8211; Podr\u017eava ravnote\u017eu crevne flore i olak\u0161ava varenje<br \/>\n&#8211; Bogata lako svarljivim proteinima i izvorima energije<br \/>\n&#8211; Sadr\u017ei prebiotike i vlakna za zdravu probavu<br \/>\n&#8211; Poma\u017ee u smanjenju simptoma kao \u0161to su dijareja, povra\u0107anje i nadutost<\/p>\n<p>Who is this product intended for?<br \/>\n&#8211; Psima svih rasa i veli\u010dina sa dijagnostikovanim gastrointestinalnim problemima<br \/>\n&#8211; Ljubimcima koji se oporavljaju od bolesti ili operacija probavnog sistema<br \/>\n&#8211; Vlasnicima koji \u017eele da pru\u017ee svom psu najbolju mogu\u0107u podr\u0161ku za zdravlje creva<\/p>\n<p>How to use:<br \/>\n&#8211; Koristiti isklju\u010divo po preporuci veterinara<br \/>\n&#8211; Pratiti uputstva za doziranje u skladu sa te\u017einom i potrebama psa<br \/>\n&#8211; Mo\u017ee se koristiti kao potpuna ishrana tokom perioda oporavka ili kao deo terapije<\/p>\n<p>VET LIFE DOG GASTROINTESTINAL 12KG je idealan izbor za vlasnike koji \u017eele da svom psu obezbede vrhunsku negu, kvalitetne sastojke i efikasnu podr\u0161ku zdravlju probavnog sistema. Iskoristite akcijsku ponudu i pru\u017eite svom ljubimcu najbolju medicinsku hranu na tr\u017ei\u0161tu!<\/p>","protected":false},"excerpt":{"rendered":"<p>Vet Life Dog Gastrointestinal 12kg je specijalizovana medicinska hrana koja poma\u017ee u regulaciji varenja i podr\u017eava zdravlje creva va\u0161eg psa. Idealan izbor za ljubimce sa osetljivim stomakom, obezbe\u0111uje optimalnu ishranu i brzo olak\u0161anje digestivnih tegoba. Poklonite svom psu zdravlje i vitalnost svakog dana!<\/p>","protected":false},"featured_media":17414,"comment_status":"open","ping_status":"closed","template":"","meta":{"_acf_changed":false},"product_brand":[],"product_cat":[27,30,33,294,32],"product_tag":[],"class_list":{"0":"post-26077","1":"product","2":"type-product","3":"status-publish","4":"has-post-thumbnail","6":"product_cat-akcija","7":"product_cat-hrana-za-pse","8":"product_cat-medicinska-hrana-za-pse","9":"product_cat-vet-life-hrana-za-pse","10":"product_cat-veterinarska-apoteka","12":"first","13":"instock","14":"taxable","15":"shipping-taxable","16":"purchasable","17":"product-type-simple"},"acf":[],"seolaxy_ctr_woo_product_custom_meta_description_content":"","_links":{"self":[{"href":"https:\/\/www.happydog-club.com\/en\/wp-json\/wp\/v2\/product\/26077","targetHints":{"allow":["GET"]}}],"collection":[{"href":"https:\/\/www.happydog-club.com\/en\/wp-json\/wp\/v2\/product"}],"about":[{"href":"https:\/\/www.happydog-club.com\/en\/wp-json\/wp\/v2\/types\/product"}],"replies":[{"embeddable":true,"href":"https:\/\/www.happydog-club.com\/en\/wp-json\/wp\/v2\/comments?post=26077"}],"version-history":[{"count":2,"href":"https:\/\/www.happydog-club.com\/en\/wp-json\/wp\/v2\/product\/26077\/revisions"}],"predecessor-version":[{"id":26359,"href":"https:\/\/www.happydog-club.com\/en\/wp-json\/wp\/v2\/product\/26077\/revisions\/26359"}],"wp:featuredmedia":[{"embeddable":true,"href":"https:\/\/www.happydog-club.com\/en\/wp-json\/wp\/v2\/media\/17414"}],"wp:attachment":[{"href":"https:\/\/www.happydog-club.com\/en\/wp-json\/wp\/v2\/media?parent=26077"}],"wp:term":[{"taxonomy":"product_brand","embeddable":true,"href":"https:\/\/www.happydog-club.com\/en\/wp-json\/wp\/v2\/product_brand?post=26077"},{"taxonomy":"product_cat","embeddable":true,"href":"https:\/\/www.happydog-club.com\/en\/wp-json\/wp\/v2\/product_cat?post=26077"},{"taxonomy":"product_tag","embeddable":true,"href":"https:\/\/www.happydog-club.com\/en\/wp-json\/wp\/v2\/product_tag?post=26077"}],"curies":[{"name":"wp","href":"https:\/\/api.w.org\/{rel}","templated":true}]}}