{"id":26143,"date":"2026-03-18T02:49:39","date_gmt":"2026-03-18T01:49:39","guid":{"rendered":"https:\/\/www.happydog-club.com\/?post_type=product&#038;p=26143"},"modified":"2026-05-17T00:00:22","modified_gmt":"2026-05-16T22:00:22","slug":"hills-l-d-za-pse-10kg","status":"publish","type":"product","link":"https:\/\/www.happydog-club.com\/en\/p\/hills-l-d-za-pse-10kg\/","title":{"rendered":"HILLS L\/D ZA PSE 10kg"},"content":{"rendered":"<p>HILLS L\/D ZA PSE 10kg je vrhunska medicinska hrana posebno formulisana za pse sa problemima jetre. Ova specijalizovana dijeta pru\u017ea optimalnu podr\u0161ku zdravlju jetre, poma\u017eu\u0107i va\u0161em ljubimcu da \u017eivi sre\u0107nije i kvalitetnije.<\/p>\n<p>Main advantages:<br \/>\n&#8211; Podr\u017eava funkciju jetre i olak\u0161ava regeneraciju<br \/>\n&#8211; Prilago\u0111en nivo proteina i esencijalnih nutrijenata<br \/>\n&#8211; Sadr\u017ei antioksidanse za ja\u010danje imuniteta<br \/>\n&#8211; Lako svarljiva formula za maksimalnu apsorpciju hranljivih materija<br \/>\n&#8211; Klini\u010dki ispitana i preporu\u010dena od strane veterinara<\/p>\n<p>Who is this product intended for?<br \/>\n&#8211; Psima sa dijagnostikovanim problemima jetre<br \/>\n&#8211; Ljubimcima koji zahtevaju specijalnu ishranu zbog zdravstvenih tegoba<br \/>\n&#8211; Vlasnicima koji \u017eele da pru\u017ee svom psu najvi\u0161i kvalitet i sigurnost u ishrani<\/p>\n<p>How to use:<br \/>\nUse only as directed by your veterinarian<br \/>\n&#8211; Pratiti uputstva za doziranje u skladu sa te\u017einom i potrebama psa<br \/>\n&#8211; Mo\u017ee se koristiti kao potpuna dnevna ishrana<\/p>\n<p>Izaberite HILLS L\/D ZA PSE 10kg i obezbedite svom psu zdravlje, energiju i vitalnost uz proverenu medicinsku hranu vrhunskog kvaliteta.<\/p>","protected":false},"excerpt":{"rendered":"<p>HILLS L\/D za pse 10kg je specijalizovana medicinska hrana koja podr\u017eava zdravlje jetre va\u0161eg psa i poma\u017ee u smanjenju optere\u0107enja ovog va\u017enog organa. Obezbe\u0111uje optimalnu ishranu, lako se vari i doprinosi boljem op\u0161tem stanju i energiji va\u0161eg ljubimca. Izaberite sigurnost i kvalitet za zdravlje svog psa!<\/p>","protected":false},"featured_media":24083,"comment_status":"open","ping_status":"closed","template":"","meta":{"_acf_changed":false},"product_brand":[],"product_cat":[27,49,66,30,33],"product_tag":[],"class_list":{"0":"post-26143","1":"product","2":"type-product","3":"status-publish","4":"has-post-thumbnail","6":"product_cat-akcija","7":"product_cat-hills-hrana-za-pse","8":"product_cat-hipoalergenska-hrana-za-pse","9":"product_cat-hrana-za-pse","10":"product_cat-medicinska-hrana-za-pse","12":"first","13":"instock","14":"taxable","15":"shipping-taxable","16":"purchasable","17":"product-type-simple"},"acf":[],"seolaxy_ctr_woo_product_custom_meta_description_content":"","_links":{"self":[{"href":"https:\/\/www.happydog-club.com\/en\/wp-json\/wp\/v2\/product\/26143","targetHints":{"allow":["GET"]}}],"collection":[{"href":"https:\/\/www.happydog-club.com\/en\/wp-json\/wp\/v2\/product"}],"about":[{"href":"https:\/\/www.happydog-club.com\/en\/wp-json\/wp\/v2\/types\/product"}],"replies":[{"embeddable":true,"href":"https:\/\/www.happydog-club.com\/en\/wp-json\/wp\/v2\/comments?post=26143"}],"version-history":[{"count":3,"href":"https:\/\/www.happydog-club.com\/en\/wp-json\/wp\/v2\/product\/26143\/revisions"}],"predecessor-version":[{"id":26360,"href":"https:\/\/www.happydog-club.com\/en\/wp-json\/wp\/v2\/product\/26143\/revisions\/26360"}],"wp:featuredmedia":[{"embeddable":true,"href":"https:\/\/www.happydog-club.com\/en\/wp-json\/wp\/v2\/media\/24083"}],"wp:attachment":[{"href":"https:\/\/www.happydog-club.com\/en\/wp-json\/wp\/v2\/media?parent=26143"}],"wp:term":[{"taxonomy":"product_brand","embeddable":true,"href":"https:\/\/www.happydog-club.com\/en\/wp-json\/wp\/v2\/product_brand?post=26143"},{"taxonomy":"product_cat","embeddable":true,"href":"https:\/\/www.happydog-club.com\/en\/wp-json\/wp\/v2\/product_cat?post=26143"},{"taxonomy":"product_tag","embeddable":true,"href":"https:\/\/www.happydog-club.com\/en\/wp-json\/wp\/v2\/product_tag?post=26143"}],"curies":[{"name":"wp","href":"https:\/\/api.w.org\/{rel}","templated":true}]}}