{"id":26178,"date":"2026-03-18T02:49:43","date_gmt":"2026-03-18T01:49:43","guid":{"rendered":"https:\/\/www.happydog-club.com\/?post_type=product&#038;p=26178"},"modified":"2026-05-17T01:43:18","modified_gmt":"2026-05-16T23:43:18","slug":"royal-canin-urinary-s-o-dog-7-5kg","status":"publish","type":"product","link":"https:\/\/www.happydog-club.com\/en\/p\/royal-canin-urinary-s-o-dog-7-5kg\/","title":{"rendered":"ROYAL CANIN URINARY S\/O DOG 7.5kg"},"content":{"rendered":"<p>ROYAL CANIN URINARY S\/O DOG 7.5kg je vrhunska medicinska hrana posebno formulisana za pse sa urinarnim problemima. Ova hrana poma\u017ee u o\u010duvanju zdravlja mokra\u0107nog sistema, smanjuje rizik od nastanka urinarnih kamenaca i doprinosi op\u0161tem zdravlju va\u0161eg ljubimca.<\/p>\n<p>Main advantages:<br \/>\n&#8211; Podr\u017eava zdravlje mokra\u0107nog sistema i rastvaranje struvitnih i oksalatnih kamenaca<br \/>\n&#8211; Prilago\u0111en nivo minerala za optimalnu funkciju bubrega<br \/>\n&#8211; Visok kvalitet sastojaka za bolju probavljivost i ukusnost<br \/>\n&#8211; Poma\u017ee u prevenciji ponovnog nastanka urinarnih problema<\/p>\n<p>Kome je namenjen:<br \/>\n&#8211; Psima koji imaju dijagnostikovane urinarne probleme<br \/>\n&#8211; Preporu\u010duje se isklju\u010divo po savetu veterinara<br \/>\n&#8211; Idealno za pse svih rasa kojima je potrebna posebna nega mokra\u0107nog sistema<\/p>\n<p>How to use:<br \/>\n&#8211; Koristiti prema preporuci veterinara<br \/>\n&#8211; Pratiti uputstva na pakovanju za dnevnu koli\u010dinu hrane u skladu sa te\u017einom psa<br \/>\n&#8211; Obezbediti stalno dostupnu sve\u017eu vodu<\/p>\n<p>ROYAL CANIN URINARY S\/O DOG 7.5kg je pouzdan izbor za vlasnike koji \u017eele najbolje za zdravlje svog psa. Iskoristite akcijsku ponudu i obezbedite svom ljubimcu kvalitetnu i efikasnu podr\u0161ku za urinarno zdravlje!<\/p>","protected":false},"excerpt":{"rendered":"<p>ROYAL CANIN URINARY S\/O DOG 7.5kg je specijalno formulisana hrana koja poma\u017ee u rastvaranju struvitnih kamenaca i podr\u017eava zdravlje urinarnog trakta va\u0161eg psa. Obezbe\u0111uje optimalan balans nutrijenata za vitalnost i dugoro\u010dno zdravlje ljubimca. Izaberite provereno re\u0161enje za pse sa urinarnim problemima!<\/p>","protected":false},"featured_media":24087,"comment_status":"open","ping_status":"closed","template":"","meta":{"_acf_changed":false},"product_brand":[],"product_cat":[27,66,30,33,72,532],"product_tag":[],"class_list":{"0":"post-26178","1":"product","2":"type-product","3":"status-publish","4":"has-post-thumbnail","6":"product_cat-akcija","7":"product_cat-hipoalergenska-hrana-za-pse","8":"product_cat-hrana-za-pse","9":"product_cat-medicinska-hrana-za-pse","10":"product_cat-royal-canin-hrana-za-pse","11":"product_cat-urinary-hrana-za-pse","13":"first","14":"instock","15":"taxable","16":"shipping-taxable","17":"purchasable","18":"product-type-simple"},"acf":[],"seolaxy_ctr_woo_product_custom_meta_description_content":"","_links":{"self":[{"href":"https:\/\/www.happydog-club.com\/en\/wp-json\/wp\/v2\/product\/26178","targetHints":{"allow":["GET"]}}],"collection":[{"href":"https:\/\/www.happydog-club.com\/en\/wp-json\/wp\/v2\/product"}],"about":[{"href":"https:\/\/www.happydog-club.com\/en\/wp-json\/wp\/v2\/types\/product"}],"replies":[{"embeddable":true,"href":"https:\/\/www.happydog-club.com\/en\/wp-json\/wp\/v2\/comments?post=26178"}],"version-history":[{"count":2,"href":"https:\/\/www.happydog-club.com\/en\/wp-json\/wp\/v2\/product\/26178\/revisions"}],"predecessor-version":[{"id":26287,"href":"https:\/\/www.happydog-club.com\/en\/wp-json\/wp\/v2\/product\/26178\/revisions\/26287"}],"wp:featuredmedia":[{"embeddable":true,"href":"https:\/\/www.happydog-club.com\/en\/wp-json\/wp\/v2\/media\/24087"}],"wp:attachment":[{"href":"https:\/\/www.happydog-club.com\/en\/wp-json\/wp\/v2\/media?parent=26178"}],"wp:term":[{"taxonomy":"product_brand","embeddable":true,"href":"https:\/\/www.happydog-club.com\/en\/wp-json\/wp\/v2\/product_brand?post=26178"},{"taxonomy":"product_cat","embeddable":true,"href":"https:\/\/www.happydog-club.com\/en\/wp-json\/wp\/v2\/product_cat?post=26178"},{"taxonomy":"product_tag","embeddable":true,"href":"https:\/\/www.happydog-club.com\/en\/wp-json\/wp\/v2\/product_tag?post=26178"}],"curies":[{"name":"wp","href":"https:\/\/api.w.org\/{rel}","templated":true}]}}