{"id":26179,"date":"2026-03-18T02:49:43","date_gmt":"2026-03-18T01:49:43","guid":{"rendered":"https:\/\/www.happydog-club.com\/?post_type=product&#038;p=26179"},"modified":"2026-05-17T01:13:23","modified_gmt":"2026-05-16T23:13:23","slug":"royal-canin-renal-dog-7kg","status":"publish","type":"product","link":"https:\/\/www.happydog-club.com\/en\/p\/royal-canin-renal-dog-7kg\/","title":{"rendered":"ROYAL CANIN RENAL DOG 7kg"},"content":{"rendered":"<p>ROYAL CANIN RENAL DOG 7kg je vrhunska medicinska hrana posebno formulisana za pse sa bubre\u017enim problemima. Ova specijalizovana dijeta pru\u017ea optimalnu podr\u0161ku zdravlju bubrega, pobolj\u0161ava kvalitet \u017eivota i olak\u0161ava svakodnevnu brigu o va\u0161em ljubimcu.<\/p>\n<p>Main advantages:<br \/>\n&#8211; Podr\u017eava funkciju bubrega zahvaljuju\u0107i prilago\u0111enom nivou proteina i fosfora<br \/>\n&#8211; Sadr\u017ei antioksidanse i esencijalne masne kiseline za ja\u010danje imuniteta<br \/>\n&#8211; Poma\u017ee u smanjenju optere\u0107enja bubrega i usporava napredovanje bolesti<br \/>\n&#8211; Visoka ukusnost podsti\u010de apetit \u010dak i kod izbirljivih pasa<br \/>\n&#8211; Prakti\u010dno pakovanje od 7kg za dugotrajnu upotrebu<\/p>\n<p>Who is the product intended for:<br \/>\n&#8211; Psima sa dijagnostikovanim bubre\u017enim problemima ili hroni\u010dnom bubre\u017enom insuficijencijom<br \/>\n&#8211; Preporu\u010duje se isklju\u010divo uz savet veterinara<\/p>\n<p>How to use:<br \/>\n&#8211; Hranu davati isklju\u010divo prema preporuci veterinara<br \/>\n&#8211; Pratiti uputstva o doziranju na pakovanju u skladu sa te\u017einom i stanjem psa<br \/>\n&#8211; Obezbediti stalno dostupnu sve\u017eu vodu<\/p>\n<p>ROYAL CANIN RENAL DOG 7kg je idealan izbor za vlasnike koji \u017eele da svom psu pru\u017ee najbolju mogu\u0107u negu i podr\u0161ku u borbi sa bubre\u017enim problemima. Izaberite kvalitet, zdravlje i sigurnost \u2013 izaberite Royal Canin!<\/p>","protected":false},"excerpt":{"rendered":"<p>ROYAL CANIN RENAL DOG 7kg je specijalno formulisana hrana koja podr\u017eava bubre\u017enu funkciju va\u0161eg psa i poma\u017ee u smanjenju optere\u0107enja bubrega. Obezbe\u0111uje optimalnu ishranu, pobolj\u0161ava kvalitet \u017eivota i doprinosi vitalnosti va\u0161eg ljubimca. Idealna je za pse sa hroni\u010dnim bubre\u017enim problemima.<\/p>","protected":false},"featured_media":24095,"comment_status":"open","ping_status":"closed","template":"","meta":{"_acf_changed":false},"product_brand":[],"product_cat":[27,66,30,33,530,72],"product_tag":[],"class_list":{"0":"post-26179","1":"product","2":"type-product","3":"status-publish","4":"has-post-thumbnail","6":"product_cat-akcija","7":"product_cat-hipoalergenska-hrana-za-pse","8":"product_cat-hrana-za-pse","9":"product_cat-medicinska-hrana-za-pse","10":"product_cat-renal-hrana-za-pse","11":"product_cat-royal-canin-hrana-za-pse","13":"first","14":"instock","15":"taxable","16":"shipping-taxable","17":"purchasable","18":"product-type-simple"},"acf":[],"seolaxy_ctr_woo_product_custom_meta_description_content":"","_links":{"self":[{"href":"https:\/\/www.happydog-club.com\/en\/wp-json\/wp\/v2\/product\/26179","targetHints":{"allow":["GET"]}}],"collection":[{"href":"https:\/\/www.happydog-club.com\/en\/wp-json\/wp\/v2\/product"}],"about":[{"href":"https:\/\/www.happydog-club.com\/en\/wp-json\/wp\/v2\/types\/product"}],"replies":[{"embeddable":true,"href":"https:\/\/www.happydog-club.com\/en\/wp-json\/wp\/v2\/comments?post=26179"}],"version-history":[{"count":3,"href":"https:\/\/www.happydog-club.com\/en\/wp-json\/wp\/v2\/product\/26179\/revisions"}],"predecessor-version":[{"id":26286,"href":"https:\/\/www.happydog-club.com\/en\/wp-json\/wp\/v2\/product\/26179\/revisions\/26286"}],"wp:featuredmedia":[{"embeddable":true,"href":"https:\/\/www.happydog-club.com\/en\/wp-json\/wp\/v2\/media\/24095"}],"wp:attachment":[{"href":"https:\/\/www.happydog-club.com\/en\/wp-json\/wp\/v2\/media?parent=26179"}],"wp:term":[{"taxonomy":"product_brand","embeddable":true,"href":"https:\/\/www.happydog-club.com\/en\/wp-json\/wp\/v2\/product_brand?post=26179"},{"taxonomy":"product_cat","embeddable":true,"href":"https:\/\/www.happydog-club.com\/en\/wp-json\/wp\/v2\/product_cat?post=26179"},{"taxonomy":"product_tag","embeddable":true,"href":"https:\/\/www.happydog-club.com\/en\/wp-json\/wp\/v2\/product_tag?post=26179"}],"curies":[{"name":"wp","href":"https:\/\/api.w.org\/{rel}","templated":true}]}}