{"id":26180,"date":"2026-03-18T02:49:43","date_gmt":"2026-03-18T01:49:43","guid":{"rendered":"https:\/\/www.happydog-club.com\/?post_type=product&#038;p=26180"},"modified":"2026-05-17T00:00:22","modified_gmt":"2026-05-16T22:00:22","slug":"royal-canin-anallergenic-dog-8kg","status":"publish","type":"product","link":"https:\/\/www.happydog-club.com\/en\/p\/royal-canin-anallergenic-dog-8kg\/","title":{"rendered":"ROYAL CANIN ANALLERGENIC DOG 8kg"},"content":{"rendered":"<p>ROYAL CANIN ANALLERGENIC DOG 8kg je vrhunska hipoalergenska hrana za pse, posebno razvijena za ljubimce sa izra\u017eenim alergijama i intolerancijama na hranu. Ova medicinska hrana iz Royal Canin linije pru\u017ea sigurnost, kvalitet i podr\u0161ku zdravlju va\u0161eg psa, uz izuzetnu ukusnost i lako\u0107u upotrebe.<\/p>\n<p>Main advantages:<br \/>\n&#8211; Smanjuje rizik od alergijskih reakcija zahvaljuju\u0107i specijalno hidrolizovanim proteinima<br \/>\n&#8211; Podr\u017eava zdravlje ko\u017ee i dlake<br \/>\n&#8211; Ja\u010da imunitet i pobolj\u0161ava varenje<br \/>\n&#8211; Prikladna za dugotrajnu upotrebu kod pasa sa hroni\u010dnim problemima<br \/>\n&#8211; Preporu\u010dena od strane veterinara<\/p>\n<p>Kome je namenjen ovaj proizvod:<br \/>\n&#8211; Psima sa dijagnostikovanim alergijama ili intolerancijama na hranu<br \/>\n&#8211; Ljubimcima sa problemima ko\u017ee, svrabom ili probavnim smetnjama<br \/>\n&#8211; Vlasnicima koji \u017eele sigurnu, proverenu i efikasnu ishranu za svog psa<\/p>\n<p>How to use:<br \/>\nUse only as directed by your veterinarian<br \/>\n&#8211; Pratiti uputstva za doziranje na pakovanju u skladu sa te\u017einom i potrebama psa<br \/>\n&#8211; Mo\u017ee se koristiti kao potpuna ishrana ili deo eliminacione dijete<\/p>\n<p>ROYAL CANIN ANALLERGENIC DOG 8kg je idealan izbor za vlasnike koji \u017eele najbolje za svog psa \u2013 zdravlje, vitalnost i bezbri\u017enost svakog dana. Iskoristite akcijsku ponudu i obezbedite svom ljubimcu vrhunsku negu kroz ishranu!<\/p>","protected":false},"excerpt":{"rendered":"<p><!--more-->ROYAL CANIN ANALLERGENIC DOG 8kg je specijalizovana hipoalergenska hrana za pse, idealna za ljubimce sa izra\u017eenim alergijama i intolerancijama na hranu. Obezbe\u0111uje potpunu i uravnote\u017eenu ishranu, smanjuje rizik od alergijskih reakcija i doprinosi zdravlju ko\u017ee i dlake. Pru\u017eite svom psu olak\u0161anje i vitalnost uz proverenu veterinarsku formulu!<\/p>","protected":false},"featured_media":24088,"comment_status":"open","ping_status":"closed","template":"","meta":{"_acf_changed":false},"product_brand":[],"product_cat":[27,66,30,33,72],"product_tag":[],"class_list":{"0":"post-26180","1":"product","2":"type-product","3":"status-publish","4":"has-post-thumbnail","6":"product_cat-akcija","7":"product_cat-hipoalergenska-hrana-za-pse","8":"product_cat-hrana-za-pse","9":"product_cat-medicinska-hrana-za-pse","10":"product_cat-royal-canin-hrana-za-pse","12":"first","13":"instock","14":"taxable","15":"shipping-taxable","16":"purchasable","17":"product-type-simple"},"acf":[],"seolaxy_ctr_woo_product_custom_meta_description_content":"","_links":{"self":[{"href":"https:\/\/www.happydog-club.com\/en\/wp-json\/wp\/v2\/product\/26180","targetHints":{"allow":["GET"]}}],"collection":[{"href":"https:\/\/www.happydog-club.com\/en\/wp-json\/wp\/v2\/product"}],"about":[{"href":"https:\/\/www.happydog-club.com\/en\/wp-json\/wp\/v2\/types\/product"}],"replies":[{"embeddable":true,"href":"https:\/\/www.happydog-club.com\/en\/wp-json\/wp\/v2\/comments?post=26180"}],"version-history":[{"count":2,"href":"https:\/\/www.happydog-club.com\/en\/wp-json\/wp\/v2\/product\/26180\/revisions"}],"predecessor-version":[{"id":26285,"href":"https:\/\/www.happydog-club.com\/en\/wp-json\/wp\/v2\/product\/26180\/revisions\/26285"}],"wp:featuredmedia":[{"embeddable":true,"href":"https:\/\/www.happydog-club.com\/en\/wp-json\/wp\/v2\/media\/24088"}],"wp:attachment":[{"href":"https:\/\/www.happydog-club.com\/en\/wp-json\/wp\/v2\/media?parent=26180"}],"wp:term":[{"taxonomy":"product_brand","embeddable":true,"href":"https:\/\/www.happydog-club.com\/en\/wp-json\/wp\/v2\/product_brand?post=26180"},{"taxonomy":"product_cat","embeddable":true,"href":"https:\/\/www.happydog-club.com\/en\/wp-json\/wp\/v2\/product_cat?post=26180"},{"taxonomy":"product_tag","embeddable":true,"href":"https:\/\/www.happydog-club.com\/en\/wp-json\/wp\/v2\/product_tag?post=26180"}],"curies":[{"name":"wp","href":"https:\/\/api.w.org\/{rel}","templated":true}]}}