{"id":26183,"date":"2026-03-18T02:49:43","date_gmt":"2026-03-18T01:49:43","guid":{"rendered":"https:\/\/www.happydog-club.com\/?post_type=product&#038;p=26183"},"modified":"2026-05-17T00:00:12","modified_gmt":"2026-05-16T22:00:12","slug":"royal-canin-sensitivity-control-dog-7kg","status":"publish","type":"product","link":"https:\/\/www.happydog-club.com\/en\/p\/royal-canin-sensitivity-control-dog-7kg\/","title":{"rendered":"ROYAL CANIN SENSITIVITY CONTROL DOG 7kg"},"content":{"rendered":"<p>ROYAL CANIN SENSITIVITY CONTROL DOG 7kg je vrhunska medicinska hrana namenjena psima sa osetljivim digestivnim sistemom i alergijama na hranu. Ova hipoalergenska formula razvijena je u saradnji sa veterinarima kako bi pru\u017eila optimalnu podr\u0161ku zdravlju va\u0161eg ljubimca.<\/p>\n<p>Main advantages:<br \/>\n&#8211; Hipoalergenska formula sa pa\u017eljivo odabranim izvorima proteina i ugljenih hidrata<br \/>\n&#8211; Podr\u017eava zdravlje ko\u017ee i dlake zahvaljuju\u0107i omega-3 i omega-6 masnim kiselinama<br \/>\n&#8211; Poma\u017ee u smanjenju gastrointestinalnih smetnji i alergijskih reakcija<br \/>\n&#8211; Prilago\u0111ena nutritivna vrednost za dugoro\u010dno zdravlje i vitalnost psa<\/p>\n<p>Kome je namenjen ovaj proizvod:<br \/>\n&#8211; Psima sa alergijama ili intolerancijom na hranu<br \/>\n&#8211; Ljubimcima sa problemima varenja, proliva ili povra\u0107anja<br \/>\n&#8211; Preporu\u010duje se po savetu veterinara kao deo terapije kod dermatolo\u0161kih i digestivnih problema<\/p>\n<p>How to use:<br \/>\n&#8211; Hranu davati isklju\u010divo prema preporuci veterinara<br \/>\n&#8211; Pratiti uputstva na pakovanju i prilagoditi koli\u010dinu prema te\u017eini i potrebama psa<br \/>\n&#8211; Mo\u017ee se koristiti kao potpuna ishrana tokom preporu\u010denog perioda<\/p>\n<p>ROYAL CANIN SENSITIVITY CONTROL DOG 7kg je idealan izbor za vlasnike koji \u017eele najbolje za zdravlje svog psa. Obezbedite svom ljubimcu kvalitetnu, sigurnu i ukusnu ishranu koja re\u0161ava probleme i doprinosi njegovoj sre\u0107i i vitalnosti.<\/p>","protected":false},"excerpt":{"rendered":"<p>ROYAL CANIN SENSITIVITY CONTROL DOG 7kg je specijalno formulisana hipoalergenska hrana koja poma\u017ee psima sa osetljivim varenjem i alergijama na hranu. Obezbe\u0111uje optimalnu ishranu, smanjuje rizik od alergijskih reakcija i doprinosi zdravlju ko\u017ee i dlake va\u0161eg ljubimca. Idealan izbor za pse kojima je potrebna posebna nega kroz ishranu.<\/p>","protected":false},"featured_media":24090,"comment_status":"open","ping_status":"closed","template":"","meta":{"_acf_changed":false},"product_brand":[],"product_cat":[27,30,33,72,32],"product_tag":[],"class_list":{"0":"post-26183","1":"product","2":"type-product","3":"status-publish","4":"has-post-thumbnail","6":"product_cat-akcija","7":"product_cat-hrana-za-pse","8":"product_cat-medicinska-hrana-za-pse","9":"product_cat-royal-canin-hrana-za-pse","10":"product_cat-veterinarska-apoteka","12":"first","13":"instock","14":"taxable","15":"shipping-taxable","16":"purchasable","17":"product-type-simple"},"acf":[],"seolaxy_ctr_woo_product_custom_meta_description_content":"","_links":{"self":[{"href":"https:\/\/www.happydog-club.com\/en\/wp-json\/wp\/v2\/product\/26183","targetHints":{"allow":["GET"]}}],"collection":[{"href":"https:\/\/www.happydog-club.com\/en\/wp-json\/wp\/v2\/product"}],"about":[{"href":"https:\/\/www.happydog-club.com\/en\/wp-json\/wp\/v2\/types\/product"}],"replies":[{"embeddable":true,"href":"https:\/\/www.happydog-club.com\/en\/wp-json\/wp\/v2\/comments?post=26183"}],"version-history":[{"count":2,"href":"https:\/\/www.happydog-club.com\/en\/wp-json\/wp\/v2\/product\/26183\/revisions"}],"predecessor-version":[{"id":26283,"href":"https:\/\/www.happydog-club.com\/en\/wp-json\/wp\/v2\/product\/26183\/revisions\/26283"}],"wp:featuredmedia":[{"embeddable":true,"href":"https:\/\/www.happydog-club.com\/en\/wp-json\/wp\/v2\/media\/24090"}],"wp:attachment":[{"href":"https:\/\/www.happydog-club.com\/en\/wp-json\/wp\/v2\/media?parent=26183"}],"wp:term":[{"taxonomy":"product_brand","embeddable":true,"href":"https:\/\/www.happydog-club.com\/en\/wp-json\/wp\/v2\/product_brand?post=26183"},{"taxonomy":"product_cat","embeddable":true,"href":"https:\/\/www.happydog-club.com\/en\/wp-json\/wp\/v2\/product_cat?post=26183"},{"taxonomy":"product_tag","embeddable":true,"href":"https:\/\/www.happydog-club.com\/en\/wp-json\/wp\/v2\/product_tag?post=26183"}],"curies":[{"name":"wp","href":"https:\/\/api.w.org\/{rel}","templated":true}]}}