{"id":26184,"date":"2026-03-18T02:49:43","date_gmt":"2026-03-18T01:49:43","guid":{"rendered":"https:\/\/www.happydog-club.com\/?post_type=product&#038;p=26184"},"modified":"2026-05-17T00:00:22","modified_gmt":"2026-05-16T22:00:22","slug":"royal-canin-satiety-dog-6kg","status":"publish","type":"product","link":"https:\/\/www.happydog-club.com\/en\/p\/royal-canin-satiety-dog-6kg\/","title":{"rendered":"ROYAL CANIN SATIETY DOG 6kg"},"content":{"rendered":"<p>ROYAL CANIN SATIETY DOG 6kg je vrhunska medicinska hrana za pse, posebno formulisana za podr\u0161ku zdravlju pasa sa problemima te\u017eine. Ova hipoalergenska hrana iz Royal Canin linije pru\u017ea optimalnu ishranu i poma\u017ee u regulaciji telesne mase, \u010dine\u0107i je idealnim izborom za vlasnike koji \u017eele najbolje za svog ljubimca.<\/p>\n<p>Main advantages:<br \/>\n&#8211; Efikasno poma\u017ee u smanjenju i odr\u017eavanju idealne telesne te\u017eine<br \/>\n&#8211; Podr\u017eava zdravlje probavnog sistema i optimalan ose\u0107aj sitosti<br \/>\n&#8211; Bogata visokokvalitetnim proteinima za o\u010duvanje mi\u0161i\u0107ne mase<br \/>\n&#8211; Sadr\u017ei esencijalne vitamine i minerale za sna\u017ean imunitet<br \/>\n&#8211; Hipoalergenska formula pogodna za osetljive pse<\/p>\n<p>Kome je namenjen ovaj proizvod:<br \/>\n&#8211; Psima sa vi\u0161kom kilograma ili sklono\u0161\u0107u gojenju<br \/>\n&#8211; Ljubimcima sa specifi\u010dnim zdravstvenim problemima vezanim za te\u017einu<br \/>\n&#8211; Vlasnicima koji \u017eele da pru\u017ee svom psu medicinski proverenu, kvalitetnu ishranu<\/p>\n<p>How to use:<br \/>\n&#8211; Preporu\u010duje se konsultacija sa veterinarom pre po\u010detka upotrebe<br \/>\n&#8211; Hranu dozirati prema preporuci na pakovanju ili savetu stru\u010dnjaka<br \/>\n&#8211; Mo\u017ee se koristiti kao potpuna dnevna ishrana ili deo specijalnog re\u017eima ishrane<\/p>\n<p>ROYAL CANIN SATIETY DOG 6kg je pravi izbor za zdravlje, vitalnost i dugove\u010dnost va\u0161eg psa. Iskoristite akcijsku ponudu i obezbedite svom ljubimcu najbolju podr\u0161ku u borbi protiv vi\u0161ka kilograma!<\/p>","protected":false},"excerpt":{"rendered":"<ol>\n<li>ROYAL CANIN SATIETY DOG 6kg je specijalno formulisana hrana koja poma\u017ee va\u0161em psu u kontroli telesne te\u017eine i pru\u017ea dugotrajan ose\u0107aj sitosti. Bogata je vlaknima i esencijalnim nutrijentima, podr\u017eava zdravu probavu i vitalnost va\u0161eg ljubimca. Idealna je za pse sklone alergijama i prekomernoj te\u017eini.<\/li>\n<\/ol>","protected":false},"featured_media":24089,"comment_status":"open","ping_status":"closed","template":"","meta":{"_acf_changed":false},"product_brand":[],"product_cat":[27,66,30,33,72],"product_tag":[],"class_list":{"0":"post-26184","1":"product","2":"type-product","3":"status-publish","4":"has-post-thumbnail","6":"product_cat-akcija","7":"product_cat-hipoalergenska-hrana-za-pse","8":"product_cat-hrana-za-pse","9":"product_cat-medicinska-hrana-za-pse","10":"product_cat-royal-canin-hrana-za-pse","12":"first","13":"instock","14":"taxable","15":"shipping-taxable","16":"purchasable","17":"product-type-simple"},"acf":[],"seolaxy_ctr_woo_product_custom_meta_description_content":"","_links":{"self":[{"href":"https:\/\/www.happydog-club.com\/en\/wp-json\/wp\/v2\/product\/26184","targetHints":{"allow":["GET"]}}],"collection":[{"href":"https:\/\/www.happydog-club.com\/en\/wp-json\/wp\/v2\/product"}],"about":[{"href":"https:\/\/www.happydog-club.com\/en\/wp-json\/wp\/v2\/types\/product"}],"replies":[{"embeddable":true,"href":"https:\/\/www.happydog-club.com\/en\/wp-json\/wp\/v2\/comments?post=26184"}],"version-history":[{"count":2,"href":"https:\/\/www.happydog-club.com\/en\/wp-json\/wp\/v2\/product\/26184\/revisions"}],"predecessor-version":[{"id":26282,"href":"https:\/\/www.happydog-club.com\/en\/wp-json\/wp\/v2\/product\/26184\/revisions\/26282"}],"wp:featuredmedia":[{"embeddable":true,"href":"https:\/\/www.happydog-club.com\/en\/wp-json\/wp\/v2\/media\/24089"}],"wp:attachment":[{"href":"https:\/\/www.happydog-club.com\/en\/wp-json\/wp\/v2\/media?parent=26184"}],"wp:term":[{"taxonomy":"product_brand","embeddable":true,"href":"https:\/\/www.happydog-club.com\/en\/wp-json\/wp\/v2\/product_brand?post=26184"},{"taxonomy":"product_cat","embeddable":true,"href":"https:\/\/www.happydog-club.com\/en\/wp-json\/wp\/v2\/product_cat?post=26184"},{"taxonomy":"product_tag","embeddable":true,"href":"https:\/\/www.happydog-club.com\/en\/wp-json\/wp\/v2\/product_tag?post=26184"}],"curies":[{"name":"wp","href":"https:\/\/api.w.org\/{rel}","templated":true}]}}