{"id":2929,"date":"2024-11-06T02:49:47","date_gmt":"2024-11-06T01:49:47","guid":{"rendered":"https:\/\/www.happydog-club.com\/?post_type=product&#038;p=2929"},"modified":"2026-05-17T12:00:11","modified_gmt":"2026-05-17T10:00:11","slug":"greenfields-white-coat-sampon-za-bele-pse-250ml","status":"publish","type":"product","link":"https:\/\/www.happydog-club.com\/en\/p\/greenfields-white-coat-sampon-za-bele-pse-250ml\/","title":{"rendered":"GREENFIELDS WHITE COAT &#8211; \u0160AMPON ZA BELE PSE 250ML"},"content":{"rendered":"<p class=\"hdopro\">White coat \u0161ampon je po svom sastavu posebno formulisan kako bi se o\u010duvala puno\u0107a i sjaj dlake pasa bele boje. Sadr\u017ei ekstakt kamilice koji dlaku \u010dini svilenkastom, sjajnom i zdravom. Osve\u017eavaju\u0107i  miris \u0161ampona \u010dini dlaku sve\u017eom i \u010distom.<br \/>&#8211;    Specijalno formulisan za pse sa belom i svetlom dlakom<br \/>&#8211;    Nagla\u0161ava prirodnu boju dlake<br \/>&#8211;    \u010cini dlaku zdravom, svilenkastom i sjajnom<br \/>&#8211;    Poma\u017ee lak\u0161em ra\u0161\u010de\u0161ljavanju krzna<br \/>&#8211;    Pogodan za redovnu upotrebu<br \/>&#8211;    Ne sad\u017ei parabene<br \/>&#8211;    PH izbalansiran<br \/>&#8211;    Parfemske komponente ne izazivaju alergije<\/p>\n<p class=\"hdopro\"><strong>NA\u010cIN UPOTREBE:<\/strong><br \/>Nakvasite temeljno dlaku psa mlakom vodom. Rukama nanesite \u0161ampon na krzno. O\u0161trim pokretima utrljajte \u0161ampon u dlaku psa po\u010dev od grla, dok ne po\u010dne da se stvara dobra pena. Temeljno isperite dlaku mlakom vodom. Prosu\u0161ite dlaku pe\u0161kirom ili fenom. I\u0161\u010detkajte krzno dok je jo\u0161 vla\u017eno. Potpuno osu\u0161ite dlaku i ponovo je o\u010detkajte.<\/p>","protected":false},"excerpt":{"rendered":"<p>White coat \u0161ampon je po svom sastavu posebno formulisan kako bi se o\u010duvala puno\u0107a i sjaj dlake pasa bele boje. Sadr\u017ei ekstakt kamilice koji dlaku \u010dini svilenkastom, sjajnom i zdravom. Osve\u017eavaju\u0107i miris \u0161ampona \u010dini dlaku sve\u017eom i \u010distom.&#8211; Specijalno formulisan za pse sa belom i svetlom dlakom&#8211; Nagla\u0161ava prirodnu boju dlake&#8211; \u010cini dlaku zdravom, svilenkastom [&hellip;]<\/p>\n","protected":false},"featured_media":2957,"comment_status":"open","ping_status":"closed","template":"","meta":{"_acf_changed":false},"product_brand":[],"product_cat":[123,130],"product_tag":[],"class_list":{"0":"post-2929","1":"product","2":"type-product","3":"status-publish","4":"has-post-thumbnail","6":"product_cat-higijena-pasa","7":"product_cat-samponi-za-pse","9":"first","10":"instock","11":"taxable","12":"shipping-taxable","13":"purchasable","14":"product-type-simple"},"acf":[],"seolaxy_ctr_woo_product_custom_meta_description_content":"","_links":{"self":[{"href":"https:\/\/www.happydog-club.com\/en\/wp-json\/wp\/v2\/product\/2929","targetHints":{"allow":["GET"]}}],"collection":[{"href":"https:\/\/www.happydog-club.com\/en\/wp-json\/wp\/v2\/product"}],"about":[{"href":"https:\/\/www.happydog-club.com\/en\/wp-json\/wp\/v2\/types\/product"}],"replies":[{"embeddable":true,"href":"https:\/\/www.happydog-club.com\/en\/wp-json\/wp\/v2\/comments?post=2929"}],"version-history":[{"count":1,"href":"https:\/\/www.happydog-club.com\/en\/wp-json\/wp\/v2\/product\/2929\/revisions"}],"predecessor-version":[{"id":20762,"href":"https:\/\/www.happydog-club.com\/en\/wp-json\/wp\/v2\/product\/2929\/revisions\/20762"}],"wp:featuredmedia":[{"embeddable":true,"href":"https:\/\/www.happydog-club.com\/en\/wp-json\/wp\/v2\/media\/2957"}],"wp:attachment":[{"href":"https:\/\/www.happydog-club.com\/en\/wp-json\/wp\/v2\/media?parent=2929"}],"wp:term":[{"taxonomy":"product_brand","embeddable":true,"href":"https:\/\/www.happydog-club.com\/en\/wp-json\/wp\/v2\/product_brand?post=2929"},{"taxonomy":"product_cat","embeddable":true,"href":"https:\/\/www.happydog-club.com\/en\/wp-json\/wp\/v2\/product_cat?post=2929"},{"taxonomy":"product_tag","embeddable":true,"href":"https:\/\/www.happydog-club.com\/en\/wp-json\/wp\/v2\/product_tag?post=2929"}],"curies":[{"name":"wp","href":"https:\/\/api.w.org\/{rel}","templated":true}]}}