{"id":2973,"date":"2024-11-06T02:49:52","date_gmt":"2024-11-06T01:49:52","guid":{"rendered":"https:\/\/www.happydog-club.com\/?post_type=product&#038;p=2973"},"modified":"2026-05-17T12:00:08","modified_gmt":"2026-05-17T10:00:08","slug":"simple-solution-extreme-stain-odour-remover-sprej-945ml","status":"publish","type":"product","link":"https:\/\/www.happydog-club.com\/en\/p\/simple-solution-extreme-stain-odour-remover-sprej-945ml\/","title":{"rendered":"SIMPLE SOLUTION EXTREME STAIN &#038; ODOUR REMOVER SPREJ 945ML"},"content":{"rendered":"<p>Profesinoalno sredstvo sa ekstremno jakom formulom, 3x ja\u010dom od bilo kog drugog proizvoda na tr\u017ei\u0161tu. Sadr\u017ei jedinstvenu Pro-Bacteria formulu uz enzime koji deluju jako brzo i na stare, najtvrdokornije mrlje. Odli\u010dno uklanja povra\u0107anja, mokra\u0107e, stolice sa tepiha, podova i bilo koje druge podloge koja se sme prati.U potpunosti uklanja neprijatne mirise, i odbija ljubimce od ponovog &#8222;obele\u017eavanja&#8220; mesta.<\/p>\n<p class=\"hdopro\"><strong>UPUSTVO ZA PRIMENU:<\/strong><br \/>\nDobro natopite \u017eeljeno podru\u010dje. Ukoliko je \u017eeljeno podru\u010dje delovanja tepih, nakvasite dva puta ve\u0107e podru\u010dje od zaprljanog. Budite sigurni da ste nakvasili pokrovni i nose\u0107i deo tepiha. Pri\u010dekajte najmanje 10 minuta da enzimi i Pro-Bacteria formula zapo\u010dne sa razgradnjom organskih belan\u010devina. Isu\u0161ite (trljanjem ili upijanjem) vi\u0161ak vlage krpom\/tkaninom koja ne pu\u0161ta boje, ili ostavite da se osu\u0161i prirodnim putem, a za \u0161ta mo\u017ee trebati 24-48 sati (zavisno od uslova). Kada se osu\u0161i, mrlja i miris \u0107e nestati.<\/p>","protected":false},"excerpt":{"rendered":"<p>Profesinoalno sredstvo sa ekstremno jakom formulom, 3x ja\u010dom od bilo kog drugog proizvoda na tr\u017ei\u0161tu. Sadr\u017ei jedinstvenu Pro-Bacteria formulu uz enzime koji deluju jako brzo i na stare, najtvrdokornije mrlje. Odli\u010dno uklanja povra\u0107anja, mokra\u0107e, stolice sa tepiha, podova i bilo koje druge podloge koja se sme prati.U potpunosti uklanja neprijatne mirise, i odbija ljubimce od [&hellip;]<\/p>\n","protected":false},"featured_media":16392,"comment_status":"open","ping_status":"closed","template":"","meta":{"_acf_changed":false},"product_brand":[],"product_cat":[123],"product_tag":[],"class_list":{"0":"post-2973","1":"product","2":"type-product","3":"status-publish","4":"has-post-thumbnail","6":"product_cat-higijena-pasa","8":"first","9":"instock","10":"taxable","11":"shipping-taxable","12":"purchasable","13":"product-type-simple"},"acf":[],"seolaxy_ctr_woo_product_custom_meta_description_content":"","_links":{"self":[{"href":"https:\/\/www.happydog-club.com\/en\/wp-json\/wp\/v2\/product\/2973","targetHints":{"allow":["GET"]}}],"collection":[{"href":"https:\/\/www.happydog-club.com\/en\/wp-json\/wp\/v2\/product"}],"about":[{"href":"https:\/\/www.happydog-club.com\/en\/wp-json\/wp\/v2\/types\/product"}],"replies":[{"embeddable":true,"href":"https:\/\/www.happydog-club.com\/en\/wp-json\/wp\/v2\/comments?post=2973"}],"version-history":[{"count":1,"href":"https:\/\/www.happydog-club.com\/en\/wp-json\/wp\/v2\/product\/2973\/revisions"}],"predecessor-version":[{"id":20779,"href":"https:\/\/www.happydog-club.com\/en\/wp-json\/wp\/v2\/product\/2973\/revisions\/20779"}],"wp:featuredmedia":[{"embeddable":true,"href":"https:\/\/www.happydog-club.com\/en\/wp-json\/wp\/v2\/media\/16392"}],"wp:attachment":[{"href":"https:\/\/www.happydog-club.com\/en\/wp-json\/wp\/v2\/media?parent=2973"}],"wp:term":[{"taxonomy":"product_brand","embeddable":true,"href":"https:\/\/www.happydog-club.com\/en\/wp-json\/wp\/v2\/product_brand?post=2973"},{"taxonomy":"product_cat","embeddable":true,"href":"https:\/\/www.happydog-club.com\/en\/wp-json\/wp\/v2\/product_cat?post=2973"},{"taxonomy":"product_tag","embeddable":true,"href":"https:\/\/www.happydog-club.com\/en\/wp-json\/wp\/v2\/product_tag?post=2973"}],"curies":[{"name":"wp","href":"https:\/\/api.w.org\/{rel}","templated":true}]}}