{"id":311,"date":"2024-11-06T02:45:40","date_gmt":"2024-11-06T01:45:40","guid":{"rendered":"https:\/\/www.happydog-club.com\/?post_type=product&#038;p=311"},"modified":"2026-05-17T00:00:04","modified_gmt":"2026-05-16T22:00:04","slug":"royal-canin-medium-adult-15kg","status":"publish","type":"product","link":"https:\/\/www.happydog-club.com\/en\/p\/royal-canin-medium-adult-15kg\/","title":{"rendered":"RC MEDIUM ADULT 15 KG"},"content":{"rendered":"<p>HDC<\/p>","protected":false},"excerpt":{"rendered":"<p class=\"\" data-start=\"249\" data-end=\"567\">\ud83d\udc3e Odr\u017eava sna\u017ean imunitet i vitalnost u aktivnom periodu \u017eivota<br data-start=\"313\" data-end=\"316\" \/>\ud83d\udc3e Podr\u017eava zdravu probavu i optimalnu apsorpciju hranljivih materija<br data-start=\"385\" data-end=\"388\" \/>\ud83d\udc3e Doprinosi zdravlju ko\u017ee i sjaju dlake<br data-start=\"428\" data-end=\"431\" \/>\ud83d\udc3e Ukusna i lako svarljiva formula \u2013 odli\u010dna prihvatljivost<br data-start=\"490\" data-end=\"493\" \/>\ud83d\udc3e Veliko pakovanje od 15kg \u2013 ekonomi\u010dno re\u0161enje za kontinuiranu ishranu<\/p>\n<p class=\"\" data-start=\"569\" data-end=\"772\">ROYAL CANIN Medium Adult je idealan izbor za odrasle pse srednjih rasa (11\u201325 kg), starosti izme\u0111u 12 meseci i 7 godina. Obezbe\u0111uje sve \u0161to je potrebno za zdrav, energi\u010dan i balansiran \u017eivot va\u0161eg psa.<\/p>\n<p class=\"\" data-start=\"774\" data-end=\"859\"><strong data-start=\"774\" data-end=\"859\">Poru\u010dite odmah i osigurajte svom ljubimcu vrhunsku svakodnevnu negu kroz ishranu!<\/strong><\/p>","protected":false},"featured_media":17365,"comment_status":"open","ping_status":"closed","template":"","meta":{"_acf_changed":false},"product_brand":[],"product_cat":[30,484],"product_tag":[],"class_list":{"0":"post-311","1":"product","2":"type-product","3":"status-publish","4":"has-post-thumbnail","6":"product_cat-hrana-za-pse","7":"product_cat-royal-vet","9":"first","10":"instock","11":"purchasable","12":"product-type-simple"},"acf":[],"seolaxy_ctr_woo_product_custom_meta_description_content":"","_links":{"self":[{"href":"https:\/\/www.happydog-club.com\/en\/wp-json\/wp\/v2\/product\/311","targetHints":{"allow":["GET"]}}],"collection":[{"href":"https:\/\/www.happydog-club.com\/en\/wp-json\/wp\/v2\/product"}],"about":[{"href":"https:\/\/www.happydog-club.com\/en\/wp-json\/wp\/v2\/types\/product"}],"replies":[{"embeddable":true,"href":"https:\/\/www.happydog-club.com\/en\/wp-json\/wp\/v2\/comments?post=311"}],"version-history":[{"count":4,"href":"https:\/\/www.happydog-club.com\/en\/wp-json\/wp\/v2\/product\/311\/revisions"}],"predecessor-version":[{"id":27138,"href":"https:\/\/www.happydog-club.com\/en\/wp-json\/wp\/v2\/product\/311\/revisions\/27138"}],"wp:featuredmedia":[{"embeddable":true,"href":"https:\/\/www.happydog-club.com\/en\/wp-json\/wp\/v2\/media\/17365"}],"wp:attachment":[{"href":"https:\/\/www.happydog-club.com\/en\/wp-json\/wp\/v2\/media?parent=311"}],"wp:term":[{"taxonomy":"product_brand","embeddable":true,"href":"https:\/\/www.happydog-club.com\/en\/wp-json\/wp\/v2\/product_brand?post=311"},{"taxonomy":"product_cat","embeddable":true,"href":"https:\/\/www.happydog-club.com\/en\/wp-json\/wp\/v2\/product_cat?post=311"},{"taxonomy":"product_tag","embeddable":true,"href":"https:\/\/www.happydog-club.com\/en\/wp-json\/wp\/v2\/product_tag?post=311"}],"curies":[{"name":"wp","href":"https:\/\/api.w.org\/{rel}","templated":true}]}}