{"id":3282,"date":"2024-11-06T02:50:22","date_gmt":"2024-11-06T01:50:22","guid":{"rendered":"https:\/\/www.happydog-club.com\/?post_type=product&#038;p=3282"},"modified":"2026-05-17T12:00:21","modified_gmt":"2026-05-17T10:00:21","slug":"schesir-special-light-mousse-piletina-i-curetina-70g","status":"publish","type":"product","link":"https:\/\/www.happydog-club.com\/en\/p\/schesir-special-light-mousse-piletina-i-curetina-70g\/","title":{"rendered":"SCHESIR SPECIAL LIGHT MOUSSE PILETINA I \u0106URETINA 70G"},"content":{"rendered":"<p>Kremasti mus posebno formulisan za ma\u010dke koje imaju problema sa vi\u0161kom telesne te\u017eina na bazi zdravih komada piletine, \u0107uretine i bundeve<\/p>\n<p>Uravnote\u017eena hrana sa proteinima, vitaminima i mineralima<\/p>\n<p>Namenjena ma\u010dkama koje imaju problem sa vi\u0161kom telesne te\u017eine<\/p>\n<p>Bogat te\u010dno\u0161\u0107u kako bi se pru\u017eila adekvatna hidratacija organizma ma\u010dke<\/p>\n<p>Ne sadr\u017ei \u017eitarice<\/p>\n<p>Sastav: piletina 56%, pile\u0107i bujon 32%, \u0107uretina%, bundeva, rafinisano suncokretovo ulje, skrob tapioke, minerali, jaja u prahu, ulje tune, ekstrakt zelenog \u010daja, seme lana<\/p>\n<p>Analiti\u010dki sastav: proteini 10%, sirove masti 3%, sirovi pepeo 2%, sirova vlakna 0,1%, vlaga 83%, kalcijum 0,25%, fosfor 0,20%<\/p>","protected":false},"excerpt":{"rendered":"<p>Kompletna vla\u017ena hrana u obliku musa namenjena ma\u010dkama koje imaju problem sa vi\u0161kom telesne te\u017eine<\/p>","protected":false},"featured_media":16584,"comment_status":"open","ping_status":"closed","template":"","meta":{"_acf_changed":false},"product_brand":[],"product_cat":[37,76,57],"product_tag":[],"class_list":{"0":"post-3282","1":"product","2":"type-product","3":"status-publish","4":"has-post-thumbnail","6":"product_cat-hrana-za-macke","7":"product_cat-sosici-za-mace","8":"product_cat-vlazna-hrana-za-macke","10":"first","11":"instock","12":"taxable","13":"shipping-taxable","14":"purchasable","15":"product-type-simple"},"acf":[],"seolaxy_ctr_woo_product_custom_meta_description_content":"","_links":{"self":[{"href":"https:\/\/www.happydog-club.com\/en\/wp-json\/wp\/v2\/product\/3282","targetHints":{"allow":["GET"]}}],"collection":[{"href":"https:\/\/www.happydog-club.com\/en\/wp-json\/wp\/v2\/product"}],"about":[{"href":"https:\/\/www.happydog-club.com\/en\/wp-json\/wp\/v2\/types\/product"}],"replies":[{"embeddable":true,"href":"https:\/\/www.happydog-club.com\/en\/wp-json\/wp\/v2\/comments?post=3282"}],"version-history":[{"count":1,"href":"https:\/\/www.happydog-club.com\/en\/wp-json\/wp\/v2\/product\/3282\/revisions"}],"predecessor-version":[{"id":20900,"href":"https:\/\/www.happydog-club.com\/en\/wp-json\/wp\/v2\/product\/3282\/revisions\/20900"}],"wp:featuredmedia":[{"embeddable":true,"href":"https:\/\/www.happydog-club.com\/en\/wp-json\/wp\/v2\/media\/16584"}],"wp:attachment":[{"href":"https:\/\/www.happydog-club.com\/en\/wp-json\/wp\/v2\/media?parent=3282"}],"wp:term":[{"taxonomy":"product_brand","embeddable":true,"href":"https:\/\/www.happydog-club.com\/en\/wp-json\/wp\/v2\/product_brand?post=3282"},{"taxonomy":"product_cat","embeddable":true,"href":"https:\/\/www.happydog-club.com\/en\/wp-json\/wp\/v2\/product_cat?post=3282"},{"taxonomy":"product_tag","embeddable":true,"href":"https:\/\/www.happydog-club.com\/en\/wp-json\/wp\/v2\/product_tag?post=3282"}],"curies":[{"name":"wp","href":"https:\/\/api.w.org\/{rel}","templated":true}]}}