{"id":3402,"date":"2024-11-06T02:50:42","date_gmt":"2024-11-06T01:50:42","guid":{"rendered":"https:\/\/www.happydog-club.com\/?post_type=product&#038;p=3402"},"modified":"2026-05-17T12:00:17","modified_gmt":"2026-05-17T10:00:17","slug":"680213-kisni-mantil-be-nordic-40cm-plavi","status":"publish","type":"product","link":"https:\/\/www.happydog-club.com\/en\/p\/680213-kisni-mantil-be-nordic-40cm-plavi\/","title":{"rendered":"KI\u0160NI MANTIL BE NORDIC 40CM PLAVI"},"content":{"rendered":"<p>&#8222;poliuretan\/poliester<\/p>\n<p>s vodootpornim patentnim zatvara\u010dem za pri\u010dvr\u0161\u0107ivanje polova na pojas<\/p>\n<p>otporan na vjetar<\/p>\n<p>reflektiraju\u0107i elementi<\/p>\n<p>s uzicom na ovratniku<\/p>\n<p>trbu\u0161ni remen s kop\u010dom<\/p>\n<p>velikodu\u0161ni kroj nudi posebnu za\u0161titu za stra\u017enji dio i daje vi\u0161e slobode za ramena i kretanje<\/p>\n<p>podesive om\u010de za stra\u017enje noge<\/p>\n<p>s podstavom koja se lako odr\u017eava<\/p>\n<p>TRIXIE prodajom serije podupire projekte za\u0161tite mora i na taj na\u010din pridonosimo odr\u017eivom o\u010duvanju prirode i za\u0161titi mnogih vrsta.&#8220;<\/p>","protected":false},"excerpt":{"rendered":"<p>Kabanica be nordic za pse, vodootporna, periva na 30 stepeni.<\/p>","protected":false},"featured_media":16884,"comment_status":"open","ping_status":"closed","template":"","meta":{"_acf_changed":false},"product_brand":[],"product_cat":[67,62,40],"product_tag":[],"class_list":{"0":"post-3402","1":"product","2":"type-product","3":"status-publish","4":"has-post-thumbnail","6":"product_cat-kabanice-za-pse","7":"product_cat-odeca-za-pse","8":"product_cat-oprema-za-pse","10":"first","11":"instock","12":"taxable","13":"shipping-taxable","14":"purchasable","15":"product-type-simple"},"acf":[],"seolaxy_ctr_woo_product_custom_meta_description_content":"","_links":{"self":[{"href":"https:\/\/www.happydog-club.com\/en\/wp-json\/wp\/v2\/product\/3402","targetHints":{"allow":["GET"]}}],"collection":[{"href":"https:\/\/www.happydog-club.com\/en\/wp-json\/wp\/v2\/product"}],"about":[{"href":"https:\/\/www.happydog-club.com\/en\/wp-json\/wp\/v2\/types\/product"}],"replies":[{"embeddable":true,"href":"https:\/\/www.happydog-club.com\/en\/wp-json\/wp\/v2\/comments?post=3402"}],"version-history":[{"count":1,"href":"https:\/\/www.happydog-club.com\/en\/wp-json\/wp\/v2\/product\/3402\/revisions"}],"predecessor-version":[{"id":20962,"href":"https:\/\/www.happydog-club.com\/en\/wp-json\/wp\/v2\/product\/3402\/revisions\/20962"}],"wp:featuredmedia":[{"embeddable":true,"href":"https:\/\/www.happydog-club.com\/en\/wp-json\/wp\/v2\/media\/16884"}],"wp:attachment":[{"href":"https:\/\/www.happydog-club.com\/en\/wp-json\/wp\/v2\/media?parent=3402"}],"wp:term":[{"taxonomy":"product_brand","embeddable":true,"href":"https:\/\/www.happydog-club.com\/en\/wp-json\/wp\/v2\/product_brand?post=3402"},{"taxonomy":"product_cat","embeddable":true,"href":"https:\/\/www.happydog-club.com\/en\/wp-json\/wp\/v2\/product_cat?post=3402"},{"taxonomy":"product_tag","embeddable":true,"href":"https:\/\/www.happydog-club.com\/en\/wp-json\/wp\/v2\/product_tag?post=3402"}],"curies":[{"name":"wp","href":"https:\/\/api.w.org\/{rel}","templated":true}]}}