{"id":3473,"date":"2024-11-06T02:50:48","date_gmt":"2024-11-06T01:50:48","guid":{"rendered":"https:\/\/www.happydog-club.com\/?post_type=product&#038;p=3473"},"modified":"2026-05-17T00:00:20","modified_gmt":"2026-05-16T22:00:20","slug":"trainer-sensi-mature-meidum-maxi-adult-losos-12kg","status":"publish","type":"product","link":"https:\/\/www.happydog-club.com\/en\/p\/trainer-sensi-mature-meidum-maxi-adult-losos-12kg\/","title":{"rendered":"TRAINER SENSI MATURE MEDIUM\/MAXI ADULT LOSOS 12KG"},"content":{"rendered":"<p class=\"\" data-start=\"964\" data-end=\"1152\">Trainer Sensi Mature Medium\/Maxi Adult Losos je <strong data-start=\"1012\" data-end=\"1075\">kompletna suva hrana za starije pse srednjih i velikih rasa<\/strong> (preko 11 kg), formulisana da zadovolji potrebe pasa starijih od 7 godina.<\/p>\n<p class=\"\" data-start=\"1154\" data-end=\"1338\"><strong data-start=\"1154\" data-end=\"1208\">Losos kao visokokvalitetan i lako svarljiv protein<\/strong> poma\u017ee u odr\u017eavanju mi\u0161i\u0107ne mase i podr\u017eava zdravlje ko\u017ee i dlake zahvaljuju\u0107i visokim koncentracijama omega-3 masnih kiselina.<\/p>\n<p class=\"\" data-start=\"1340\" data-end=\"1521\">Hrana je oboga\u0107ena sastojcima koji ciljano deluju na <strong data-start=\"1393\" data-end=\"1430\">zglobove (glukozamin, hondroitin)<\/strong>, <strong data-start=\"1432\" data-end=\"1472\">sr\u010danu funkciju (taurin, L-karnitin)<\/strong>, kao i <strong data-start=\"1480\" data-end=\"1503\">kognitivne funkcije<\/strong> i <strong data-start=\"1506\" data-end=\"1518\">imunitet<\/strong>.<\/p>\n<p class=\"\" data-start=\"1523\" data-end=\"1678\">Ne sadr\u017ei p\u0161enicu, \u0161to je \u010dini pogodnom za pse sa intolerancijama, a dodatak <strong data-start=\"1600\" data-end=\"1635\">prebiotika i biljnih ekstrakata<\/strong> doprinosi zdravoj probavi i crevnoj flori.<\/p>\n<p><strong>Sastav<\/strong>: dehidrirani proteini lososa 12%, celo zrno kukuruza 11,5%, ri\u017ea, kukuruzno bra\u0161no FIORETTO,protein kukuruza, gra\u0161ak, losos 6,5%, braon ri\u017ea 4,5%, kukuruzno ulje, salo \u017eivotinjskog porekla, laneno seme 2,8%, poja\u010diva\u010d ukusa bez animalnog proteina, minerali, dehid.ekstrakt korena cikorije 0,7%, lignoceluloza, dehid.ekstrakt stabljike ananasa 0,1%, ekstrakt kvasc 0,03%, morska trava 0,08%. Aditivi-Prehrambeni aditivi: vitamin A 26.000 UI\/kg, vitamin D3 1.350 UI\/kg, vitamin E 555 mg\/kg,vitamin C 80mg,vitamin B2 20mg, vitamin B12 0,15mg, bakar sulfat pentahidrat (bakar) 49,13 mg\/kg, gvozdje karbonat (gvo\u017e\u0111e) 310,5 mg\/kg, kalcijum jodid bezvodni 3,85mg, natrijum selenit 0,44mg, cink oksid 193,4 mg, manganov oksid 45,1 mg.Senzorni aditivi: deh.ekstrakt tamjana 600mg, deh.ekstrakt djavolje kand\u017ee 100mg. Analiticki sastav:sirovi proteini 23%,sirove masti 13%,sirova vlakna 3%,sirovi pepeo 6,5%,magnezijum 0,1%, omega 3 1,5%.<\/p>\n<p class=\"\" data-start=\"1712\" data-end=\"1757\"><strong data-start=\"1712\" data-end=\"1757\">Preporuka za hranjenje (dnevna koli\u010dina):<\/strong><\/p>\n<div class=\"overflow-x-auto contain-inline-size\">\n<table data-start=\"1759\" data-end=\"1967\">\n<thead data-start=\"1759\" data-end=\"1787\">\n<tr data-start=\"1759\" data-end=\"1787\">\n<th data-start=\"1759\" data-end=\"1772\">Te\u017eina psa<\/th>\n<th data-start=\"1772\" data-end=\"1787\">Dnevna doza<\/th>\n<\/tr>\n<\/thead>\n<tbody data-start=\"1818\" data-end=\"1967\">\n<tr data-start=\"1818\" data-end=\"1847\">\n<td>11\u201315 kg<\/td>\n<td>155\u2013200 g<\/td>\n<\/tr>\n<tr data-start=\"1848\" data-end=\"1877\">\n<td>16\u201325 kg<\/td>\n<td>210\u2013290 g<\/td>\n<\/tr>\n<tr data-start=\"1878\" data-end=\"1907\">\n<td>26\u201335 kg<\/td>\n<td>300\u2013375 g<\/td>\n<\/tr>\n<tr data-start=\"1908\" data-end=\"1937\">\n<td>36\u201345 kg<\/td>\n<td>385\u2013450 g<\/td>\n<\/tr>\n<tr data-start=\"1938\" data-end=\"1967\">\n<td>46\u201360 kg<\/td>\n<td>460\u2013550 g<\/td>\n<\/tr>\n<\/tbody>\n<\/table>\n<\/div>\n<p class=\"\" data-start=\"1969\" data-end=\"2104\"><em data-start=\"1969\" data-end=\"2104\">Koli\u010dine su okvirne \u2013 prilagodite ih individualnim potrebama psa, nivou aktivnosti i savetima veterinara. Uvek obezbedite sve\u017eu vodu.<\/em><\/p>\n<p>&nbsp;<\/p>\n<p><strong>Karakteristike proizvoda:<\/strong><br \/>\nKategorija: Suva hrana za starije pse srednjih i velikih rasa<br \/>\nUkus: Losos<br \/>\nSpecijalna namena: Ishrana u starijem dobu, podr\u0161ka zglobovima, srcu, varenju i vitalnosti<br \/>\nVeli\u010dina pakovanja: 12kg (dugotrajna i ekonomi\u010dna opcija)<\/p>\n<p>\ud83d\udd17 Vi\u0161e informacija o brendu mo\u017eete prona\u0107i <a href=\"https:\/\/www.happydog-club.com\/en\/c\/brendovi\/trainer-hrana-za-pse\/\">ovde<\/a><\/p>","protected":false},"excerpt":{"rendered":"<p>\ud83d\udc3e<strong> Losos kao glavni izvor proteina \u2013 lako svarljiv i bogat omega-3 masnim kiselinama<\/strong><br \/>\n<strong>\ud83d\udc3e Formulisano za starije pse srednjih i velikih rasa (7+ godina)<\/strong><br \/>\n<strong>\ud83d\udc3e Podr\u017eava zdravlje zglobova, ko\u017ee, srca i kognitivnih funkcija<\/strong><br \/>\n<strong>\ud83d\udc3e Bez p\u0161enice \u2013 pogodna za pse sa osetljivom probavom<\/strong><br \/>\n\ud83d\udce6 Pakovanje od 12kg \u2013 prakti\u010dno i ekonomi\u010dno re\u0161enje za dugotrajnu ishranu<\/p>\n<p>Kako psi stare, njihove nutritivne potrebe se menjaju. Trainer Sensi Mature sa lososom nudi ciljanu podr\u0161ku vitalnosti i zdravlju starijih pasa, uz odli\u010dnu podno\u0161ljivost i prepoznatljiv kvalitet.<\/p>\n<p><strong>Poru\u010dite odmah i obezbedite svom psu zdravu i udobnu starost kroz ishranu koja prati njegove godine!<\/strong><\/p>\n<p>&nbsp;<\/p>","protected":false},"featured_media":17397,"comment_status":"open","ping_status":"closed","template":"","meta":{"_acf_changed":false},"product_brand":[],"product_cat":[27,31,30,71],"product_tag":[],"class_list":{"0":"post-3473","1":"product","2":"type-product","3":"status-publish","4":"has-post-thumbnail","6":"product_cat-akcija","7":"product_cat-granule-za-pse","8":"product_cat-hrana-za-pse","9":"product_cat-trainer-hrana-za-pse","11":"first","12":"instock","13":"taxable","14":"shipping-taxable","15":"purchasable","16":"product-type-simple"},"acf":[],"seolaxy_ctr_woo_product_custom_meta_description_content":"","_links":{"self":[{"href":"https:\/\/www.happydog-club.com\/en\/wp-json\/wp\/v2\/product\/3473","targetHints":{"allow":["GET"]}}],"collection":[{"href":"https:\/\/www.happydog-club.com\/en\/wp-json\/wp\/v2\/product"}],"about":[{"href":"https:\/\/www.happydog-club.com\/en\/wp-json\/wp\/v2\/types\/product"}],"replies":[{"embeddable":true,"href":"https:\/\/www.happydog-club.com\/en\/wp-json\/wp\/v2\/comments?post=3473"}],"version-history":[{"count":3,"href":"https:\/\/www.happydog-club.com\/en\/wp-json\/wp\/v2\/product\/3473\/revisions"}],"predecessor-version":[{"id":22732,"href":"https:\/\/www.happydog-club.com\/en\/wp-json\/wp\/v2\/product\/3473\/revisions\/22732"}],"wp:featuredmedia":[{"embeddable":true,"href":"https:\/\/www.happydog-club.com\/en\/wp-json\/wp\/v2\/media\/17397"}],"wp:attachment":[{"href":"https:\/\/www.happydog-club.com\/en\/wp-json\/wp\/v2\/media?parent=3473"}],"wp:term":[{"taxonomy":"product_brand","embeddable":true,"href":"https:\/\/www.happydog-club.com\/en\/wp-json\/wp\/v2\/product_brand?post=3473"},{"taxonomy":"product_cat","embeddable":true,"href":"https:\/\/www.happydog-club.com\/en\/wp-json\/wp\/v2\/product_cat?post=3473"},{"taxonomy":"product_tag","embeddable":true,"href":"https:\/\/www.happydog-club.com\/en\/wp-json\/wp\/v2\/product_tag?post=3473"}],"curies":[{"name":"wp","href":"https:\/\/api.w.org\/{rel}","templated":true}]}}