{"id":416,"date":"2024-11-06T02:45:51","date_gmt":"2024-11-06T01:45:51","guid":{"rendered":"https:\/\/www.happydog-club.com\/?post_type=product&#038;p=416"},"modified":"2026-05-17T12:00:11","modified_gmt":"2026-05-17T10:00:11","slug":"schesir-mini-adult-piletina-800g","status":"publish","type":"product","link":"https:\/\/www.happydog-club.com\/en\/p\/schesir-mini-adult-piletina-800g\/","title":{"rendered":"SCHESIR MINI ADULT PILETINA 800G"},"content":{"rendered":"<p class=\"hdopro\">SCHESIR suva hrana za odrasle pse malih rasa.<br \/>\nMonoproteinska &#8211; sadr\u017ei samo jedan izvor visoko-svarljivih proteina (piletina) i izvor masti (purifikovana mast) koja je ekstremno \u010dista i zdrava.<br \/>\nPrebiotska aktivnost &#8211; kvasac zajedno sa FOS (fruktooligo-saharidi) imaju i prebiotsku funkciju tj. obezbe\u0111uju maksimalnu asimilaciju nutritijenata iz hrane u digestivnom traktu odraslih pasa.<br \/>\nSa antioksidansima- kvasac zajedno sa Omega 3 i Omega 6 iz prirodnih izvora, garantuju zdravlje ko\u017ee i sjajnu dlaku, a zajedno sa anti-oksidantima (vit. C i vit. E), poma\u017eu organizmu u borbi protiv slobodnih radikala i stimuli\u0161u aktivnost i podma\u0111ivanje organizma psa.<\/p>\n<p class=\"hdopro\"><strong>SASTAV:<\/strong><br \/>\n27% dehidrirana piletina, kukuruz, pirina\u010d 19%, pro\u010di\u0161\u0107ena \u017eivotinjska mast, je\u010dam, kukuruzni gluten, pulpa cvekle, 1% fruktooligosaharidi ( FOS ), 01% ulje suncokreta, pivski kvasac, su\u0161ena jaja i proizvodi od su\u0161enih jaja, kalcijum fosfat, kalijum fosfat, natrijum hlorid, 0,1% juka, 0,03% dehidrirane aromati\u010dne biljke ( gro\u017e\u0111e, citrusi, deteline, kurkuma, ruzmarin )<\/p>\n<p class=\"hdopro\"><strong>ANALITI\u010cKI SASTAV:<\/strong><br \/>\nSirovi proteini 26% Sirova ulja i masti 16% Sirova vlakna 2,8% Sirovi pepeo 6,5% Kalcijum 1,1% Fosfor 0,8% Magnezijum 0,2% Natrijum 0,38% Kalijum 0,6% Vlaga 10% Omega 6 1,9% Omega 3 0,35%<\/p>","protected":false},"excerpt":{"rendered":"<p>SCHESIR suva hrana za odrasle pse malih rasa. Monoproteinska &#8211; sadr\u017ei samo jedan izvor visoko-svarljivih proteina (piletina) i izvor masti (purifikovana mast) koja je ekstremno \u010dista i zdrava. Prebiotska aktivnost &#8211; kvasac zajedno sa FOS (fruktooligo-saharidi) imaju i prebiotsku funkciju tj. obezbe\u0111uju maksimalnu asimilaciju nutritijenata iz hrane u digestivnom traktu odraslih pasa. Sa antioksidansima- kvasac [&hellip;]<\/p>\n","protected":false},"featured_media":17253,"comment_status":"open","ping_status":"closed","template":"","meta":{"_acf_changed":false},"product_brand":[],"product_cat":[31,30],"product_tag":[],"class_list":{"0":"post-416","1":"product","2":"type-product","3":"status-publish","4":"has-post-thumbnail","6":"product_cat-granule-za-pse","7":"product_cat-hrana-za-pse","9":"first","10":"instock","11":"purchasable","12":"product-type-simple"},"acf":[],"seolaxy_ctr_woo_product_custom_meta_description_content":"","_links":{"self":[{"href":"https:\/\/www.happydog-club.com\/en\/wp-json\/wp\/v2\/product\/416","targetHints":{"allow":["GET"]}}],"collection":[{"href":"https:\/\/www.happydog-club.com\/en\/wp-json\/wp\/v2\/product"}],"about":[{"href":"https:\/\/www.happydog-club.com\/en\/wp-json\/wp\/v2\/types\/product"}],"replies":[{"embeddable":true,"href":"https:\/\/www.happydog-club.com\/en\/wp-json\/wp\/v2\/comments?post=416"}],"version-history":[{"count":1,"href":"https:\/\/www.happydog-club.com\/en\/wp-json\/wp\/v2\/product\/416\/revisions"}],"predecessor-version":[{"id":19639,"href":"https:\/\/www.happydog-club.com\/en\/wp-json\/wp\/v2\/product\/416\/revisions\/19639"}],"wp:featuredmedia":[{"embeddable":true,"href":"https:\/\/www.happydog-club.com\/en\/wp-json\/wp\/v2\/media\/17253"}],"wp:attachment":[{"href":"https:\/\/www.happydog-club.com\/en\/wp-json\/wp\/v2\/media?parent=416"}],"wp:term":[{"taxonomy":"product_brand","embeddable":true,"href":"https:\/\/www.happydog-club.com\/en\/wp-json\/wp\/v2\/product_brand?post=416"},{"taxonomy":"product_cat","embeddable":true,"href":"https:\/\/www.happydog-club.com\/en\/wp-json\/wp\/v2\/product_cat?post=416"},{"taxonomy":"product_tag","embeddable":true,"href":"https:\/\/www.happydog-club.com\/en\/wp-json\/wp\/v2\/product_tag?post=416"}],"curies":[{"name":"wp","href":"https:\/\/api.w.org\/{rel}","templated":true}]}}