{"id":530,"date":"2024-11-06T02:46:01","date_gmt":"2024-11-06T01:46:01","guid":{"rendered":"https:\/\/www.happydog-club.com\/?post_type=product&#038;p=530"},"modified":"2026-05-17T12:00:16","modified_gmt":"2026-05-17T10:00:16","slug":"orijen-small-breed-adult-1-8kg","status":"publish","type":"product","link":"https:\/\/www.happydog-club.com\/en\/p\/orijen-small-breed-adult-1-8kg\/","title":{"rendered":"ORIJEN SMALL BREED ADULT 1.8KG"},"content":{"rendered":"<p class=\"hdopro\">Orijen small breed adult je posebno formulisana hrana za pse malih rasa. Obezbedi\u0107e va\u0161em psu sve prehrambene i biolo\u0161ke potrebe.<\/p>\n<p class=\"hdopro\"><strong>SASTAV:<\/strong><br \/>\nSve\u017ee \u010dure\u010de meso (15%), sve\u017ee pile\u0107e meso (13%), sirovo prepeli\u010dje meso (4%), sve\u017ea jaja iz slobodnog uzgoja (4%), sirova celovita riba (4%), sirova celovita haringa (4%), sve\u017ea \u0107ure\u0107a jetra (4%), sve\u017ea pile\u0107a jetra (4%), sve\u017ee \u0107ure\u0107e srce (4%), sve\u017ee pile\u0107e srce (4%), dehidrirano \u0107ure\u0107e meso (4%), dehidrirano pile\u0107e meso (4%), dehidrirana haringa (4%), dehidrirana pile\u0107a jetra (4%), dehidrirano jaje (4%), cijela crvena le\u0107a, celi grah pinto, cela zelena le\u0107a, pile\u0107a masno\u0107a (3%), celoviti mornarski grah, celi slanutak, vlakno le\u0107e, celo gra\u0161ak, \u0107ure\u0107a hrskavica (0,5%), pile\u0107a hrskavica (0,5%), ulje poljaka (0,5%), liofilizirana pile\u0107a jetra (0,5%), novozelandske zelene dagnje, sve\u017ea tikva od bundeve, sve\u017ea cela bu\u010da, sol, sve\u017ea jabuke, sve\u017ea mrkva, sve\u017ee kru\u0161ke, sve\u017ee tikvice, korijen cikorije, sve\u017ee zelje cikle, sve\u017ei kelj, sve\u017ei \u0161pinat, sve\u017ee zelje repe, sve\u017ea cijela borovnica, sve\u017ea cijela brusnica, sve\u017ea cijela bobica saskatoon-a, korijen \u010di\u010dka, lavanda, korijen bijelog sljeza, mlijeko \u010di\u010dka, \u0161ipak, kurkuma korijen. DODACI (po kg) Tehnolo\u0161ki dodaci: S prirodnim antioksidansima. Prehrambeni aditivi: cinkov helat aminokiselinskog hidrata, cink: 120 mg, vitamin B1: 20 mg, vitamin B5: 10 mg, vitamin E: 90 IU, bakreni (II) helat aminokiselinskog hidrata, bakar: 11 mg, zootehni\u010dki aditivi : Enterococcus faecium NCIMB10415: 600 \u00d7 10 ^ 6CFU.<\/p>\n<p class=\"hdopro\"><strong>ANALITI\u010cKI SASTAV:<\/strong><br \/>\nSirovi proteini 39%Sadr\u017eaj masti 18%Sirova vlakna 4%Sirovi pepeo 9%Vlaga 10%Kalcijum 1,2%Fosfor 0,9%Omega-6 FA 2,8%Omega-3 FA 0,5%DHA 0,2%EPA 0,2%Glukozamin 800 mg \/ kgHondroitin 700 mg \/ kg<\/p>","protected":false},"excerpt":{"rendered":"<p>Orijen small breed adult je posebno formulisana hrana za pse malih rasa. Obezbedi\u0107e va\u0161em psu sve prehrambene i biolo\u0161ke potrebe. SASTAV: Sve\u017ee \u010dure\u010de meso (15%), sve\u017ee pile\u0107e meso (13%), sirovo prepeli\u010dje meso (4%), sve\u017ea jaja iz slobodnog uzgoja (4%), sirova celovita riba (4%), sirova celovita haringa (4%), sve\u017ea \u0107ure\u0107a jetra (4%), sve\u017ea pile\u0107a jetra (4%), [&hellip;]<\/p>\n","protected":false},"featured_media":17251,"comment_status":"open","ping_status":"closed","template":"","meta":{"_acf_changed":false},"product_brand":[],"product_cat":[31,30,36],"product_tag":[],"class_list":{"0":"post-530","1":"product","2":"type-product","3":"status-publish","4":"has-post-thumbnail","6":"product_cat-granule-za-pse","7":"product_cat-hrana-za-pse","8":"product_cat-orijen-hrana-za-pse","10":"first","11":"instock","12":"purchasable","13":"product-type-simple"},"acf":[],"seolaxy_ctr_woo_product_custom_meta_description_content":"","_links":{"self":[{"href":"https:\/\/www.happydog-club.com\/en\/wp-json\/wp\/v2\/product\/530","targetHints":{"allow":["GET"]}}],"collection":[{"href":"https:\/\/www.happydog-club.com\/en\/wp-json\/wp\/v2\/product"}],"about":[{"href":"https:\/\/www.happydog-club.com\/en\/wp-json\/wp\/v2\/types\/product"}],"replies":[{"embeddable":true,"href":"https:\/\/www.happydog-club.com\/en\/wp-json\/wp\/v2\/comments?post=530"}],"version-history":[{"count":1,"href":"https:\/\/www.happydog-club.com\/en\/wp-json\/wp\/v2\/product\/530\/revisions"}],"predecessor-version":[{"id":19685,"href":"https:\/\/www.happydog-club.com\/en\/wp-json\/wp\/v2\/product\/530\/revisions\/19685"}],"wp:featuredmedia":[{"embeddable":true,"href":"https:\/\/www.happydog-club.com\/en\/wp-json\/wp\/v2\/media\/17251"}],"wp:attachment":[{"href":"https:\/\/www.happydog-club.com\/en\/wp-json\/wp\/v2\/media?parent=530"}],"wp:term":[{"taxonomy":"product_brand","embeddable":true,"href":"https:\/\/www.happydog-club.com\/en\/wp-json\/wp\/v2\/product_brand?post=530"},{"taxonomy":"product_cat","embeddable":true,"href":"https:\/\/www.happydog-club.com\/en\/wp-json\/wp\/v2\/product_cat?post=530"},{"taxonomy":"product_tag","embeddable":true,"href":"https:\/\/www.happydog-club.com\/en\/wp-json\/wp\/v2\/product_tag?post=530"}],"curies":[{"name":"wp","href":"https:\/\/api.w.org\/{rel}","templated":true}]}}