{"id":585,"date":"2024-11-06T02:46:06","date_gmt":"2024-11-06T01:46:06","guid":{"rendered":"https:\/\/www.happydog-club.com\/?post_type=product&#038;p=585"},"modified":"2026-05-17T12:00:18","modified_gmt":"2026-05-17T10:00:18","slug":"acana-hrana-za-macke-bountiful-catch-1-8kg","status":"publish","type":"product","link":"https:\/\/www.happydog-club.com\/en\/p\/acana-hrana-za-macke-bountiful-catch-1-8kg\/","title":{"rendered":"ACANA HRANA ZA MA\u010cKE BOUNTIFUL CATCH 1.8KG"},"content":{"rendered":"<p class=\"hdopro\"><strong>Acana hrana za ma\u010dke Bountiful Catch<\/strong><\/p>\n<p data-start=\"533\" data-end=\"907\">Inspirisana prirodnom prehranom ma\u010daka, <strong data-start=\"573\" data-end=\"598\">Acana Bountiful Catch<\/strong> je bogata visokokvalitetnim ribljim proteinima iz <strong data-start=\"649\" data-end=\"679\">lososa, haringe i pastrmke<\/strong>, koji obezbe\u0111uju esencijalne aminokiseline za zdravlje i snagu va\u0161e ma\u010dke. Ova WholePrey\u2122 receptura sadr\u017ei <strong data-start=\"787\" data-end=\"815\">meso, organe i hrskavicu<\/strong>, pru\u017eaju\u0107i sve hranljive materije na prirodan na\u010din, bez potrebe za sinteti\u010dkim dodacima.<\/p>\n<h3 data-start=\"909\" data-end=\"956\"><strong data-start=\"913\" data-end=\"954\">Za\u0161to odabrati Acana Bountiful Catch?<\/strong><\/h3>\n<p data-start=\"957\" data-end=\"1245\">\ud83d\udc3e <strong data-start=\"960\" data-end=\"1003\">Visok sadr\u017eaj proteina za sna\u017ene mi\u0161i\u0107e<\/strong><br data-start=\"1003\" data-end=\"1006\" \/>\ud83d\udc3e <strong data-start=\"1009\" data-end=\"1075\">Omega-3 i omega-6 masne kiseline za zdravu ko\u017eu i sjajnu dlaku<\/strong><br data-start=\"1075\" data-end=\"1078\" \/>\ud83d\udc3e <strong data-start=\"1081\" data-end=\"1140\">Prirodni prebiotici i vlakna za zdrav digestivni sistem<\/strong><br data-start=\"1140\" data-end=\"1143\" \/>\ud83d\udc3e <strong data-start=\"1146\" data-end=\"1192\">Bez \u017eitarica, ve\u0161ta\u010dkih boja i konzervansa<\/strong><br data-start=\"1192\" data-end=\"1195\" \/>\ud83d\udc3e <strong data-start=\"1198\" data-end=\"1243\">Neodoljiv ukus ribe koji ma\u010dke obo\u017eavaju!<\/strong><\/p>\n<p class=\"hdopro\"><strong>COMPOSITION:<\/strong><br \/>\nLosos, bra\u0161no od lososa, ovsena ka\u0161a, ceo gra\u0161ak, mast od soma, celazrna\u00a0 zelenog so\u010diva, cela haringa, cela leblebija, som, prirodni ukus lososa, so\u010diva, suncokretovo ulje, kalifornijska pastrmka, lososovo ulje, cele brusnice, su\u0161ena alga, holin hlorid, cinkov proteinat, me\u0161ani tokoferoli (konzervans),ekstrakt ruzmarina, su\u0161eni proizvod fermentacije Lactobacillus acidophilus, su\u0161eni proizvod fermentacije Bifidobacterium animalis, su\u0161eni proizvod fermentacije Lactobacillus casei.<\/p>\n<p class=\"hdopro\"><strong>Vitamini<\/strong>: Vitamin E, Taurin, Vitamin D3, vitamin A acetat, L-karnitin, DL-metionin, bakarni proteinat, niacin, tiamin mononitrat, riboflavin, kalcijum pantotenat, piridoksin hidrohlorid, folna kiselina, dodatak vitamina B12, biotin, askorbinska kiselina (vitamin C), limunska kiselina (konzervans)<\/p>\n<p class=\"hdopro\"><strong>ANALYTICAL COMPOSITION:<\/strong><br \/>\nSirovi proteini (min.) 33%, sirove masti (min.) 16%, sirova vlakna (maks.) 4%, vlaga (maks.) 10%, dijetetski skrob (maks.) 18%, \u0161ec\u0301eri (maks.) 1,2 %, EPA (eikozapentaenojska kiselina) (min.) 0,2%, DHA (dokozaheksaenojska kiselina) (min.) 0,28%, kalcijum (min.) 2%, fosfor (min.) 1,4%, magnezijum (min.) 0,1%, Taurin (min.) 0,1%, Omega-3 masne kiseline (min.) 0,8%, Omega-6 masne kiseline (min.) 2,5%<\/p>","protected":false},"excerpt":{"rendered":"<p data-start=\"23\" data-end=\"426\">\ud83d\udc1f <strong data-start=\"26\" data-end=\"69\">Savr\u0161ena hrana za ma\u010dke koje vole ribu!<\/strong> Acana Bountiful Catch je bogata <strong data-start=\"102\" data-end=\"141\">sve\u017eom i sirovom lososom i haringom<\/strong>, pru\u017eaju\u0107i visok sadr\u017eaj proteina za sna\u017ene mi\u0161i\u0107e i vitalnost. Omega-3 i omega-6 masne kiseline iz ribe podr\u017eavaju <strong data-start=\"258\" data-end=\"290\">zdravlje ko\u017ee i sjajnu dlaku<\/strong>, dok prirodni prebiotici brinu o varenju. <strong data-start=\"333\" data-end=\"424\">Bez \u017eitarica, ve\u0161ta\u010dkih dodataka i punila \u2013 samo prirodni sastojci vrhunskog kvaliteta!<\/strong><\/p>","protected":false},"featured_media":16486,"comment_status":"open","ping_status":"closed","template":"","meta":{"_acf_changed":false},"product_brand":[],"product_cat":[58,38,37],"product_tag":[],"class_list":{"0":"post-585","1":"product","2":"type-product","3":"status-publish","4":"has-post-thumbnail","6":"product_cat-acana-hrana-za-macke","7":"product_cat-granule-za-macke","8":"product_cat-hrana-za-macke","10":"first","11":"instock","12":"purchasable","13":"product-type-simple"},"acf":[],"seolaxy_ctr_woo_product_custom_meta_description_content":"","_links":{"self":[{"href":"https:\/\/www.happydog-club.com\/en\/wp-json\/wp\/v2\/product\/585","targetHints":{"allow":["GET"]}}],"collection":[{"href":"https:\/\/www.happydog-club.com\/en\/wp-json\/wp\/v2\/product"}],"about":[{"href":"https:\/\/www.happydog-club.com\/en\/wp-json\/wp\/v2\/types\/product"}],"replies":[{"embeddable":true,"href":"https:\/\/www.happydog-club.com\/en\/wp-json\/wp\/v2\/comments?post=585"}],"version-history":[{"count":2,"href":"https:\/\/www.happydog-club.com\/en\/wp-json\/wp\/v2\/product\/585\/revisions"}],"predecessor-version":[{"id":19712,"href":"https:\/\/www.happydog-club.com\/en\/wp-json\/wp\/v2\/product\/585\/revisions\/19712"}],"wp:featuredmedia":[{"embeddable":true,"href":"https:\/\/www.happydog-club.com\/en\/wp-json\/wp\/v2\/media\/16486"}],"wp:attachment":[{"href":"https:\/\/www.happydog-club.com\/en\/wp-json\/wp\/v2\/media?parent=585"}],"wp:term":[{"taxonomy":"product_brand","embeddable":true,"href":"https:\/\/www.happydog-club.com\/en\/wp-json\/wp\/v2\/product_brand?post=585"},{"taxonomy":"product_cat","embeddable":true,"href":"https:\/\/www.happydog-club.com\/en\/wp-json\/wp\/v2\/product_cat?post=585"},{"taxonomy":"product_tag","embeddable":true,"href":"https:\/\/www.happydog-club.com\/en\/wp-json\/wp\/v2\/product_tag?post=585"}],"curies":[{"name":"wp","href":"https:\/\/api.w.org\/{rel}","templated":true}]}}