{"id":688,"date":"2024-11-06T02:46:16","date_gmt":"2024-11-06T01:46:16","guid":{"rendered":"https:\/\/www.happydog-club.com\/?post_type=product&#038;p=688"},"modified":"2026-05-17T12:00:20","modified_gmt":"2026-05-17T10:00:20","slug":"essential-the-panther-hrana-za-sterilisane-mace-1-5kg","status":"publish","type":"product","link":"https:\/\/www.happydog-club.com\/en\/p\/essential-the-panther-hrana-za-sterilisane-mace-1-5kg\/","title":{"rendered":"ESSENTIAL THE PANTHER HRANA ZA STERILISANE MACE 1.5KG"},"content":{"rendered":"<p class=\"hdopro\">Essential The Panther je kompletna hrana bez \u017eitarica posebno prilago\u0111ena ishrani ma\u010daka koje \u017eive na dva specifi\u010dna na\u010dina i jednog posebnog \u017eivotnog doba. U nastavku teksta \u0107e te otkriti za\u0161to je ba\u0161 ova hrana idealna za ishranu Va\u0161e ma\u010dke i kako joj mo\u017ee pomo\u0107i da kvalitet \u017eivota podigne na najvi\u0161i nivo. To je upravo ono \u0161to mi u Essential Foods-u poku\u0161avamo da postignemo sa svakom ma\u010dkom kojoj ponosno serviramo na\u0161e obroke.1. Sterilisane\/kastrirane ma\u010dkeThe Panhter je posebno formulisan kako bi odr\u017eavao nizak PH urina ma\u010dke i na taj na\u010din pomogao odr\u017eavanju zdravlja urinarnog trakta. Ovo je posebno va\u017eno nakon sterilizacije. Sterilizacija mo\u017ee dovesti do poreme\u0107aja metabolizma ili pove\u0107anog apetita \u0161to dovodi do prekomerne te\u017eine. The Panther je napravljen imaju\u0107i ove \u010dinjenice u vidu.Obavezno konsultujte odgovornog veterinara ukoliko Va\u0161a ma\u010dka ima hroni\u010dne urinarne probleme.2. Ku\u0107ne ma\u010dke\/Neaktivne ma\u010dke\/Gojazne ma\u010dkeKu\u0107ne ma\u010dke ne pate uvek od vi\u0161ka telesne te\u017eine. Daleko od toga. Ali ako manjak fizi\u010dkih aktivnosti dovodi do prekomerne te\u017eine ili postoji potreba za smanjenjem iste The Panther je re\u0161enje za Vas. Sadr\u017ei manje masti u odnosu na The Jaguar i sadr\u017ei sastojke koje poma\u017eu ma\u010dkama da imaju optimalno zdravlje poput pulpe repe i celuloze koja poma\u017ee izbacivanje kuglica dlaka iz digestivnog trakta. 3. Starije ma\u010dke ( 7+ godina )Kako ma\u010dke stare, neke nutritivne potrebe se menjaju. Preporu\u010dujemo ishranu The Panther-om sve do momenta dok Va\u0161a ma\u010dka ne po\u010dne da dobija vi\u0161ak telesne te\u017eine. The Panther osigurava manji unos kalorija a dodati L-karnitin osigurava br\u017ee varenje masti i poma\u017ee Va\u0161oj ma\u010dki da lak\u0161e pre\u0111e u smireniju fazu \u017eivota.Bez obzira na na\u010din \u017eivota ili starost Va\u0161e ma\u010dke, ona \u0107e u\u017eivati u ukusu ove hrane napravljene od obilja plodova mora. The Panther je sve ono \u0161to i o\u010dekujete od Essential Foods-a.<\/p>\n<p class=\"hdopro\"><strong>SASTAV:<\/strong><br \/>losos i bela riba 70% ( od \u010dega je 30% sve\u017ea riba ), <\/p>\n<p class=\"hdopro\"> <strong>ANALITI\u010cKI SASTAV:<\/strong><br \/> sirovi prteini 44%, sirove masti 12% ( od \u010dega Omeg 3 3,4%, Omega 6 0,9% ), minerali\/sirovi pepeo 8,5%, voda 5%, vlakna 4,5%, kalcijum 1,9%, fosfor 1,5%, glukozamin 0,018%, hrondoitin 0,012%<\/p>","protected":false},"excerpt":{"rendered":"<p>Essential The Panther je kompletna hrana bez \u017eitarica posebno prilago\u0111ena ishrani ma\u010daka koje \u017eive na dva specifi\u010dna na\u010dina i jednog posebnog \u017eivotnog doba. U nastavku teksta \u0107e te otkriti za\u0161to je ba\u0161 ova hrana idealna za ishranu Va\u0161e ma\u010dke i kako joj mo\u017ee pomo\u0107i da kvalitet \u017eivota podigne na najvi\u0161i nivo. To je upravo ono [&hellip;]<\/p>\n","protected":false},"featured_media":717,"comment_status":"open","ping_status":"closed","template":"","meta":{"_acf_changed":false},"product_brand":[],"product_cat":[100,38,37],"product_tag":[],"class_list":{"0":"post-688","1":"product","2":"type-product","3":"status-publish","4":"has-post-thumbnail","6":"product_cat-essential-hrana-za-macke","7":"product_cat-granule-za-macke","8":"product_cat-hrana-za-macke","10":"first","11":"instock","12":"purchasable","13":"product-type-simple"},"acf":[],"seolaxy_ctr_woo_product_custom_meta_description_content":"","_links":{"self":[{"href":"https:\/\/www.happydog-club.com\/en\/wp-json\/wp\/v2\/product\/688","targetHints":{"allow":["GET"]}}],"collection":[{"href":"https:\/\/www.happydog-club.com\/en\/wp-json\/wp\/v2\/product"}],"about":[{"href":"https:\/\/www.happydog-club.com\/en\/wp-json\/wp\/v2\/types\/product"}],"replies":[{"embeddable":true,"href":"https:\/\/www.happydog-club.com\/en\/wp-json\/wp\/v2\/comments?post=688"}],"version-history":[{"count":1,"href":"https:\/\/www.happydog-club.com\/en\/wp-json\/wp\/v2\/product\/688\/revisions"}],"predecessor-version":[{"id":19758,"href":"https:\/\/www.happydog-club.com\/en\/wp-json\/wp\/v2\/product\/688\/revisions\/19758"}],"wp:featuredmedia":[{"embeddable":true,"href":"https:\/\/www.happydog-club.com\/en\/wp-json\/wp\/v2\/media\/717"}],"wp:attachment":[{"href":"https:\/\/www.happydog-club.com\/en\/wp-json\/wp\/v2\/media?parent=688"}],"wp:term":[{"taxonomy":"product_brand","embeddable":true,"href":"https:\/\/www.happydog-club.com\/en\/wp-json\/wp\/v2\/product_brand?post=688"},{"taxonomy":"product_cat","embeddable":true,"href":"https:\/\/www.happydog-club.com\/en\/wp-json\/wp\/v2\/product_cat?post=688"},{"taxonomy":"product_tag","embeddable":true,"href":"https:\/\/www.happydog-club.com\/en\/wp-json\/wp\/v2\/product_tag?post=688"}],"curies":[{"name":"wp","href":"https:\/\/api.w.org\/{rel}","templated":true}]}}