{"id":701,"date":"2024-11-06T02:46:16","date_gmt":"2024-11-06T01:46:16","guid":{"rendered":"https:\/\/www.happydog-club.com\/?post_type=product&#038;p=701"},"modified":"2026-05-17T00:00:04","modified_gmt":"2026-05-16T22:00:04","slug":"royal-canin-za-majku-i-macice-400g","status":"publish","type":"product","link":"https:\/\/www.happydog-club.com\/en\/p\/royal-canin-za-majku-i-macice-400g\/","title":{"rendered":"RC BABYCAT 400 GR"},"content":{"rendered":"<p>HDC<\/p>","protected":false},"excerpt":{"rendered":"<p class=\"\" data-start=\"451\" data-end=\"511\">Oboga\u0107eno DHA kiselinom za razvoj mozga i vida kod ma\u010di\u0107a<\/p>\n<p class=\"\" data-start=\"513\" data-end=\"565\">\u200bPatentirani kompleks antioksidanata ja\u010da imunitet<\/p>\n<p class=\"\" data-start=\"567\" data-end=\"632\">\u200bGranule koje se lako rehidriraju \u2013 savr\u0161ene za prelaz sa mleka<\/p>\n<p class=\"\" data-start=\"634\" data-end=\"690\">\u200bVisok sadr\u017eaj proteina i prebiotika za zdravu probavu<\/p>\n<p class=\"\" data-start=\"692\" data-end=\"741\">\u200bNutritivna podr\u0161ka gravidnim i doje\u0107im ma\u010dkama<\/p>\n<p class=\"\" data-start=\"743\" data-end=\"818\">\u200bPakovanje od 400g \u2013 idealno za svakodnevnu upotrebu i odr\u017eavanje sve\u017eine<\/p>\n<p class=\"\" data-start=\"820\" data-end=\"943\">ROYAL CANIN Mother &amp; Babycat je savr\u0161ena hrana za ma\u010di\u0107e u uzrastu od 1\u20134 meseca i njihove mame tokom trudno\u0107e i laktacije.<\/p>\n<p class=\"\" data-start=\"945\" data-end=\"1011\"><strong data-start=\"945\" data-end=\"1011\">Poru\u010dite odmah i pru\u017eite najbolji mogu\u0107i po\u010detak novom \u017eivotu!<\/strong><\/p>","protected":false},"featured_media":16564,"comment_status":"open","ping_status":"closed","template":"","meta":{"_acf_changed":false},"product_brand":[],"product_cat":[485,484],"product_tag":[],"class_list":{"0":"post-701","1":"product","2":"type-product","3":"status-publish","4":"has-post-thumbnail","6":"product_cat-hrana-za-mace","7":"product_cat-royal-vet","9":"first","10":"instock","11":"purchasable","12":"product-type-simple"},"acf":[],"seolaxy_ctr_woo_product_custom_meta_description_content":"","_links":{"self":[{"href":"https:\/\/www.happydog-club.com\/en\/wp-json\/wp\/v2\/product\/701","targetHints":{"allow":["GET"]}}],"collection":[{"href":"https:\/\/www.happydog-club.com\/en\/wp-json\/wp\/v2\/product"}],"about":[{"href":"https:\/\/www.happydog-club.com\/en\/wp-json\/wp\/v2\/types\/product"}],"replies":[{"embeddable":true,"href":"https:\/\/www.happydog-club.com\/en\/wp-json\/wp\/v2\/comments?post=701"}],"version-history":[{"count":3,"href":"https:\/\/www.happydog-club.com\/en\/wp-json\/wp\/v2\/product\/701\/revisions"}],"predecessor-version":[{"id":27174,"href":"https:\/\/www.happydog-club.com\/en\/wp-json\/wp\/v2\/product\/701\/revisions\/27174"}],"wp:featuredmedia":[{"embeddable":true,"href":"https:\/\/www.happydog-club.com\/en\/wp-json\/wp\/v2\/media\/16564"}],"wp:attachment":[{"href":"https:\/\/www.happydog-club.com\/en\/wp-json\/wp\/v2\/media?parent=701"}],"wp:term":[{"taxonomy":"product_brand","embeddable":true,"href":"https:\/\/www.happydog-club.com\/en\/wp-json\/wp\/v2\/product_brand?post=701"},{"taxonomy":"product_cat","embeddable":true,"href":"https:\/\/www.happydog-club.com\/en\/wp-json\/wp\/v2\/product_cat?post=701"},{"taxonomy":"product_tag","embeddable":true,"href":"https:\/\/www.happydog-club.com\/en\/wp-json\/wp\/v2\/product_tag?post=701"}],"curies":[{"name":"wp","href":"https:\/\/api.w.org\/{rel}","templated":true}]}}