{"id":703,"date":"2024-11-06T02:46:16","date_gmt":"2024-11-06T01:46:16","guid":{"rendered":"https:\/\/www.happydog-club.com\/?post_type=product&#038;p=703"},"modified":"2026-05-17T00:00:04","modified_gmt":"2026-05-16T22:00:04","slug":"royal-canin-oral-care-400g","status":"publish","type":"product","link":"https:\/\/www.happydog-club.com\/en\/p\/royal-canin-oral-care-400g\/","title":{"rendered":"RC ORAL CARE 400 GR"},"content":{"rendered":"<p>HDC<\/p>","protected":false},"excerpt":{"rendered":"<p class=\"\" data-start=\"138\" data-end=\"209\">Granule specijalnog oblika i teksture poma\u017eu mehani\u010dko \u010di\u0161\u0107enje zuba<\/p>\n<p class=\"\" data-start=\"211\" data-end=\"292\">\u200bSadr\u017ei natrijum polifosfate koji vezuju kalcijum i smanjuju formiranje kamenca<\/p>\n<p class=\"\" data-start=\"294\" data-end=\"353\">\u200bVidljivo smanjenje zubnog kamenca nakon 28 dana upotrebe<\/p>\n<p class=\"\" data-start=\"355\" data-end=\"392\">\u200bPodr\u017eava sve\u017e dah i zdravlje desni<\/p>\n<p class=\"\" data-start=\"394\" data-end=\"459\">\u200bVisok sadr\u017eaj proteina doprinosi op\u0161tem zdravlju odrasle ma\u010dke<\/p>\n<p class=\"\" data-start=\"461\" data-end=\"536\">\u200bPakovanje od 400g \u2013 idealno za svakodnevnu upotrebu i odr\u017eavanje sve\u017eine<\/p>\n<p class=\"\" data-start=\"538\" data-end=\"640\">ROYAL CANIN Oral Care je savr\u0161en izbor za ma\u010dke koje imaju problema sa nakupljanjem kamenca i zadahom.<\/p>\n<p class=\"\" data-start=\"642\" data-end=\"709\"><strong data-start=\"642\" data-end=\"709\">Poru\u010dite odmah i obezbedite svojoj ma\u010dki zdrav osmeh svaki dan!<\/strong><\/p>","protected":false},"featured_media":16575,"comment_status":"open","ping_status":"closed","template":"","meta":{"_acf_changed":false},"product_brand":[],"product_cat":[485,484],"product_tag":[],"class_list":{"0":"post-703","1":"product","2":"type-product","3":"status-publish","4":"has-post-thumbnail","6":"product_cat-hrana-za-mace","7":"product_cat-royal-vet","9":"first","10":"instock","11":"purchasable","12":"product-type-simple"},"acf":[],"seolaxy_ctr_woo_product_custom_meta_description_content":"","_links":{"self":[{"href":"https:\/\/www.happydog-club.com\/en\/wp-json\/wp\/v2\/product\/703","targetHints":{"allow":["GET"]}}],"collection":[{"href":"https:\/\/www.happydog-club.com\/en\/wp-json\/wp\/v2\/product"}],"about":[{"href":"https:\/\/www.happydog-club.com\/en\/wp-json\/wp\/v2\/types\/product"}],"replies":[{"embeddable":true,"href":"https:\/\/www.happydog-club.com\/en\/wp-json\/wp\/v2\/comments?post=703"}],"version-history":[{"count":3,"href":"https:\/\/www.happydog-club.com\/en\/wp-json\/wp\/v2\/product\/703\/revisions"}],"predecessor-version":[{"id":27211,"href":"https:\/\/www.happydog-club.com\/en\/wp-json\/wp\/v2\/product\/703\/revisions\/27211"}],"wp:featuredmedia":[{"embeddable":true,"href":"https:\/\/www.happydog-club.com\/en\/wp-json\/wp\/v2\/media\/16575"}],"wp:attachment":[{"href":"https:\/\/www.happydog-club.com\/en\/wp-json\/wp\/v2\/media?parent=703"}],"wp:term":[{"taxonomy":"product_brand","embeddable":true,"href":"https:\/\/www.happydog-club.com\/en\/wp-json\/wp\/v2\/product_brand?post=703"},{"taxonomy":"product_cat","embeddable":true,"href":"https:\/\/www.happydog-club.com\/en\/wp-json\/wp\/v2\/product_cat?post=703"},{"taxonomy":"product_tag","embeddable":true,"href":"https:\/\/www.happydog-club.com\/en\/wp-json\/wp\/v2\/product_tag?post=703"}],"curies":[{"name":"wp","href":"https:\/\/api.w.org\/{rel}","templated":true}]}}